{"id":424629,"date":"2023-03-22T15:32:03","date_gmt":"2023-03-22T14:32:03","guid":{"rendered":"https:\/\/www.speedcube.nl\/unkategorisiert\/smartgames-glueckswuerfel-junior\/"},"modified":"2026-05-14T05:15:41","modified_gmt":"2026-05-14T03:15:41","slug":"smartgames-glueckswuerfel-junior","status":"publish","type":"product","link":"https:\/\/www.speedcube.nl\/de\/aanbieding-de\/smartgames-glueckswuerfel-junior\/","title":{"rendered":"Smartgames Gl\u00fccksw\u00fcrfel Junior"},"content":{"rendered":"<p>Happy Cube Junior ist f\u00fcr die J\u00fcngsten ab 4 Jahren und damit die einfachste Version der Happy Cube Familie. Auf jedem Puzzleteil ist ein anderes, leicht erkennbares Symbol abgebildet: eine tolle Anregung f\u00fcr die Sprachentwicklung! Au\u00dferdem wird das logische und kreative Denken auf spielerische Weise erweitert. Die R\u00e4tsel sind alle einzigartig und haben mehrere L\u00f6sungen. Aus jedem 2D-Puzzle kann man einen perfekten 4-cm-W\u00fcrfel formen. Puzzeln Sie zun\u00e4chst einen W\u00fcrfel mit den sechs Teilen und setzen Sie sie dann wieder in ihren Rahmen. Ein Genie bei der Herstellung der W\u00fcrfel? Gut gemacht! Nun ist es an der Zeit, alle W\u00fcrfel wieder in ihre Rahmen zu setzen. Und es gibt noch mehr&#8230; Du kannst alle Puzzles kombinieren und gro\u00dfe Strukturen bauen.<\/p>\n<p><strong>VORSICHT!<\/strong>  Es sind mehrere Farben erh\u00e4ltlich und es ist eine \u00dcberraschung, welche Farbe Sie erhalten.<\/p>\n","protected":false},"excerpt":{"rendered":"<p>SMARTGAMES<\/p>\n","protected":false},"featured_media":413985,"template":"","meta":{"_improvement_type_select":"improve_an_existing","_thumb_yes_seoaic":false,"_frame_yes_seoaic":false,"seoaic_generate_description":"","seoaic_improve_instructions_prompt":"","seoaic_rollback_content_improvement":"","seoaic_idea_thumbnail_generator":"","thumbnail_generated":false,"thumbnail_generate_prompt":"","seoaic_article_description":"","product-afmeting-lengte-mm":"","product-afmeting-breedte-mm":"","product-afmeting-hoogte-mm":""},"product_brand":[],"product_cat":[2558],"product_tag":[],"class_list":{"0":"post-424629","1":"product","2":"type-product","3":"status-publish","4":"has-post-thumbnail","6":"product_cat-aanbieding-de","7":"pa_merken-smartgames-de","9":"first","10":"instock","11":"sale","12":"taxable","13":"shipping-taxable","14":"purchasable","15":"product-type-simple"},"df_price":1.79,"df_sale_price":1.79,"df_regular_price":2.99,"df_image_link":"https:\/\/www.speedcube.nl\/wp-content\/uploads\/2023\/06\/Productvisuals_Breinbrekers-Smartgames-Happy-Cube-Junior-285x300.jpg","_links":{"self":[{"href":"https:\/\/www.speedcube.nl\/de\/wp-json\/wp\/v2\/product\/424629","targetHints":{"allow":["GET"]}}],"collection":[{"href":"https:\/\/www.speedcube.nl\/de\/wp-json\/wp\/v2\/product"}],"about":[{"href":"https:\/\/www.speedcube.nl\/de\/wp-json\/wp\/v2\/types\/product"}],"version-history":[{"count":0,"href":"https:\/\/www.speedcube.nl\/de\/wp-json\/wp\/v2\/product\/424629\/revisions"}],"wp:featuredmedia":[{"embeddable":true,"href":"https:\/\/www.speedcube.nl\/de\/wp-json\/wp\/v2\/media\/413985"}],"wp:attachment":[{"href":"https:\/\/www.speedcube.nl\/de\/wp-json\/wp\/v2\/media?parent=424629"}],"wp:term":[{"taxonomy":"product_brand","embeddable":true,"href":"https:\/\/www.speedcube.nl\/de\/wp-json\/wp\/v2\/product_brand?post=424629"},{"taxonomy":"product_cat","embeddable":true,"href":"https:\/\/www.speedcube.nl\/de\/wp-json\/wp\/v2\/product_cat?post=424629"},{"taxonomy":"product_tag","embeddable":true,"href":"https:\/\/www.speedcube.nl\/de\/wp-json\/wp\/v2\/product_tag?post=424629"}],"curies":[{"name":"wp","href":"https:\/\/api.w.org\/{rel}","templated":true}]}}