{"id":424614,"date":"2023-03-22T15:51:03","date_gmt":"2023-03-22T14:51:03","guid":{"rendered":"https:\/\/www.speedcube.nl\/unkategorisiert\/smartgames-happy-cube-experte\/"},"modified":"2026-04-14T05:02:21","modified_gmt":"2026-04-14T03:02:21","slug":"smartgames-happy-cube-experte","status":"publish","type":"product","link":"https:\/\/www.speedcube.nl\/de\/aanbieding-de\/smartgames-happy-cube-experte\/","title":{"rendered":"Smartgames Happy Cube Experte"},"content":{"rendered":"<p>Happy Cube Expert hat seinen Namen von seinem sch\u00f6n marmorierten Schaum und ist die h\u00e4rteste Version der Familie. Jeder W\u00fcrfel hat eine andere Form, Farbe und L\u00f6sung. Sie sind allm\u00e4hlich ein hervorragender Puzzler geworden? Bei Happy Cube Expert tauchen wir in die Welt der ber\u00fchmten Genies ein. Geh zum \u00c4u\u00dfersten und erlebe Albert Einstein mit dem lila R\u00e4tsel.<\/p>\n<p><strong>VORSICHT!<\/strong>  Es sind mehrere Farben erh\u00e4ltlich und es ist eine \u00dcberraschung, welche Farbe Sie erhalten.<\/p>\n","protected":false},"excerpt":{"rendered":"<p>SMARTGAMES<\/p>\n","protected":false},"featured_media":414074,"template":"","meta":{"_improvement_type_select":"improve_an_existing","_thumb_yes_seoaic":false,"_frame_yes_seoaic":false,"seoaic_generate_description":"","seoaic_improve_instructions_prompt":"","seoaic_rollback_content_improvement":"","seoaic_idea_thumbnail_generator":"","thumbnail_generated":false,"thumbnail_generate_prompt":"","seoaic_article_description":"","product-afmeting-lengte-mm":"","product-afmeting-breedte-mm":"","product-afmeting-hoogte-mm":""},"product_brand":[],"product_cat":[2558],"product_tag":[],"class_list":{"0":"post-424614","1":"product","2":"type-product","3":"status-publish","4":"has-post-thumbnail","6":"product_cat-aanbieding-de","7":"pa_merken-smartgames-de","9":"first","10":"instock","11":"sale","12":"taxable","13":"shipping-taxable","14":"purchasable","15":"product-type-simple"},"df_price":2.24,"df_sale_price":2.24,"df_regular_price":2.99,"df_image_link":"https:\/\/www.speedcube.nl\/wp-content\/uploads\/2023\/06\/Productvisuals_Breinbrekers-Smartgames-Happy-Cube-Expert-285x300.jpg","_links":{"self":[{"href":"https:\/\/www.speedcube.nl\/de\/wp-json\/wp\/v2\/product\/424614","targetHints":{"allow":["GET"]}}],"collection":[{"href":"https:\/\/www.speedcube.nl\/de\/wp-json\/wp\/v2\/product"}],"about":[{"href":"https:\/\/www.speedcube.nl\/de\/wp-json\/wp\/v2\/types\/product"}],"version-history":[{"count":0,"href":"https:\/\/www.speedcube.nl\/de\/wp-json\/wp\/v2\/product\/424614\/revisions"}],"wp:featuredmedia":[{"embeddable":true,"href":"https:\/\/www.speedcube.nl\/de\/wp-json\/wp\/v2\/media\/414074"}],"wp:attachment":[{"href":"https:\/\/www.speedcube.nl\/de\/wp-json\/wp\/v2\/media?parent=424614"}],"wp:term":[{"taxonomy":"product_brand","embeddable":true,"href":"https:\/\/www.speedcube.nl\/de\/wp-json\/wp\/v2\/product_brand?post=424614"},{"taxonomy":"product_cat","embeddable":true,"href":"https:\/\/www.speedcube.nl\/de\/wp-json\/wp\/v2\/product_cat?post=424614"},{"taxonomy":"product_tag","embeddable":true,"href":"https:\/\/www.speedcube.nl\/de\/wp-json\/wp\/v2\/product_tag?post=424614"}],"curies":[{"name":"wp","href":"https:\/\/api.w.org\/{rel}","templated":true}]}}