{"id":424607,"date":"2023-03-22T15:46:58","date_gmt":"2023-03-22T14:46:58","guid":{"rendered":"https:\/\/www.speedcube.nl\/unkategorisiert\/smartgames-glueckswuerfel-original\/"},"modified":"2026-05-09T05:02:07","modified_gmt":"2026-05-09T03:02:07","slug":"smartgames-glueckswuerfel-original","status":"publish","type":"product","link":"https:\/\/www.speedcube.nl\/de\/aanbieding-de\/smartgames-glueckswuerfel-original\/","title":{"rendered":"Smartgames Gl\u00fccksw\u00fcrfel Original"},"content":{"rendered":"<p>Happy Cube &#8211; das Original &#8211; erblickte als erster der Happy Cube Familie das Licht der Welt. Ideal f\u00fcr den durchschnittlichen R\u00e4tselfreund jeden Alters! Jedes Puzzlemodell hat seine eigene Form und Farbe, und aus jedem 2D-Puzzle kann man einen 4-cm-W\u00fcrfel formen. Puzzeln Sie zun\u00e4chst einen W\u00fcrfel mit den sechs Teilen und legen Sie sie zur\u00fcck in ihre Rahmen. Dann kombiniere die W\u00fcrfel, um pr\u00e4chtige Bauwerke zu errichten. Damit es noch mehr Spa\u00df macht, bezieht sich jedes R\u00e4tsel auf eine Weltstadt. Das gelbe Puzzle wurde zum Beispiel nach Tokio benannt, wo es eine echte Puzzle-Tradition gibt. Erweitern Sie Ihr logisches, kreatives und laterales Denken auf spielerische Art und Weise!<\/p>\n<p><strong>VORSICHT!<\/strong>  Es sind mehrere Farben erh\u00e4ltlich und es ist eine \u00dcberraschung, welche Farbe Sie erhalten.<\/p>\n","protected":false},"excerpt":{"rendered":"<p>SMARTGAMES<\/p>\n","protected":false},"featured_media":414014,"template":"","meta":{"_improvement_type_select":"improve_an_existing","_thumb_yes_seoaic":false,"_frame_yes_seoaic":false,"seoaic_generate_description":"","seoaic_improve_instructions_prompt":"","seoaic_rollback_content_improvement":"","seoaic_idea_thumbnail_generator":"","thumbnail_generated":false,"thumbnail_generate_prompt":"","seoaic_article_description":"","product-afmeting-lengte-mm":"","product-afmeting-breedte-mm":"","product-afmeting-hoogte-mm":""},"product_brand":[],"product_cat":[2558],"product_tag":[],"class_list":{"0":"post-424607","1":"product","2":"type-product","3":"status-publish","4":"has-post-thumbnail","6":"product_cat-aanbieding-de","7":"pa_merken-smartgames-de","9":"first","10":"instock","11":"sale","12":"taxable","13":"shipping-taxable","14":"purchasable","15":"product-type-simple"},"df_price":1.79,"df_sale_price":1.79,"df_regular_price":2.99,"df_image_link":"https:\/\/www.speedcube.nl\/wp-content\/uploads\/2023\/06\/Productvisuals_Breinbrekers-Smartgames-Happy-Cube-Original-285x300.jpg","_links":{"self":[{"href":"https:\/\/www.speedcube.nl\/de\/wp-json\/wp\/v2\/product\/424607","targetHints":{"allow":["GET"]}}],"collection":[{"href":"https:\/\/www.speedcube.nl\/de\/wp-json\/wp\/v2\/product"}],"about":[{"href":"https:\/\/www.speedcube.nl\/de\/wp-json\/wp\/v2\/types\/product"}],"version-history":[{"count":0,"href":"https:\/\/www.speedcube.nl\/de\/wp-json\/wp\/v2\/product\/424607\/revisions"}],"wp:featuredmedia":[{"embeddable":true,"href":"https:\/\/www.speedcube.nl\/de\/wp-json\/wp\/v2\/media\/414014"}],"wp:attachment":[{"href":"https:\/\/www.speedcube.nl\/de\/wp-json\/wp\/v2\/media?parent=424607"}],"wp:term":[{"taxonomy":"product_brand","embeddable":true,"href":"https:\/\/www.speedcube.nl\/de\/wp-json\/wp\/v2\/product_brand?post=424607"},{"taxonomy":"product_cat","embeddable":true,"href":"https:\/\/www.speedcube.nl\/de\/wp-json\/wp\/v2\/product_cat?post=424607"},{"taxonomy":"product_tag","embeddable":true,"href":"https:\/\/www.speedcube.nl\/de\/wp-json\/wp\/v2\/product_tag?post=424607"}],"curies":[{"name":"wp","href":"https:\/\/api.w.org\/{rel}","templated":true}]}}