{"id":424589,"date":"2023-04-13T07:44:09","date_gmt":"2023-04-13T05:44:09","guid":{"rendered":"https:\/\/www.speedcube.nl\/unkategorisiert\/rubiks-wuerfel-3x3\/"},"modified":"2026-05-10T05:03:58","modified_gmt":"2026-05-10T03:03:58","slug":"rubiks-wuerfel-3x3","status":"publish","type":"product","link":"https:\/\/www.speedcube.nl\/de\/aanbieding-de\/rubiks-wuerfel-3x3\/","title":{"rendered":"Rubik&#8217;s W\u00fcrfel 3&#215;3"},"content":{"rendered":"<p>Rubiks 3&#215;3-W\u00fcrfel ist der klassische W\u00fcrfel. Der Rubik&#8217;s Cube ist das klassische Puzzle, bei dem man Farben kombinieren muss. Du kannst damit zu Hause oder unterwegs Spa\u00df haben. Der originale, klassische 3&#215;3-W\u00fcrfel ist ein \u00e4u\u00dferst fesselndes Denkspiel, das Fans auf der ganzen Welt seit Jahrzehnten fasziniert. Der Rubik&#8217;s Cube hat sechs verschiedene Seiten mit neun farbigen Quadraten und ist ein Muss f\u00fcr Puzzle-Liebhaber. Das Ziel: den Rubik&#8217;s Cube in seinen Ausgangszustand zu versetzen, wobei jede Seite eine Farbe hat. Es gibt&#8230; Moment&#8230; 43.252.003.274.489.856.000 M\u00f6glichkeiten, die Quadrate anzuordnen, und nur eine davon ist die L\u00f6sung. Also drehen Sie es, um die L\u00f6sung zu finden. Der neue und verbesserte Rubik&#8217;s Cube verf\u00fcgt \u00fcber einen Mechanismus, der ein reibungsloseres, schnelleres und zuverl\u00e4ssigeres Spielerlebnis erm\u00f6glicht. Die traditionellen Aufkleber wurden durch Plastiksteine ersetzt, so dass sie nicht verblassen oder abbl\u00e4ttern, und Sie, oh ja &#8230; k\u00f6nnen auch nicht mehr schummeln.<\/p>\n","protected":false},"excerpt":{"rendered":"<p>RUBIK&#8217;S<\/p>\n","protected":false},"featured_media":415208,"template":"","meta":{"_improvement_type_select":"improve_an_existing","_thumb_yes_seoaic":false,"_frame_yes_seoaic":false,"seoaic_generate_description":"","seoaic_improve_instructions_prompt":"","seoaic_rollback_content_improvement":"","seoaic_idea_thumbnail_generator":"","thumbnail_generated":false,"thumbnail_generate_prompt":"","seoaic_article_description":"","product-afmeting-lengte-mm":"","product-afmeting-breedte-mm":"","product-afmeting-hoogte-mm":""},"product_brand":[],"product_cat":[2558],"product_tag":[],"class_list":{"0":"post-424589","1":"product","2":"type-product","3":"status-publish","4":"has-post-thumbnail","6":"product_cat-aanbieding-de","7":"pa_merken-rubiks-de","9":"first","10":"instock","11":"sale","12":"taxable","13":"shipping-taxable","14":"purchasable","15":"product-type-simple"},"df_price":10.79,"df_sale_price":10.79,"df_regular_price":17.99,"df_image_link":"https:\/\/www.speedcube.nl\/wp-content\/uploads\/2023\/06\/Productvisuals_Speedcubes-Rubiks-3x3-1-1-285x300.jpg","_links":{"self":[{"href":"https:\/\/www.speedcube.nl\/de\/wp-json\/wp\/v2\/product\/424589","targetHints":{"allow":["GET"]}}],"collection":[{"href":"https:\/\/www.speedcube.nl\/de\/wp-json\/wp\/v2\/product"}],"about":[{"href":"https:\/\/www.speedcube.nl\/de\/wp-json\/wp\/v2\/types\/product"}],"version-history":[{"count":0,"href":"https:\/\/www.speedcube.nl\/de\/wp-json\/wp\/v2\/product\/424589\/revisions"}],"wp:featuredmedia":[{"embeddable":true,"href":"https:\/\/www.speedcube.nl\/de\/wp-json\/wp\/v2\/media\/415208"}],"wp:attachment":[{"href":"https:\/\/www.speedcube.nl\/de\/wp-json\/wp\/v2\/media?parent=424589"}],"wp:term":[{"taxonomy":"product_brand","embeddable":true,"href":"https:\/\/www.speedcube.nl\/de\/wp-json\/wp\/v2\/product_brand?post=424589"},{"taxonomy":"product_cat","embeddable":true,"href":"https:\/\/www.speedcube.nl\/de\/wp-json\/wp\/v2\/product_cat?post=424589"},{"taxonomy":"product_tag","embeddable":true,"href":"https:\/\/www.speedcube.nl\/de\/wp-json\/wp\/v2\/product_tag?post=424589"}],"curies":[{"name":"wp","href":"https:\/\/api.w.org\/{rel}","templated":true}]}}