{"id":424581,"date":"2023-04-11T12:52:22","date_gmt":"2023-04-11T10:52:22","guid":{"rendered":"https:\/\/www.speedcube.nl\/unkategorisiert\/escapewelt-fort-knox-pro\/"},"modified":"2026-05-03T05:27:24","modified_gmt":"2026-05-03T03:27:24","slug":"escapewelt-fort-knox-pro","status":"publish","type":"product","link":"https:\/\/www.speedcube.nl\/de\/knobelaufgaben\/holzerne-knobelaufgaben\/escapewelt-fort-knox-pro\/","title":{"rendered":"Escapewelt Fort Knox Pro"},"content":{"rendered":"<p><span data-offset-key=\"8g8dq-115-0\">E<\/span><span data-offset-key=\"8g8dq-116-0\">und<\/span><span data-offset-key=\"8g8dq-117-0\">  Hallo<\/span><span data-offset-key=\"8g8dq-118-0\">le<\/span><span data-offset-key=\"8g8dq-119-0\">  unter<\/span><span data-offset-key=\"8g8dq-120-0\">g<\/span><span data-offset-key=\"8g8dq-121-0\">ave<\/span><span data-offset-key=\"8g8dq-122-0\">,<\/span><span data-offset-key=\"8g8dq-123-0\">  ma<\/span><span data-offset-key=\"8g8dq-124-0\">ar<\/span><span data-offset-key=\"8g8dq-125-0\">  n<\/span><span data-offset-key=\"8g8dq-126-0\">atu<\/span><span data-offset-key=\"8g8dq-127-0\">url<\/span><span data-offset-key=\"8g8dq-128-0\">ijk<\/span><span data-offset-key=\"8g8dq-129-0\">  n<\/span><span data-offset-key=\"8g8dq-130-0\">iet<\/span><span data-offset-key=\"8g8dq-131-0\">  auf<\/span><span data-offset-key=\"8g8dq-132-0\">m<\/span><span data-offset-key=\"8g8dq-133-0\">og<\/span><span data-offset-key=\"8g8dq-134-0\">el<\/span><span data-offset-key=\"8g8dq-135-0\">ijk<\/span><span data-offset-key=\"8g8dq-136-0\">!<\/span><span data-offset-key=\"8g8dq-137-0\">  Al<\/span><span data-offset-key=\"8g8dq-138-0\">s<\/span><span data-offset-key=\"8g8dq-139-0\">  Ihr<\/span><span data-offset-key=\"8g8dq-140-0\">  unter<\/span><span data-offset-key=\"8g8dq-141-0\">  also<\/span><span data-offset-key=\"8g8dq-142-0\">ek<\/span><span data-offset-key=\"8g8dq-143-0\">  sind<\/span><span data-offset-key=\"8g8dq-144-0\">  nach<\/span><span data-offset-key=\"8g8dq-145-0\">ar<\/span><span data-offset-key=\"8g8dq-146-0\">  e<\/span><span data-offset-key=\"8g8dq-147-0\">und<\/span><span data-offset-key=\"8g8dq-148-0\">  e<\/span><span data-offset-key=\"8g8dq-149-0\">cht<\/span><span data-offset-key=\"8g8dq-150-0\">  av<\/span><span data-offset-key=\"8g8dq-151-0\">ont<\/span><span data-offset-key=\"8g8dq-152-0\">u<\/span><span data-offset-key=\"8g8dq-153-0\">ur<\/span><span data-offset-key=\"8g8dq-154-0\">,<\/span><span data-offset-key=\"8g8dq-155-0\">  dann<\/span><span data-offset-key=\"8g8dq-156-0\">  mo<\/span><span data-offset-key=\"8g8dq-157-0\">und<\/span><span data-offset-key=\"8g8dq-158-0\">  Ihr<\/span><span data-offset-key=\"8g8dq-159-0\">  z<\/span><span data-offset-key=\"8g8dq-160-0\">eker<\/span><span data-offset-key=\"8g8dq-161-0\">  e<\/span><span data-offset-key=\"8g8dq-162-0\">ens<\/span><span data-offset-key=\"8g8dq-163-0\">  k<\/span><span data-offset-key=\"8g8dq-164-0\">ij<\/span><span data-offset-key=\"8g8dq-165-0\">ken<\/span><span data-offset-key=\"8g8dq-166-0\">  nach<\/span><span data-offset-key=\"8g8dq-167-0\">ar<\/span><span data-offset-key=\"8g8dq-168-0\">  die<\/span><span data-offset-key=\"8g8dq-169-0\">  Fort<\/span><span data-offset-key=\"8g8dq-170-0\">  Knox<\/span><span data-offset-key=\"8g8dq-171-0\">  Pro<\/span><span data-offset-key=\"8g8dq-172-0\">  von<\/span><span data-offset-key=\"8g8dq-173-0\">  Esc<\/span><span data-offset-key=\"8g8dq-174-0\">ap<\/span><span data-offset-key=\"8g8dq-175-0\">ew<\/span><span data-offset-key=\"8g8dq-176-0\">elt<\/span><span data-offset-key=\"8g8dq-177-0\">.<\/span><span data-offset-key=\"8g8dq-178-0\">  Mit<\/span><span data-offset-key=\"8g8dq-179-0\">  die<\/span><span data-offset-key=\"8g8dq-180-0\">sie<\/span><span data-offset-key=\"8g8dq-181-0\">  R\u00e4tsel<\/span><span data-offset-key=\"8g8dq-183-0\">  k<\/span><span data-offset-key=\"8g8dq-184-0\">un<\/span><span data-offset-key=\"8g8dq-185-0\">  Ihr<\/span><span data-offset-key=\"8g8dq-186-0\">  unter<\/span><span data-offset-key=\"8g8dq-187-0\">  e<\/span><span data-offset-key=\"8g8dq-188-0\">und<\/span><span data-offset-key=\"8g8dq-189-0\">  u<\/span><span data-offset-key=\"8g8dq-190-0\">ur<\/span><span data-offset-key=\"8g8dq-191-0\">  t<\/span><span data-offset-key=\"8g8dq-192-0\">ij<\/span><span data-offset-key=\"8g8dq-193-0\">d<\/span><span data-offset-key=\"8g8dq-194-0\">  e<\/span><span data-offset-key=\"8g8dq-195-0\">und<\/span><span data-offset-key=\"8g8dq-196-0\">  Geheimnis<\/span><span data-offset-key=\"8g8dq-197-0\">dh<\/span><span data-offset-key=\"8g8dq-198-0\">  o<\/span><span data-offset-key=\"8g8dq-199-0\">pl<\/span><span data-offset-key=\"8g8dq-200-0\">oss<\/span><span data-offset-key=\"8g8dq-201-0\">und<\/span><span data-offset-key=\"8g8dq-202-0\">  von<\/span><span data-offset-key=\"8g8dq-203-0\">  frisch<\/span><span data-offset-key=\"8g8dq-204-0\">ch<\/span><span data-offset-key=\"8g8dq-205-0\">krank<\/span><span data-offset-key=\"8g8dq-206-0\">und<\/span><span data-offset-key=\"8g8dq-207-0\">  Codes<\/span><span data-offset-key=\"8g8dq-208-0\">  unter<\/span><span data-offset-key=\"8g8dq-209-0\">  k<\/span><span data-offset-key=\"8g8dq-210-0\">ra<\/span><span data-offset-key=\"8g8dq-211-0\">ken<\/span><span data-offset-key=\"8g8dq-212-0\">.<\/span> <span data-offset-key=\"8g8dq-215-0\">Ihr<\/span><span data-offset-key=\"8g8dq-216-0\">  k<\/span><span data-offset-key=\"8g8dq-217-0\">zu<\/span><span data-offset-key=\"8g8dq-218-0\">t<\/span><span data-offset-key=\"8g8dq-219-0\">  b<\/span><span data-offset-key=\"8g8dq-220-0\">Gasthaus<\/span><span data-offset-key=\"8g8dq-221-0\">und<\/span><span data-offset-key=\"8g8dq-222-0\">  unter<\/span><span data-offset-key=\"8g8dq-223-0\">  die<\/span><span data-offset-key=\"8g8dq-224-0\">  Fort<\/span><span data-offset-key=\"8g8dq-225-0\">  Knox<\/span><span data-offset-key=\"8g8dq-226-0\">  Pro<\/span><span data-offset-key=\"8g8dq-227-0\">  und<\/span><span data-offset-key=\"8g8dq-228-0\">  Ihr<\/span><span data-offset-key=\"8g8dq-229-0\">  werden.<\/span><span data-offset-key=\"8g8dq-230-0\">t<\/span><span data-offset-key=\"8g8dq-231-0\">  mit<\/span><span data-offset-key=\"8g8dq-232-0\">a<\/span><span data-offset-key=\"8g8dq-233-0\">  g<\/span><span data-offset-key=\"8g8dq-234-0\">ec<\/span><span data-offset-key=\"8g8dq-235-0\">auf<\/span><span data-offset-key=\"8g8dq-236-0\">f<\/span><span data-offset-key=\"8g8dq-237-0\">ron<\/span><span data-offset-key=\"8g8dq-238-0\">unter<\/span><span data-offset-key=\"8g8dq-239-0\">erd<\/span><span data-offset-key=\"8g8dq-240-0\">  mit<\/span><span data-offset-key=\"8g8dq-241-0\">  e<\/span><span data-offset-key=\"8g8dq-242-0\">und<\/span><span data-offset-key=\"8g8dq-243-0\">  a<\/span><span data-offset-key=\"8g8dq-244-0\">Ameise<\/span><span data-offset-key=\"8g8dq-245-0\">al<\/span><span data-offset-key=\"8g8dq-246-0\">  frisch<\/span><span data-offset-key=\"8g8dq-247-0\">ch<\/span><span data-offset-key=\"8g8dq-248-0\">krank<\/span><span data-offset-key=\"8g8dq-249-0\">und<\/span><span data-offset-key=\"8g8dq-250-0\">  puzzeln<\/span><span data-offset-key=\"8g8dq-251-0\">els<\/span><span data-offset-key=\"8g8dq-252-0\">.<\/span><span data-offset-key=\"8g8dq-253-0\">  Ihr<\/span><span data-offset-key=\"8g8dq-254-0\">  mo<\/span><span data-offset-key=\"8g8dq-255-0\">und<\/span><span data-offset-key=\"8g8dq-256-0\">  die<\/span><span data-offset-key=\"8g8dq-257-0\">sie<\/span><span data-offset-key=\"8g8dq-258-0\">  puzzeln<\/span><span data-offset-key=\"8g8dq-259-0\">els<\/span><span data-offset-key=\"8g8dq-260-0\">  o<\/span><span data-offset-key=\"8g8dq-261-0\">pl<\/span><span data-offset-key=\"8g8dq-262-0\">oss<\/span><span data-offset-key=\"8g8dq-263-0\">und<\/span><span data-offset-key=\"8g8dq-264-0\">  zu<\/span><span data-offset-key=\"8g8dq-265-0\">  zu<\/span><span data-offset-key=\"8g8dq-266-0\">z.B.<\/span><span data-offset-key=\"8g8dq-267-0\">ang<\/span><span data-offset-key=\"8g8dq-268-0\">  unter<\/span><span data-offset-key=\"8g8dq-269-0\">  k<\/span><span data-offset-key=\"8g8dq-270-0\">ri<\/span><span data-offset-key=\"8g8dq-271-0\">j<\/span><span data-offset-key=\"8g8dq-272-0\">Gen<\/span><span data-offset-key=\"8g8dq-273-0\">  zu<\/span><span data-offset-key=\"8g8dq-274-0\">  Hallo<\/span><span data-offset-key=\"8g8dq-275-0\">t<\/span><span data-offset-key=\"8g8dq-276-0\">  ge<\/span><span data-offset-key=\"8g8dq-277-0\">Hallo<\/span><span data-offset-key=\"8g8dq-278-0\">ime<\/span><span data-offset-key=\"8g8dq-279-0\">  v<\/span><span data-offset-key=\"8g8dq-280-0\">ak<\/span><span data-offset-key=\"8g8dq-281-0\">  b<\/span><span data-offset-key=\"8g8dq-282-0\">Gasthaus<\/span><span data-offset-key=\"8g8dq-283-0\">und<\/span><span data-offset-key=\"8g8dq-284-0\">unter<\/span><span data-offset-key=\"8g8dq-285-0\">.<\/span><span data-offset-key=\"8g8dq-286-0\">  B<\/span><span data-offset-key=\"8g8dq-287-0\">ek<\/span><span data-offset-key=\"8g8dq-288-0\">ijk<\/span><span data-offset-key=\"8g8dq-289-0\">  Fort<\/span><span data-offset-key=\"8g8dq-290-0\">  Knox<\/span><span data-offset-key=\"8g8dq-291-0\">  Pro<\/span><span data-offset-key=\"8g8dq-292-0\">  z<\/span><span data-offset-key=\"8g8dq-293-0\">org<\/span><span data-offset-key=\"8g8dq-294-0\">v<\/span><span data-offset-key=\"8g8dq-295-0\">uld<\/span><span data-offset-key=\"8g8dq-296-0\">ig<\/span><span data-offset-key=\"8g8dq-297-0\">  und<\/span><span data-offset-key=\"8g8dq-298-0\">  also<\/span><span data-offset-key=\"8g8dq-299-0\">ek<\/span><span data-offset-key=\"8g8dq-300-0\">  nach<\/span><span data-offset-key=\"8g8dq-301-0\">ar<\/span><span data-offset-key=\"8g8dq-302-0\">  Spezial<\/span><span data-offset-key=\"8g8dq-303-0\">e<\/span><span data-offset-key=\"8g8dq-304-0\">  Symbol<\/span><span data-offset-key=\"8g8dq-305-0\">und<\/span><span data-offset-key=\"8g8dq-306-0\">.<\/span><span data-offset-key=\"8g8dq-307-0\">  Die<\/span><span data-offset-key=\"8g8dq-308-0\">sie<\/span><span data-offset-key=\"8g8dq-309-0\">  z<\/span><span data-offset-key=\"8g8dq-310-0\">vollst\u00e4ndig<\/span><span data-offset-key=\"8g8dq-311-0\">und<\/span><span data-offset-key=\"8g8dq-312-0\">  Ihr<\/span><span data-offset-key=\"8g8dq-313-0\">  Hilfe<\/span><span data-offset-key=\"8g8dq-314-0\">und<\/span><span data-offset-key=\"8g8dq-315-0\">  die<\/span><span data-offset-key=\"8g8dq-316-0\">  R\u00e4tsel<\/span><span data-offset-key=\"8g8dq-318-0\">  unter<\/span><span data-offset-key=\"8g8dq-319-0\">  betteln<\/span><span data-offset-key=\"8g8dq-320-0\">ri<\/span><span data-offset-key=\"8g8dq-321-0\">j<\/span><span data-offset-key=\"8g8dq-322-0\">Stift<\/span><span data-offset-key=\"8g8dq-323-0\">  und<\/span><span data-offset-key=\"8g8dq-324-0\">  die<\/span><span data-offset-key=\"8g8dq-325-0\">  Geheimnis<\/span><span data-offset-key=\"8g8dq-326-0\">ieu<\/span><span data-offset-key=\"8g8dq-327-0\">sie<\/span><span data-offset-key=\"8g8dq-328-0\">  Fort<\/span><span data-offset-key=\"8g8dq-329-0\">  Knox<\/span><span data-offset-key=\"8g8dq-330-0\">  Pro<\/span><span data-offset-key=\"8g8dq-331-0\">  unter<\/span><span data-offset-key=\"8g8dq-332-0\">  \u00f6ffnen<\/span><span data-offset-key=\"8g8dq-333-0\">und<\/span><span data-offset-key=\"8g8dq-334-0\">.<\/span><span data-offset-key=\"8g8dq-370-0\">  Sie werden feststellen, dass das L\u00f6sen der R\u00e4tsel eine echte Herausforderung ist, und Sie werden immer mehr entdecken. Dank der verschiedenen Symbole, denen Sie begegnen, erfahren Sie immer mehr \u00fcber die L\u00f6sung von Fort Knox Pro. Es ist ein wirklich lustiges Abenteuer, das Sie genie\u00dfen werden. Wenn Sie glauben, das R\u00e4tsel gel\u00f6st zu haben, gehen Sie zum Geheimfach im Inneren. Hier finden Sie die ultimative L\u00f6sung und Zufriedenheit. Kurzum, wenn Sie ein echtes Abenteuer suchen, ist Fort Knox Pro von Escapewelt genau das Richtige f\u00fcr Sie.<\/p>\n<p>Schwierigkeitsgrad: 4 Sterne<br \/>\nDurchschnittliche Aufl\u00f6sungszeit: 60 &#8211; 90 min<\/span><span data-offset-key=\"8g8dq-370-0\"><br \/>\nMaterial: Holz<br \/>\nAlter: 14+<br \/>\nProdukt mm: 120 x 100 x 115 mm<br \/>\nVerpackungsgr\u00f6\u00dfe: 128 x 125 x 110 mm<br \/>\nGewicht: 348 g<br \/>\n<\/span><\/p>\n","protected":false},"excerpt":{"rendered":"<p>escapewelt<\/p>\n","protected":false},"featured_media":396571,"template":"","meta":{"_improvement_type_select":"improve_an_existing","_thumb_yes_seoaic":false,"_frame_yes_seoaic":false,"seoaic_generate_description":"","seoaic_improve_instructions_prompt":"","seoaic_rollback_content_improvement":"","seoaic_idea_thumbnail_generator":"","thumbnail_generated":false,"thumbnail_generate_prompt":"","seoaic_article_description":"","product-afmeting-lengte-mm":"","product-afmeting-breedte-mm":"","product-afmeting-hoogte-mm":""},"product_brand":[],"product_cat":[1511,1774,1795,1244,1227,1233,1237],"product_tag":[],"class_list":{"0":"post-424581","1":"product","2":"type-product","3":"status-publish","4":"has-post-thumbnail","6":"product_cat-3-sterne-normal","7":"product_cat-escapewelt-de","8":"product_cat-holzerne-knobelaufgaben","9":"product_cat-knobelaufgaben-de","10":"product_cat-knobelaufgaben","11":"product_cat-knobelaufgaben-fur-erwachsene","12":"product_cat-knobelaufgaben-fur-kinder","13":"pa_merken-escapewelt-de","15":"first","16":"instock","17":"taxable","18":"shipping-taxable","19":"purchasable","20":"product-type-simple"},"df_price":49.99,"df_sale_price":"","df_regular_price":49.99,"df_image_link":"https:\/\/www.speedcube.nl\/wp-content\/uploads\/2023\/06\/Productvisuals_Breinbrekers_escapewelt-Fort-Knox-Box-1-285x300.jpg","_links":{"self":[{"href":"https:\/\/www.speedcube.nl\/de\/wp-json\/wp\/v2\/product\/424581","targetHints":{"allow":["GET"]}}],"collection":[{"href":"https:\/\/www.speedcube.nl\/de\/wp-json\/wp\/v2\/product"}],"about":[{"href":"https:\/\/www.speedcube.nl\/de\/wp-json\/wp\/v2\/types\/product"}],"version-history":[{"count":0,"href":"https:\/\/www.speedcube.nl\/de\/wp-json\/wp\/v2\/product\/424581\/revisions"}],"wp:featuredmedia":[{"embeddable":true,"href":"https:\/\/www.speedcube.nl\/de\/wp-json\/wp\/v2\/media\/396571"}],"wp:attachment":[{"href":"https:\/\/www.speedcube.nl\/de\/wp-json\/wp\/v2\/media?parent=424581"}],"wp:term":[{"taxonomy":"product_brand","embeddable":true,"href":"https:\/\/www.speedcube.nl\/de\/wp-json\/wp\/v2\/product_brand?post=424581"},{"taxonomy":"product_cat","embeddable":true,"href":"https:\/\/www.speedcube.nl\/de\/wp-json\/wp\/v2\/product_cat?post=424581"},{"taxonomy":"product_tag","embeddable":true,"href":"https:\/\/www.speedcube.nl\/de\/wp-json\/wp\/v2\/product_tag?post=424581"}],"curies":[{"name":"wp","href":"https:\/\/api.w.org\/{rel}","templated":true}]}}