{"id":424580,"date":"2023-03-22T15:49:13","date_gmt":"2023-03-22T14:49:13","guid":{"rendered":"https:\/\/www.speedcube.nl\/unkategorisiert\/smartgames-glueckswuerfel-pro\/"},"modified":"2026-05-01T05:01:43","modified_gmt":"2026-05-01T03:01:43","slug":"smartgames-glueckswuerfel-pro","status":"publish","type":"product","link":"https:\/\/www.speedcube.nl\/de\/aanbieding-de\/smartgames-glueckswuerfel-pro\/","title":{"rendered":"Smartgames Gl\u00fccksw\u00fcrfel Pro"},"content":{"rendered":"<p>Happy Cube Pro ist leicht an seinen leuchtenden Farben mit Tarnmotiv zu erkennen und ist definitiv nichts f\u00fcr Anf\u00e4nger! Diese R\u00e4tsel sind f\u00fcr echte R\u00e4tselprofis. Die Herausforderung ist gro\u00df, denn jedes R\u00e4tsel hat nur eine L\u00f6sung. Jedes Modell hat seine eigene Form, Farbe und einen Namen, der auf einen bekannten Weltb\u00fcrger verweist. Das orangefarbene Puzzle, auch bekannt als Rubens, bezieht sich zum Beispiel auf den ber\u00fchmten Maler.<\/p>\n<p><strong>VORSICHT!<\/strong>  Es sind mehrere Farben erh\u00e4ltlich und es ist eine \u00dcberraschung, welche Farbe Sie erhalten.<\/p>\n","protected":false},"excerpt":{"rendered":"<p>SMARTGAMES<\/p>\n","protected":false},"featured_media":414044,"template":"","meta":{"_improvement_type_select":"improve_an_existing","_thumb_yes_seoaic":false,"_frame_yes_seoaic":false,"seoaic_generate_description":"","seoaic_improve_instructions_prompt":"","seoaic_rollback_content_improvement":"","seoaic_idea_thumbnail_generator":"","thumbnail_generated":false,"thumbnail_generate_prompt":"","seoaic_article_description":"","product-afmeting-lengte-mm":"","product-afmeting-breedte-mm":"","product-afmeting-hoogte-mm":""},"product_brand":[],"product_cat":[2558],"product_tag":[],"class_list":{"0":"post-424580","1":"product","2":"type-product","3":"status-publish","4":"has-post-thumbnail","6":"product_cat-aanbieding-de","7":"pa_merken-smartgames-de","9":"first","10":"instock","11":"sale","12":"taxable","13":"shipping-taxable","14":"purchasable","15":"product-type-simple"},"df_price":2.24,"df_sale_price":2.24,"df_regular_price":2.99,"df_image_link":"https:\/\/www.speedcube.nl\/wp-content\/uploads\/2023\/06\/Productvisuals_Breinbrekers-Smartgames-Happy-Cube-Pro-285x300.jpg","_links":{"self":[{"href":"https:\/\/www.speedcube.nl\/de\/wp-json\/wp\/v2\/product\/424580","targetHints":{"allow":["GET"]}}],"collection":[{"href":"https:\/\/www.speedcube.nl\/de\/wp-json\/wp\/v2\/product"}],"about":[{"href":"https:\/\/www.speedcube.nl\/de\/wp-json\/wp\/v2\/types\/product"}],"version-history":[{"count":0,"href":"https:\/\/www.speedcube.nl\/de\/wp-json\/wp\/v2\/product\/424580\/revisions"}],"wp:featuredmedia":[{"embeddable":true,"href":"https:\/\/www.speedcube.nl\/de\/wp-json\/wp\/v2\/media\/414044"}],"wp:attachment":[{"href":"https:\/\/www.speedcube.nl\/de\/wp-json\/wp\/v2\/media?parent=424580"}],"wp:term":[{"taxonomy":"product_brand","embeddable":true,"href":"https:\/\/www.speedcube.nl\/de\/wp-json\/wp\/v2\/product_brand?post=424580"},{"taxonomy":"product_cat","embeddable":true,"href":"https:\/\/www.speedcube.nl\/de\/wp-json\/wp\/v2\/product_cat?post=424580"},{"taxonomy":"product_tag","embeddable":true,"href":"https:\/\/www.speedcube.nl\/de\/wp-json\/wp\/v2\/product_tag?post=424580"}],"curies":[{"name":"wp","href":"https:\/\/api.w.org\/{rel}","templated":true}]}}