{"id":424547,"date":"2023-06-08T09:52:45","date_gmt":"2023-06-08T07:52:45","guid":{"rendered":"https:\/\/www.speedcube.nl\/unkategorisiert\/gan-halo-timer-matte\/"},"modified":"2026-05-12T05:04:11","modified_gmt":"2026-05-12T03:04:11","slug":"gan-halo-timer-matte","status":"publish","type":"product","link":"https:\/\/www.speedcube.nl\/de\/speedcube-de\/mats-de\/gan-halo-timer-matte\/","title":{"rendered":"GAN Halo Timer Matte"},"content":{"rendered":"<div class=\"\" data-block=\"true\" data-editor=\"30put\" data-offset-key=\"2evs1-0-0\">\n<div class=\"public-DraftStyleDefault-block public-DraftStyleDefault-ltr\" data-offset-key=\"2evs1-0-0\">\n<div class=\"\" data-block=\"true\" data-editor=\"30put\" data-offset-key=\"fi1jv-0-0\">\n<div class=\"public-DraftStyleDefault-block public-DraftStyleDefault-ltr\" data-offset-key=\"fi1jv-0-0\">\n<p><span data-offset-key=\"fi1jv-464-0\">Die GAN Halo Timer Matte (blau) ist das neueste Mattendesign von GAN. Er sollte mit dem neuen GAN Halo (Smart) Timer verbunden sein. Sie ist vertikal ausgerichtet. Kombinieren Sie ihn mit dem GAN Halo (Smart) Timer f\u00fcr ein au\u00dfergew\u00f6hnliches W\u00fcrfelerlebnis!<\/span><\/p>\n<p>Dar\u00fcber hinaus bietet GAN auch die GAN Halo Timer Matte (lila) an. Sie ist speziell f\u00fcr die Verwendung mit dem GAN Halo (Standard) Timer konzipiert. Die Matten bieten eine Sto\u00dfd\u00e4mpfung und eine weiche Oberfl\u00e4che, um Sch\u00e4den an Ihrem Speedcube zu vermeiden, wenn Sie Ihre Zeit anhalten. Au\u00dferdem beugt es vorzeitigem Verschlei\u00df vor. Beide GAN Halo Timer Matten haben zwei L\u00f6cher, in die Sie die GAN Halo Timer einsetzen k\u00f6nnen.<\/p>\n<p>Abmessungen des Produkts: 300 x 250 x 3 mm.<br \/>\nDie <a href=\"https:\/\/www.speedcube.nl\/speedcube\/timers\/gan-halo-timer\/\">GAN Halo Timer<\/a> sind separat auf unserer Website erh\u00e4ltlich.<\/p>\n<\/div>\n<\/div>\n<\/div>\n<\/div>\n","protected":false},"excerpt":{"rendered":"<p>GAN<\/p>\n","protected":false},"featured_media":416259,"template":"","meta":{"_improvement_type_select":"improve_an_existing","_thumb_yes_seoaic":false,"_frame_yes_seoaic":false,"seoaic_generate_description":"","seoaic_improve_instructions_prompt":"","seoaic_rollback_content_improvement":"","seoaic_idea_thumbnail_generator":"","thumbnail_generated":false,"thumbnail_generate_prompt":"","seoaic_article_description":"","product-afmeting-lengte-mm":"","product-afmeting-breedte-mm":"","product-afmeting-hoogte-mm":""},"product_brand":[],"product_cat":[1270,2154,1211],"product_tag":[],"class_list":{"0":"post-424547","1":"product","2":"type-product","3":"status-publish","4":"has-post-thumbnail","6":"product_cat-gan-de","7":"product_cat-mats-de","8":"product_cat-speedcube-de","9":"pa_merken-gan-de","11":"first","12":"instock","13":"taxable","14":"shipping-taxable","15":"purchasable","16":"product-type-variable"},"df_price":9.99,"df_sale_price":"","df_regular_price":9.99,"df_image_link":"https:\/\/www.speedcube.nl\/wp-content\/uploads\/2023\/06\/Productvisuals_Speedcubes-GAN-Halo-Timer-Mat-4-285x300.jpg","_links":{"self":[{"href":"https:\/\/www.speedcube.nl\/de\/wp-json\/wp\/v2\/product\/424547","targetHints":{"allow":["GET"]}}],"collection":[{"href":"https:\/\/www.speedcube.nl\/de\/wp-json\/wp\/v2\/product"}],"about":[{"href":"https:\/\/www.speedcube.nl\/de\/wp-json\/wp\/v2\/types\/product"}],"version-history":[{"count":0,"href":"https:\/\/www.speedcube.nl\/de\/wp-json\/wp\/v2\/product\/424547\/revisions"}],"wp:featuredmedia":[{"embeddable":true,"href":"https:\/\/www.speedcube.nl\/de\/wp-json\/wp\/v2\/media\/416259"}],"wp:attachment":[{"href":"https:\/\/www.speedcube.nl\/de\/wp-json\/wp\/v2\/media?parent=424547"}],"wp:term":[{"taxonomy":"product_brand","embeddable":true,"href":"https:\/\/www.speedcube.nl\/de\/wp-json\/wp\/v2\/product_brand?post=424547"},{"taxonomy":"product_cat","embeddable":true,"href":"https:\/\/www.speedcube.nl\/de\/wp-json\/wp\/v2\/product_cat?post=424547"},{"taxonomy":"product_tag","embeddable":true,"href":"https:\/\/www.speedcube.nl\/de\/wp-json\/wp\/v2\/product_tag?post=424547"}],"curies":[{"name":"wp","href":"https:\/\/api.w.org\/{rel}","templated":true}]}}