{"id":424541,"date":"2023-10-10T21:36:49","date_gmt":"2023-10-10T19:36:49","guid":{"rendered":"https:\/\/www.speedcube.nl\/unkategorisiert\/moyu-meilong-6x6-v2\/"},"modified":"2026-05-14T05:15:55","modified_gmt":"2026-05-14T03:15:55","slug":"moyu-meilong-6x6-v2","status":"publish","type":"product","link":"https:\/\/www.speedcube.nl\/de\/speedcube-de\/6x6-de\/moyu-meilong-6x6-v2\/","title":{"rendered":"MoYu Meilong 6&#215;6 V2"},"content":{"rendered":"<p>Wenn Sie auf der Suche nach einem guten 6&#215;6-W\u00fcrfel sind und nicht zu viel Geld ausgeben wollen, ist der MoYu Meilong 6&#215;6 V2 eine gute Wahl! Eines der wichtigsten Merkmale des MoYu Meilong 6&#215;6 V2 ist sein spezielles Design zur Aufbewahrung von Gleitmitteln. Tragen Sie Schmiermittel auf die speziellen \u00d6ffnungen auf, und das Schmiermittel wird nach und nach seine Wirkung entfalten, was zu einem lang anhaltenden geschmeidigen Gef\u00fchl f\u00fchrt. Au\u00dferdem hat dieser W\u00fcrfel ein neues Farbschema, so dass die Farben leichter zu erkennen sind und Sie beim L\u00f6sen schneller reagieren k\u00f6nnen. Was diesen W\u00fcrfel besonders attraktiv macht, ist sein leichtes Design. Dadurch liegt es gut in der Hand und erm\u00f6glicht es, lange zu puzzeln, ohne zu erm\u00fcden. Dar\u00fcber hinaus bedeutet die verbesserte Stabilit\u00e4t, dass der W\u00fcrfel beim Drehen nicht so leicht blockiert wird.<\/p>\n","protected":false},"excerpt":{"rendered":"<p>MOYU<\/p>\n","protected":false},"featured_media":420960,"template":"","meta":{"_improvement_type_select":"improve_an_existing","_thumb_yes_seoaic":false,"_frame_yes_seoaic":false,"seoaic_generate_description":"","seoaic_improve_instructions_prompt":"","seoaic_rollback_content_improvement":"","seoaic_idea_thumbnail_generator":"","thumbnail_generated":false,"thumbnail_generate_prompt":"","seoaic_article_description":"","product-afmeting-lengte-mm":"60","product-afmeting-breedte-mm":"60","product-afmeting-hoogte-mm":"60"},"product_brand":[],"product_cat":[2143,1332,1211],"product_tag":[],"class_list":{"0":"post-424541","1":"product","2":"type-product","3":"status-publish","4":"has-post-thumbnail","6":"product_cat-6x6-de","7":"product_cat-moyu-de","8":"product_cat-speedcube-de","9":"pa_merken-moyu-de","11":"first","12":"instock","13":"taxable","14":"shipping-taxable","15":"purchasable","16":"product-type-simple"},"df_price":17.99,"df_sale_price":"","df_regular_price":17.99,"df_image_link":"https:\/\/www.speedcube.nl\/wp-content\/uploads\/2023\/10\/Productvisuals_Speedcubes-MoYu-Meilong-6x6-V2--285x300.jpg","_links":{"self":[{"href":"https:\/\/www.speedcube.nl\/de\/wp-json\/wp\/v2\/product\/424541","targetHints":{"allow":["GET"]}}],"collection":[{"href":"https:\/\/www.speedcube.nl\/de\/wp-json\/wp\/v2\/product"}],"about":[{"href":"https:\/\/www.speedcube.nl\/de\/wp-json\/wp\/v2\/types\/product"}],"version-history":[{"count":0,"href":"https:\/\/www.speedcube.nl\/de\/wp-json\/wp\/v2\/product\/424541\/revisions"}],"wp:featuredmedia":[{"embeddable":true,"href":"https:\/\/www.speedcube.nl\/de\/wp-json\/wp\/v2\/media\/420960"}],"wp:attachment":[{"href":"https:\/\/www.speedcube.nl\/de\/wp-json\/wp\/v2\/media?parent=424541"}],"wp:term":[{"taxonomy":"product_brand","embeddable":true,"href":"https:\/\/www.speedcube.nl\/de\/wp-json\/wp\/v2\/product_brand?post=424541"},{"taxonomy":"product_cat","embeddable":true,"href":"https:\/\/www.speedcube.nl\/de\/wp-json\/wp\/v2\/product_cat?post=424541"},{"taxonomy":"product_tag","embeddable":true,"href":"https:\/\/www.speedcube.nl\/de\/wp-json\/wp\/v2\/product_tag?post=424541"}],"curies":[{"name":"wp","href":"https:\/\/api.w.org\/{rel}","templated":true}]}}