{"id":424517,"date":"2023-06-08T13:13:03","date_gmt":"2023-06-08T11:13:03","guid":{"rendered":"https:\/\/www.speedcube.nl\/unkategorisiert\/gan-halo-timer\/"},"modified":"2026-04-17T05:15:35","modified_gmt":"2026-04-17T03:15:35","slug":"gan-halo-timer","status":"publish","type":"product","link":"https:\/\/www.speedcube.nl\/de\/aanbieding-de\/gan-halo-timer\/","title":{"rendered":"GAN Halo Timer"},"content":{"rendered":"<p><strong>GAN Halo (Smart) Tim<\/strong><span data-offset-key=\"9lede-300-0\"><strong>er BLAU:  <\/strong><\/span><span data-offset-key=\"9lede-301-0\">Ist<\/span><span data-offset-key=\"9lede-302-0\">  ge<\/span><span data-offset-key=\"9lede-303-0\">und<\/span><span data-offset-key=\"9lede-304-0\">  g<\/span><span data-offset-key=\"9lede-305-0\">ew<\/span><span data-offset-key=\"9lede-306-0\">eine<\/span><span data-offset-key=\"9lede-307-0\">  Geschwindigkeit<\/span><span data-offset-key=\"9lede-308-0\">c<\/span><span data-offset-key=\"9lede-309-0\">ub<\/span><span data-offset-key=\"9lede-310-0\">ing<\/span><span data-offset-key=\"9lede-311-0\">  Zeitschaltuhr<\/span><span data-offset-key=\"9lede-312-0\">,<\/span><span data-offset-key=\"9lede-313-0\">  ma<\/span><span data-offset-key=\"9lede-314-0\">ar<\/span><span data-offset-key=\"9lede-315-0\">  b<\/span><span data-offset-key=\"9lede-316-0\">ied<\/span><span data-offset-key=\"9lede-317-0\">t<\/span><span data-offset-key=\"9lede-318-0\">  ve<\/span><span data-offset-key=\"9lede-319-0\">el<\/span><span data-offset-key=\"9lede-320-0\">  ich<\/span><span data-offset-key=\"9lede-321-0\">er<\/span><span data-offset-key=\"9lede-322-0\">!<\/span><span data-offset-key=\"9lede-323-0\">  H<\/span><span data-offset-key=\"9lede-324-0\">ij<\/span><span data-offset-key=\"9lede-325-0\">  Hallo<\/span><span data-offset-key=\"9lede-326-0\">e<\/span><span data-offset-key=\"9lede-327-0\">ft<\/span><span data-offset-key=\"9lede-328-0\">  e<\/span><span data-offset-key=\"9lede-329-0\">und<\/span><span data-offset-key=\"9lede-330-0\">  intern<\/span><span data-offset-key=\"9lede-331-0\">  ge<\/span><span data-offset-key=\"9lede-332-0\">Hallo<\/span><span data-offset-key=\"9lede-333-0\">ugen<\/span><span data-offset-key=\"9lede-334-0\">  von<\/span><span data-offset-key=\"9lede-335-0\">  10<\/span><span data-offset-key=\"9lede-336-0\">.<\/span><span data-offset-key=\"9lede-337-0\">000<\/span><span data-offset-key=\"9lede-338-0\">  Ergebnis<\/span><span data-offset-key=\"9lede-339-0\">a\u00df<\/span><span data-offset-key=\"9lede-340-0\">,<\/span><span data-offset-key=\"9lede-341-0\">  Hallo<\/span><span data-offset-key=\"9lede-342-0\">e<\/span><span data-offset-key=\"9lede-343-0\">ft<\/span><span data-offset-key=\"9lede-344-0\">  a<\/span><span data-offset-key=\"9lede-345-0\">individuell anpassbare Lichteffekte mit 90 verschiedenen Optionen und \u00fcberraschenden Blinklichtern. Wenn Sie also empfindlich darauf reagieren, k\u00f6nnen Sie auch diese Einstellungen \u00e4ndern. Der Timer l\u00e4sst sich mit der CubeStation-App verbinden, sodass Sie Ihre Fortschritte verfolgen und ein individuelles Training durchf\u00fchren k\u00f6nnen. Dieses Modell verf\u00fcgt \u00fcber Bluetooth.<\/span><\/p>\n<p><span data-offset-key=\"9lede-345-0\"><strong>GAN Halo Timer (Standard) PAARS: <\/strong>Der Gan Halo Timer Standard kann intern nur 5 Ergebnisse speichern. Trotzdem beh\u00e4lt der Timer seine hohe Qualit\u00e4t und kommt in einer sch\u00f6nen lila Farbe daher. Diese Zeitschaltuhr ist au\u00dferdem mit einer Anti-Falsch-Ausl\u00f6sefunktion ausgestattet. Der GAN Halo Timer Standard ist daher <strong>nicht<\/strong> mit Bluetooth ausgestattet.<br \/>\n<\/span><\/p>\n","protected":false},"excerpt":{"rendered":"<p>GAN<\/p>\n","protected":false},"featured_media":416041,"template":"","meta":{"_improvement_type_select":"improve_an_existing","_thumb_yes_seoaic":false,"_frame_yes_seoaic":false,"seoaic_generate_description":"","seoaic_improve_instructions_prompt":"","seoaic_rollback_content_improvement":"","seoaic_idea_thumbnail_generator":"","thumbnail_generated":false,"thumbnail_generate_prompt":"","seoaic_article_description":"","product-afmeting-lengte-mm":"","product-afmeting-breedte-mm":"","product-afmeting-hoogte-mm":""},"product_brand":[],"product_cat":[1270,1211,1987,2558],"product_tag":[],"class_list":{"0":"post-424517","1":"product","2":"type-product","3":"status-publish","4":"has-post-thumbnail","6":"product_cat-gan-de","7":"product_cat-speedcube-de","8":"product_cat-zeitschaltuhren","9":"product_cat-aanbieding-de","10":"pa_merken-gan-de","12":"first","13":"instock","14":"sale","15":"taxable","16":"shipping-taxable","17":"purchasable","18":"product-type-variable"},"df_price":23.25,"df_sale_price":"","df_regular_price":23.25,"df_image_link":"https:\/\/www.speedcube.nl\/wp-content\/uploads\/2023\/06\/Productvisuals_Speedcubes-Gan-Halo-Timer-Smart-17-285x300.jpg","_links":{"self":[{"href":"https:\/\/www.speedcube.nl\/de\/wp-json\/wp\/v2\/product\/424517","targetHints":{"allow":["GET"]}}],"collection":[{"href":"https:\/\/www.speedcube.nl\/de\/wp-json\/wp\/v2\/product"}],"about":[{"href":"https:\/\/www.speedcube.nl\/de\/wp-json\/wp\/v2\/types\/product"}],"version-history":[{"count":0,"href":"https:\/\/www.speedcube.nl\/de\/wp-json\/wp\/v2\/product\/424517\/revisions"}],"wp:featuredmedia":[{"embeddable":true,"href":"https:\/\/www.speedcube.nl\/de\/wp-json\/wp\/v2\/media\/416041"}],"wp:attachment":[{"href":"https:\/\/www.speedcube.nl\/de\/wp-json\/wp\/v2\/media?parent=424517"}],"wp:term":[{"taxonomy":"product_brand","embeddable":true,"href":"https:\/\/www.speedcube.nl\/de\/wp-json\/wp\/v2\/product_brand?post=424517"},{"taxonomy":"product_cat","embeddable":true,"href":"https:\/\/www.speedcube.nl\/de\/wp-json\/wp\/v2\/product_cat?post=424517"},{"taxonomy":"product_tag","embeddable":true,"href":"https:\/\/www.speedcube.nl\/de\/wp-json\/wp\/v2\/product_tag?post=424517"}],"curies":[{"name":"wp","href":"https:\/\/api.w.org\/{rel}","templated":true}]}}