{"id":424516,"date":"2023-10-10T21:41:47","date_gmt":"2023-10-10T19:41:47","guid":{"rendered":"https:\/\/www.speedcube.nl\/unkategorisiert\/moyu-meilong-7x7-v2\/"},"modified":"2026-05-02T05:01:04","modified_gmt":"2026-05-02T03:01:04","slug":"moyu-meilong-7x7-v2","status":"publish","type":"product","link":"https:\/\/www.speedcube.nl\/de\/speedcube-de\/7x7-de\/moyu-meilong-7x7-v2\/","title":{"rendered":"MoYu Meilong 7&#215;7 V2"},"content":{"rendered":"<p>Mit ihren einzigartigen abgerundeten Ecken ist die MoYu Meilong 7&#215;7 V2 perfekt f\u00fcr sanftes und pr\u00e4zises Eckenschneiden. Dank seiner verbesserten Anti-Pop-Struktur bietet dieser Speedcube auch bei intensiven Speedcube-Sessions eine beeindruckende Stabilit\u00e4t. Der wettkampftaugliche Kern sorgt f\u00fcr einen schnellen und fl\u00fcssigen Spin, mit dem Sie Ihre Geschwindigkeit auf die n\u00e4chste Stufe heben k\u00f6nnen. Holen Sie das Beste aus Ihrem Speedcube-Erlebnis mit dem MoYu Meilong 7&#215;7 V2!<\/p>\n","protected":false},"excerpt":{"rendered":"<p>MOYU<\/p>\n","protected":false},"featured_media":420995,"template":"","meta":{"_improvement_type_select":"improve_an_existing","_thumb_yes_seoaic":false,"_frame_yes_seoaic":false,"seoaic_generate_description":"","seoaic_improve_instructions_prompt":"","seoaic_rollback_content_improvement":"","seoaic_idea_thumbnail_generator":"","thumbnail_generated":false,"thumbnail_generate_prompt":"","seoaic_article_description":"","product-afmeting-lengte-mm":"","product-afmeting-breedte-mm":"","product-afmeting-hoogte-mm":""},"product_brand":[],"product_cat":[1897,1332,1211],"product_tag":[],"class_list":{"0":"post-424516","1":"product","2":"type-product","3":"status-publish","4":"has-post-thumbnail","6":"product_cat-7x7-de","7":"product_cat-moyu-de","8":"product_cat-speedcube-de","9":"pa_merken-moyu-de","11":"first","12":"instock","13":"taxable","14":"shipping-taxable","15":"purchasable","16":"product-type-simple"},"df_price":18.99,"df_sale_price":"","df_regular_price":18.99,"df_image_link":"https:\/\/www.speedcube.nl\/wp-content\/uploads\/2023\/10\/Productvisuals_Speedcubes-MoYu-Meilong-7x7-V2--285x300.jpg","_links":{"self":[{"href":"https:\/\/www.speedcube.nl\/de\/wp-json\/wp\/v2\/product\/424516","targetHints":{"allow":["GET"]}}],"collection":[{"href":"https:\/\/www.speedcube.nl\/de\/wp-json\/wp\/v2\/product"}],"about":[{"href":"https:\/\/www.speedcube.nl\/de\/wp-json\/wp\/v2\/types\/product"}],"version-history":[{"count":0,"href":"https:\/\/www.speedcube.nl\/de\/wp-json\/wp\/v2\/product\/424516\/revisions"}],"wp:featuredmedia":[{"embeddable":true,"href":"https:\/\/www.speedcube.nl\/de\/wp-json\/wp\/v2\/media\/420995"}],"wp:attachment":[{"href":"https:\/\/www.speedcube.nl\/de\/wp-json\/wp\/v2\/media?parent=424516"}],"wp:term":[{"taxonomy":"product_brand","embeddable":true,"href":"https:\/\/www.speedcube.nl\/de\/wp-json\/wp\/v2\/product_brand?post=424516"},{"taxonomy":"product_cat","embeddable":true,"href":"https:\/\/www.speedcube.nl\/de\/wp-json\/wp\/v2\/product_cat?post=424516"},{"taxonomy":"product_tag","embeddable":true,"href":"https:\/\/www.speedcube.nl\/de\/wp-json\/wp\/v2\/product_tag?post=424516"}],"curies":[{"name":"wp","href":"https:\/\/api.w.org\/{rel}","templated":true}]}}