{"id":424498,"date":"2023-03-29T13:44:22","date_gmt":"2023-03-29T11:44:22","guid":{"rendered":"https:\/\/www.speedcube.nl\/unkategorisiert\/cupuz-3d-karton-seepferdchen\/"},"modified":"2026-04-28T05:00:49","modified_gmt":"2026-04-28T03:00:49","slug":"cupuz-3d-karton-seepferdchen","status":"publish","type":"product","link":"https:\/\/www.speedcube.nl\/de\/aanbieding-de\/cupuz-3d-karton-seepferdchen\/","title":{"rendered":"Cupuz 3D Karton Seepferdchen"},"content":{"rendered":"<p>Wollten Sie schon immer mit einem Modellbausatz beginnen? Dann ist dies ein perfektes Einsteigermodell, um zu sehen, ob es Ihr Interesse am Modellbau weckt. Diese Tierserie von Cupuz besteht aus 1 mm dickem, hochwertigem Karton und ist daher sehr stabil! Lassen Sie sich \u00fcberraschen und stellen Sie dieses sch\u00f6ne gelbe Seepferdchen zusammen. Wie Sie auf dem Bild sehen k\u00f6nnen, ist das Modell ziemlich detailliert, es wurde Seegras hinzugef\u00fcgt, um ihm ein besonders lebendiges Aussehen zu verleihen, aber es ist nicht zu kompliziert zusammenzubauen.<\/p>\n<p>Material: 1 mm Karton<br \/>\nAlter: 8+<br \/>\nProdukt mm: 85 x 110 x 50<br \/>\nVerpackung mm: 188 x 108 x 4<\/p>\n","protected":false},"excerpt":{"rendered":"<p>CUPUZ<\/p>\n","protected":false},"featured_media":414469,"template":"","meta":{"_improvement_type_select":"improve_an_existing","_thumb_yes_seoaic":false,"_frame_yes_seoaic":false,"seoaic_generate_description":"","seoaic_improve_instructions_prompt":"","seoaic_rollback_content_improvement":"","seoaic_idea_thumbnail_generator":"","thumbnail_generated":false,"thumbnail_generate_prompt":"","seoaic_article_description":"","product-afmeting-lengte-mm":"","product-afmeting-breedte-mm":"","product-afmeting-hoogte-mm":""},"product_brand":[],"product_cat":[2090,1499,2558],"product_tag":[],"class_list":{"0":"post-424498","1":"product","2":"type-product","3":"status-publish","4":"has-post-thumbnail","6":"product_cat-cupuz-de","7":"product_cat-modellbau","8":"product_cat-aanbieding-de","9":"pa_merken-cupuz-de","11":"first","12":"instock","13":"sale","14":"taxable","15":"shipping-taxable","16":"purchasable","17":"product-type-simple"},"df_price":3.5,"df_sale_price":3.5,"df_regular_price":6.99,"df_image_link":"https:\/\/www.speedcube.nl\/wp-content\/uploads\/2023\/06\/Productvisuals_Modelbouw-Cupuz-Zeepaard-285x300.jpg","_links":{"self":[{"href":"https:\/\/www.speedcube.nl\/de\/wp-json\/wp\/v2\/product\/424498","targetHints":{"allow":["GET"]}}],"collection":[{"href":"https:\/\/www.speedcube.nl\/de\/wp-json\/wp\/v2\/product"}],"about":[{"href":"https:\/\/www.speedcube.nl\/de\/wp-json\/wp\/v2\/types\/product"}],"version-history":[{"count":0,"href":"https:\/\/www.speedcube.nl\/de\/wp-json\/wp\/v2\/product\/424498\/revisions"}],"wp:featuredmedia":[{"embeddable":true,"href":"https:\/\/www.speedcube.nl\/de\/wp-json\/wp\/v2\/media\/414469"}],"wp:attachment":[{"href":"https:\/\/www.speedcube.nl\/de\/wp-json\/wp\/v2\/media?parent=424498"}],"wp:term":[{"taxonomy":"product_brand","embeddable":true,"href":"https:\/\/www.speedcube.nl\/de\/wp-json\/wp\/v2\/product_brand?post=424498"},{"taxonomy":"product_cat","embeddable":true,"href":"https:\/\/www.speedcube.nl\/de\/wp-json\/wp\/v2\/product_cat?post=424498"},{"taxonomy":"product_tag","embeddable":true,"href":"https:\/\/www.speedcube.nl\/de\/wp-json\/wp\/v2\/product_tag?post=424498"}],"curies":[{"name":"wp","href":"https:\/\/api.w.org\/{rel}","templated":true}]}}