{"id":424443,"date":"2023-06-27T15:24:52","date_gmt":"2023-06-27T13:24:52","guid":{"rendered":"https:\/\/www.speedcube.nl\/unkategorisiert\/ugears-bemannter-mars-rover\/"},"modified":"2026-04-28T05:00:32","modified_gmt":"2026-04-28T03:00:32","slug":"ugears-bemannter-mars-rover","status":"publish","type":"product","link":"https:\/\/www.speedcube.nl\/de\/ugears\/ugears-bemannter-mars-rover\/","title":{"rendered":"Ugears bemannter Mars-Rover"},"content":{"rendered":"<p><span data-offset-key=\"9oisd-353-0\">St<\/span><span data-offset-key=\"9oisd-354-0\">el<\/span><span data-offset-key=\"9oisd-355-0\">  Ihr<\/span><span data-offset-key=\"9oisd-356-0\">  v<\/span><span data-offset-key=\"9oisd-357-0\">Ohr<\/span><span data-offset-key=\"9oisd-358-0\">  dass<\/span><span data-offset-key=\"9oisd-359-0\">  Ihr<\/span><span data-offset-key=\"9oisd-360-0\">  die<\/span><span data-offset-key=\"9oisd-361-0\">  zu<\/span><span data-offset-key=\"9oisd-362-0\">ek<\/span><span data-offset-key=\"9oisd-363-0\">zu<\/span><span data-offset-key=\"9oisd-364-0\">st<\/span><span data-offset-key=\"9oisd-365-0\">  auf<\/span><span data-offset-key=\"9oisd-366-0\">td<\/span><span data-offset-key=\"9oisd-367-0\">ek<\/span><span data-offset-key=\"9oisd-368-0\">t<\/span><span data-offset-key=\"9oisd-369-0\">  mit<\/span><span data-offset-key=\"9oisd-370-0\">  die<\/span><span data-offset-key=\"9oisd-371-0\">  Ug<\/span><span data-offset-key=\"9oisd-372-0\">Ohren<\/span><span data-offset-key=\"9oisd-373-0\">  Mars<\/span><span data-offset-key=\"9oisd-374-0\">  Rover<\/span><span data-offset-key=\"9oisd-375-0\">.<\/span><span data-offset-key=\"9oisd-376-0\">  Die<\/span><span data-offset-key=\"9oisd-377-0\">sie<\/span><span data-offset-key=\"9oisd-378-0\">  Spezial<\/span><span data-offset-key=\"9oisd-379-0\">e<\/span><span data-offset-key=\"9oisd-380-0\">  alle<\/span><span data-offset-key=\"9oisd-381-0\">&#8211;<\/span><span data-offset-key=\"9oisd-382-0\">zu<\/span><span data-offset-key=\"9oisd-383-0\">Regen<\/span><span data-offset-key=\"9oisd-384-0\">  auf<\/span><span data-offset-key=\"9oisd-385-0\">td<\/span><span data-offset-key=\"9oisd-386-0\">ek<\/span><span data-offset-key=\"9oisd-387-0\">k<\/span><span data-offset-key=\"9oisd-388-0\">ings<\/span><span data-offset-key=\"9oisd-389-0\">zu<\/span><span data-offset-key=\"9oisd-390-0\">iz<\/span><span data-offset-key=\"9oisd-391-0\">iger<\/span><span data-offset-key=\"9oisd-392-0\">  ist<\/span><span data-offset-key=\"9oisd-393-0\">  u<\/span><span data-offset-key=\"9oisd-394-0\">es<\/span><span data-offset-key=\"9oisd-395-0\">ger<\/span><span data-offset-key=\"9oisd-396-0\">ust<\/span><span data-offset-key=\"9oisd-397-0\">  mit<\/span><span data-offset-key=\"9oisd-398-0\">  6<\/span><span data-offset-key=\"9oisd-399-0\">x<\/span><span data-offset-key=\"9oisd-400-0\">6<\/span><span data-offset-key=\"9oisd-401-0\">  v<\/span><span data-offset-key=\"9oisd-402-0\">ier<\/span><span data-offset-key=\"9oisd-403-0\">w<\/span><span data-offset-key=\"9oisd-404-0\">mickrig<\/span><span data-offset-key=\"9oisd-405-0\">a<\/span><span data-offset-key=\"9oisd-406-0\">und<\/span><span data-offset-key=\"9oisd-407-0\">ri<\/span><span data-offset-key=\"9oisd-408-0\">j<\/span><span data-offset-key=\"9oisd-409-0\">gefangen<\/span><span data-offset-key=\"9oisd-410-0\">  und<\/span><span data-offset-key=\"9oisd-411-0\">  e<\/span><span data-offset-key=\"9oisd-412-0\">und<\/span><span data-offset-key=\"9oisd-413-0\">  Taxi<\/span><span data-offset-key=\"9oisd-414-0\">ine<\/span><span data-offset-key=\"9oisd-415-0\">  v<\/span><span data-offset-key=\"9oisd-416-0\">Ohr<\/span><span data-offset-key=\"9oisd-417-0\">  tw<\/span><span data-offset-key=\"9oisd-418-0\">ee<\/span><span data-offset-key=\"9oisd-419-0\">  Astronaut<\/span><span data-offset-key=\"9oisd-420-0\">und<\/span><span data-offset-key=\"9oisd-421-0\">.<\/span><span data-offset-key=\"9oisd-422-0\">  Mit<\/span><span data-offset-key=\"9oisd-423-0\">  die<\/span><span data-offset-key=\"9oisd-424-0\">  ve<\/span><span data-offset-key=\"9oisd-425-0\">er<\/span><span data-offset-key=\"9oisd-426-0\">  a<\/span><span data-offset-key=\"9oisd-427-0\">anged<\/span><span data-offset-key=\"9oisd-428-0\">zu<\/span><span data-offset-key=\"9oisd-429-0\">ven<\/span><span data-offset-key=\"9oisd-430-0\">  Motor, Karosserie und vollgefederter Einzelradaufh\u00e4ngung k\u00f6nnen Sie sich in der Marslandschaft bewegen. Mit den Vorderr\u00e4dern mit gro\u00dfem Durchmesser k\u00f6nnen Sie Hindernisse \u00fcberwinden, w\u00e4hrend Sie die Zukunft erkunden. W\u00e4hrend Sie die Satellitensch\u00fcssel auf der Oberseite des Rover zum Senden oder Empfangen von Signalen verwenden, kann auch ein Tablett auf der R\u00fcckseite heruntergeklappt werden. Lass dich mitrei\u00dfen und erkunde den Mars mit dem Ugears Manned Mars Rover!<\/span><\/p>\n<p>Produktabmessungen in mm: 300 x 145 x 185<br \/>\nVerpackungsgr\u00f6\u00dfe in mm: 375 x 170 x 50<br \/>\nAnzahl der Teile: 562<br \/>\nGesch\u00e4tzte Montagezeit: 8 Stunden<\/p>\n","protected":false},"excerpt":{"rendered":"<p>UGEARS<\/p>\n","protected":false},"featured_media":416727,"template":"","meta":{"_improvement_type_select":"improve_an_existing","_thumb_yes_seoaic":false,"_frame_yes_seoaic":false,"seoaic_generate_description":"","seoaic_improve_instructions_prompt":"","seoaic_rollback_content_improvement":"","seoaic_idea_thumbnail_generator":"","thumbnail_generated":false,"thumbnail_generate_prompt":"","seoaic_article_description":"","product-afmeting-lengte-mm":"","product-afmeting-breedte-mm":"","product-afmeting-hoogte-mm":""},"product_brand":[],"product_cat":[1499,5352,2558],"product_tag":[],"class_list":{"0":"post-424443","1":"product","2":"type-product","3":"status-publish","4":"has-post-thumbnail","6":"product_cat-modellbau","7":"product_cat-ugears","8":"product_cat-aanbieding-de","9":"pa_merken-ugears-de","11":"first","12":"instock","13":"sale","14":"taxable","15":"shipping-taxable","16":"purchasable","17":"product-type-simple"},"df_price":59.96,"df_sale_price":59.96,"df_regular_price":79.95,"df_image_link":"https:\/\/www.speedcube.nl\/wp-content\/uploads\/2023\/06\/Productvisuals_Modelbouw-Ugears-Bemande-Mars-Rover--285x300.jpg","_links":{"self":[{"href":"https:\/\/www.speedcube.nl\/de\/wp-json\/wp\/v2\/product\/424443","targetHints":{"allow":["GET"]}}],"collection":[{"href":"https:\/\/www.speedcube.nl\/de\/wp-json\/wp\/v2\/product"}],"about":[{"href":"https:\/\/www.speedcube.nl\/de\/wp-json\/wp\/v2\/types\/product"}],"version-history":[{"count":0,"href":"https:\/\/www.speedcube.nl\/de\/wp-json\/wp\/v2\/product\/424443\/revisions"}],"wp:featuredmedia":[{"embeddable":true,"href":"https:\/\/www.speedcube.nl\/de\/wp-json\/wp\/v2\/media\/416727"}],"wp:attachment":[{"href":"https:\/\/www.speedcube.nl\/de\/wp-json\/wp\/v2\/media?parent=424443"}],"wp:term":[{"taxonomy":"product_brand","embeddable":true,"href":"https:\/\/www.speedcube.nl\/de\/wp-json\/wp\/v2\/product_brand?post=424443"},{"taxonomy":"product_cat","embeddable":true,"href":"https:\/\/www.speedcube.nl\/de\/wp-json\/wp\/v2\/product_cat?post=424443"},{"taxonomy":"product_tag","embeddable":true,"href":"https:\/\/www.speedcube.nl\/de\/wp-json\/wp\/v2\/product_tag?post=424443"}],"curies":[{"name":"wp","href":"https:\/\/api.w.org\/{rel}","templated":true}]}}