{"id":424418,"date":"2023-06-28T10:35:14","date_gmt":"2023-06-28T08:35:14","guid":{"rendered":"https:\/\/www.speedcube.nl\/unkategorisiert\/veter-models-racer-v3\/"},"modified":"2026-05-09T05:01:28","modified_gmt":"2026-05-09T03:01:28","slug":"veter-models-racer-v3","status":"publish","type":"product","link":"https:\/\/www.speedcube.nl\/de\/aanbieding-de\/veter-models-racer-v3\/","title":{"rendered":"Veter Models Racer V3"},"content":{"rendered":"<p><span data-offset-key=\"1gj32-595-0\">Veter Models ist bestrebt, Ihnen zu helfen, Ihre Zeit mit den Menschen zu verbringen, die Sie lieben, und nicht zu viel mit Ihren digitalen Ger\u00e4ten. Au\u00dferdem glauben sie, dass es nichts Besseres gibt als das Gef\u00fchl, das man bekommt, wenn man seine Modelle selbst baut. Das Ergebnis ist, dass Veter Models sich verpflichtet hat, eine Reihe von st\u00e4rkeren und besseren 3D-Modellierpuzzles anzubieten. Die 3D-Modelle von Veter Models werden mit innovativen Techniken und anderen Materialien hergestellt, als Sie es von anderen Marken gewohnt sind. Der Bau Ihres ersten Modells ist wahrscheinlich nicht ganz einfach, denn einige Puzzleteile f\u00fchlen sich anders an als sonst, weil sie sowohl in Form als auch Material unterschiedlich sind. Aber wenn du dein Puzzle machst, wirst du sehen, dass dein Veter Models Modell viel besser, fester und stabiler ist als alles, was du bisher gesehen hast. Viel Spa\u00df mit diesem Veter Models Racer V3, der bis zu 3 Meter weit fahren kann! Dieses Modell besteht aus 223 Teilen.<\/span><\/p>\n","protected":false},"excerpt":{"rendered":"<p>VATERMODELLE<\/p>\n","protected":false},"featured_media":417101,"template":"","meta":{"_improvement_type_select":"improve_an_existing","_thumb_yes_seoaic":false,"_frame_yes_seoaic":false,"seoaic_generate_description":"","seoaic_improve_instructions_prompt":"","seoaic_rollback_content_improvement":"","seoaic_idea_thumbnail_generator":"","thumbnail_generated":false,"thumbnail_generate_prompt":"","seoaic_article_description":"","product-afmeting-lengte-mm":"170","product-afmeting-breedte-mm":"70","product-afmeting-hoogte-mm":"39"},"product_brand":[],"product_cat":[1499,2558,1838],"product_tag":[],"class_list":{"0":"post-424418","1":"product","2":"type-product","3":"status-publish","4":"has-post-thumbnail","6":"product_cat-modellbau","7":"product_cat-aanbieding-de","8":"product_cat-veter-modelle","9":"pa_merken-vatermodelle","11":"first","12":"instock","13":"sale","14":"taxable","15":"shipping-taxable","16":"purchasable","17":"product-type-simple"},"df_price":20.97,"df_sale_price":20.97,"df_regular_price":34.95,"df_image_link":"https:\/\/www.speedcube.nl\/wp-content\/uploads\/2023\/06\/Productvisuals_Modelbouw-Veter-Models-Racer-V3--285x300.jpg","_links":{"self":[{"href":"https:\/\/www.speedcube.nl\/de\/wp-json\/wp\/v2\/product\/424418","targetHints":{"allow":["GET"]}}],"collection":[{"href":"https:\/\/www.speedcube.nl\/de\/wp-json\/wp\/v2\/product"}],"about":[{"href":"https:\/\/www.speedcube.nl\/de\/wp-json\/wp\/v2\/types\/product"}],"version-history":[{"count":0,"href":"https:\/\/www.speedcube.nl\/de\/wp-json\/wp\/v2\/product\/424418\/revisions"}],"wp:featuredmedia":[{"embeddable":true,"href":"https:\/\/www.speedcube.nl\/de\/wp-json\/wp\/v2\/media\/417101"}],"wp:attachment":[{"href":"https:\/\/www.speedcube.nl\/de\/wp-json\/wp\/v2\/media?parent=424418"}],"wp:term":[{"taxonomy":"product_brand","embeddable":true,"href":"https:\/\/www.speedcube.nl\/de\/wp-json\/wp\/v2\/product_brand?post=424418"},{"taxonomy":"product_cat","embeddable":true,"href":"https:\/\/www.speedcube.nl\/de\/wp-json\/wp\/v2\/product_cat?post=424418"},{"taxonomy":"product_tag","embeddable":true,"href":"https:\/\/www.speedcube.nl\/de\/wp-json\/wp\/v2\/product_tag?post=424418"}],"curies":[{"name":"wp","href":"https:\/\/api.w.org\/{rel}","templated":true}]}}