{"id":424409,"date":"2023-06-28T12:20:22","date_gmt":"2023-06-28T10:20:22","guid":{"rendered":"https:\/\/www.speedcube.nl\/unkategorisiert\/veter-models-hubschrauber-valkyrja-inkl-plattform\/"},"modified":"2026-05-09T05:01:28","modified_gmt":"2026-05-09T03:01:28","slug":"veter-models-hubschrauber-valkyrja-inkl-plattform","status":"publish","type":"product","link":"https:\/\/www.speedcube.nl\/de\/aanbieding-de\/veter-models-hubschrauber-valkyrja-inkl-plattform\/","title":{"rendered":"Veter Models Hubschrauber Valkyrja inkl. Plattform"},"content":{"rendered":"<p><span data-offset-key=\"1gj32-534-0\">Bei Veter Models<\/span><span data-offset-key=\"1gj32-536-0\">wollen<\/span> sie  <span data-offset-key=\"1gj32-538-0\">ern<\/span><span data-offset-key=\"1gj32-539-0\">a<\/span><span data-offset-key=\"1gj32-540-0\">ar<\/span><span data-offset-key=\"1gj32-541-0\">  um Ihnen<\/span><span data-offset-key=\"1gj32-542-0\">  unter<\/span><span data-offset-key=\"1gj32-543-0\">  Hilfe<\/span><span data-offset-key=\"1gj32-544-0\">und<\/span><span data-offset-key=\"1gj32-545-0\">  Ihr<\/span><span data-offset-key=\"1gj32-546-0\">  t<\/span><span data-offset-key=\"1gj32-547-0\">ij<\/span><span data-offset-key=\"1gj32-548-0\">d  <\/span><span data-offset-key=\"1gj32-549-0\">unter<\/span><span data-offset-key=\"1gj32-550-0\">  am besten<\/span><span data-offset-key=\"1gj32-551-0\">eden<\/span><span data-offset-key=\"1gj32-552-0\">  mit<\/span><span data-offset-key=\"1gj32-553-0\">  die<\/span><span data-offset-key=\"1gj32-554-0\">  m<\/span><span data-offset-key=\"1gj32-555-0\">unds<\/span><span data-offset-key=\"1gj32-556-0\">  die<\/span><span data-offset-key=\"1gj32-557-0\">  Ihr<\/span><span data-offset-key=\"1gj32-558-0\">  l<\/span><span data-offset-key=\"1gj32-559-0\">ief<\/span><span data-offset-key=\"1gj32-560-0\">Hallo<\/span><span data-offset-key=\"1gj32-561-0\">bt<\/span><span data-offset-key=\"1gj32-562-0\">,<\/span><span data-offset-key=\"1gj32-563-0\">  unter<\/span><span data-offset-key=\"1gj32-564-0\">  pl<\/span><span data-offset-key=\"1gj32-565-0\">a<\/span><span data-offset-key=\"1gj32-566-0\">ats<\/span><span data-offset-key=\"1gj32-567-0\">  von<\/span><span data-offset-key=\"1gj32-568-0\">  unter<\/span><span data-offset-key=\"1gj32-569-0\">  ve<\/span><span data-offset-key=\"1gj32-570-0\">el<\/span><span data-offset-key=\"1gj32-571-0\">  mit<\/span><span data-offset-key=\"1gj32-572-0\">  Ihr<\/span><span data-offset-key=\"1gj32-573-0\">  Ziffer<\/span><span data-offset-key=\"1gj32-574-0\">ale<\/span><span data-offset-key=\"1gj32-575-0\">  Ger\u00e4t<\/span><span data-offset-key=\"1gj32-576-0\">atu<\/span><span data-offset-key=\"1gj32-577-0\">ur<\/span><span data-offset-key=\"1gj32-578-0\">.<\/span><span data-offset-key=\"1gj32-579-0\">  Da<\/span><span data-offset-key=\"1gj32-580-0\">arna<\/span><span data-offset-key=\"1gj32-581-0\">ast<\/span><span data-offset-key=\"1gj32-582-0\">  Gel<\/span><span data-offset-key=\"1gj32-583-0\">Ofen<\/span><span data-offset-key=\"1gj32-584-0\">  sie<\/span><span data-offset-key=\"1gj32-585-0\">  o<\/span><span data-offset-key=\"1gj32-586-0\">ok<\/span><span data-offset-key=\"1gj32-587-0\">  dass<\/span><span data-offset-key=\"1gj32-588-0\">  er<\/span><span data-offset-key=\"1gj32-589-0\">  n<\/span><span data-offset-key=\"1gj32-590-0\">etw.<\/span><span data-offset-key=\"1gj32-591-0\">  sein<\/span><span data-offset-key=\"1gj32-592-0\">zu<\/span><span data-offset-key=\"1gj32-593-0\">  ist<\/span><span data-offset-key=\"1gj32-594-0\">  dann<\/span><span data-offset-key=\"1gj32-595-0\">  das Gef\u00fchl, das man bekommt, wenn man seine Modelle selbst baut. Das Ergebnis ist, dass Veter Models sich verpflichtet hat, eine Reihe von st\u00e4rkeren und besseren 3D-Modellierpuzzles anzubieten. Die 3D-Modelle von Veter Models werden mit innovativen Techniken und anderen Materialien hergestellt, als Sie es von anderen Marken gewohnt sind. Der Bau Ihres ersten Modells ist wahrscheinlich nicht ganz einfach, denn einige Puzzleteile f\u00fchlen sich anders an als sonst, weil sie sowohl in Form als auch Material unterschiedlich sind. Aber wenn du dein Puzzle machst, wirst du sehen, dass dein Veter Models Modell viel besser, fester und stabiler ist als alles, was du bisher gesehen hast.<\/span><\/p>\n<p>Dieser Veter-Modellhubschrauber hat einen Haupt- und einen Heckrotor, eine funktionale Kabinent\u00fcr zum \u00d6ffnen und eine seitlich zu \u00f6ffnende Frachtt\u00fcr. Dar\u00fcber hinaus verf\u00fcgt der Hubschrauber \u00fcber zwei drehbare Steuerr\u00e4der, mit denen Sie den Winkel des Hauptrotors jederzeit \u00e4ndern k\u00f6nnen. Au\u00dferdem ist die Turbine des Hubschraubers voll funktionsf\u00e4hig. Dieser Hubschrauber hat auch einen funktionalen Landeplatz und rotierende Bl\u00e4tter, die mit Hilfe einer Metallfeder abheben. Das Modell besteht aus 421 Teilen.<\/p>\n","protected":false},"excerpt":{"rendered":"<p>VATERMODELLE<\/p>\n","protected":false},"featured_media":417239,"template":"","meta":{"_improvement_type_select":"improve_an_existing","_thumb_yes_seoaic":false,"_frame_yes_seoaic":false,"seoaic_generate_description":"","seoaic_improve_instructions_prompt":"","seoaic_rollback_content_improvement":"","seoaic_idea_thumbnail_generator":"","thumbnail_generated":false,"thumbnail_generate_prompt":"","seoaic_article_description":"","product-afmeting-lengte-mm":"358","product-afmeting-breedte-mm":"99","product-afmeting-hoogte-mm":"55"},"product_brand":[],"product_cat":[1499,2558,1838],"product_tag":[],"class_list":{"0":"post-424409","1":"product","2":"type-product","3":"status-publish","4":"has-post-thumbnail","6":"product_cat-modellbau","7":"product_cat-aanbieding-de","8":"product_cat-veter-modelle","9":"pa_merken-vatermodelle","11":"first","12":"instock","13":"sale","14":"taxable","15":"shipping-taxable","16":"purchasable","17":"product-type-simple"},"df_price":53.97,"df_sale_price":53.97,"df_regular_price":89.95,"df_image_link":"https:\/\/www.speedcube.nl\/wp-content\/uploads\/2023\/06\/Productvisuals_Modelbouw-Veter-Models-Helikopter-Valkyrja-incl.-Platvorm--285x300.jpg","_links":{"self":[{"href":"https:\/\/www.speedcube.nl\/de\/wp-json\/wp\/v2\/product\/424409","targetHints":{"allow":["GET"]}}],"collection":[{"href":"https:\/\/www.speedcube.nl\/de\/wp-json\/wp\/v2\/product"}],"about":[{"href":"https:\/\/www.speedcube.nl\/de\/wp-json\/wp\/v2\/types\/product"}],"version-history":[{"count":0,"href":"https:\/\/www.speedcube.nl\/de\/wp-json\/wp\/v2\/product\/424409\/revisions"}],"wp:featuredmedia":[{"embeddable":true,"href":"https:\/\/www.speedcube.nl\/de\/wp-json\/wp\/v2\/media\/417239"}],"wp:attachment":[{"href":"https:\/\/www.speedcube.nl\/de\/wp-json\/wp\/v2\/media?parent=424409"}],"wp:term":[{"taxonomy":"product_brand","embeddable":true,"href":"https:\/\/www.speedcube.nl\/de\/wp-json\/wp\/v2\/product_brand?post=424409"},{"taxonomy":"product_cat","embeddable":true,"href":"https:\/\/www.speedcube.nl\/de\/wp-json\/wp\/v2\/product_cat?post=424409"},{"taxonomy":"product_tag","embeddable":true,"href":"https:\/\/www.speedcube.nl\/de\/wp-json\/wp\/v2\/product_tag?post=424409"}],"curies":[{"name":"wp","href":"https:\/\/api.w.org\/{rel}","templated":true}]}}