{"id":424398,"date":"2023-07-03T13:29:58","date_gmt":"2023-07-03T11:29:58","guid":{"rendered":"https:\/\/www.speedcube.nl\/unkategorisiert\/robotime-rokr-ak-47-sturmgewehr-lq901\/"},"modified":"2026-05-16T05:11:36","modified_gmt":"2026-05-16T03:11:36","slug":"robotime-rokr-ak-47-sturmgewehr-lq901","status":"publish","type":"product","link":"https:\/\/www.speedcube.nl\/de\/aanbieding-de\/robotime-rokr-ak-47-sturmgewehr-lq901\/","title":{"rendered":"Robotime ROKR AK-47 Sturmgewehr LQ901"},"content":{"rendered":"<p>Eine realistische Simulation eines Sturmgewehrs. Mit diesem einzigartigen Bausatz kannst du selbst erleben, wie aufregend es ist, dein eigenes Gewehr zusammenzubauen. Komplett mit komplizierten Holzteilen, die ein lebensechtes Design schaffen. Nat\u00fcrlich ist es ein Spielzeugmodell und daher mit Gummib\u00e4ndern gedreht. Perfekt f\u00fcr Kinder und Erwachsene gleicherma\u00dfen! Dieses Spielzeug bietet ein fesselndes und anspruchsvolles Konstruktionserlebnis, das zu einem sch\u00f6nen Endprodukt f\u00fchrt. Mach dich bereit f\u00fcr stundenlangen Spa\u00df und Abenteuer mit diesem Holzmodellbaukasten! Dieser Bausatz besteht aus 315 Teilen.<\/p>\n","protected":false},"excerpt":{"rendered":"<p>ROBOTIME<\/p>\n","protected":false},"featured_media":417378,"template":"","meta":{"_improvement_type_select":"improve_an_existing","_thumb_yes_seoaic":false,"_frame_yes_seoaic":false,"seoaic_generate_description":"","seoaic_improve_instructions_prompt":"","seoaic_rollback_content_improvement":"","seoaic_idea_thumbnail_generator":"","thumbnail_generated":false,"thumbnail_generate_prompt":"","seoaic_article_description":"","product-afmeting-lengte-mm":"720","product-afmeting-breedte-mm":"55","product-afmeting-hoogte-mm":"220"},"product_brand":[],"product_cat":[1499,2558,1619],"product_tag":[],"class_list":{"0":"post-424398","1":"product","2":"type-product","3":"status-publish","4":"has-post-thumbnail","6":"product_cat-modellbau","7":"product_cat-aanbieding-de","8":"product_cat-robotime-de","9":"pa_merken-robotime-de","11":"first","12":"instock","13":"sale","14":"taxable","15":"shipping-taxable","16":"purchasable","17":"product-type-simple"},"df_price":27.59,"df_sale_price":27.59,"df_regular_price":45.99,"df_image_link":"https:\/\/www.speedcube.nl\/wp-content\/uploads\/2023\/07\/Productvisuals_Modelbouw-Robotime-ROKR-AK-47-Assault-rifle-LQ901--285x300.jpg","_links":{"self":[{"href":"https:\/\/www.speedcube.nl\/de\/wp-json\/wp\/v2\/product\/424398","targetHints":{"allow":["GET"]}}],"collection":[{"href":"https:\/\/www.speedcube.nl\/de\/wp-json\/wp\/v2\/product"}],"about":[{"href":"https:\/\/www.speedcube.nl\/de\/wp-json\/wp\/v2\/types\/product"}],"version-history":[{"count":0,"href":"https:\/\/www.speedcube.nl\/de\/wp-json\/wp\/v2\/product\/424398\/revisions"}],"wp:featuredmedia":[{"embeddable":true,"href":"https:\/\/www.speedcube.nl\/de\/wp-json\/wp\/v2\/media\/417378"}],"wp:attachment":[{"href":"https:\/\/www.speedcube.nl\/de\/wp-json\/wp\/v2\/media?parent=424398"}],"wp:term":[{"taxonomy":"product_brand","embeddable":true,"href":"https:\/\/www.speedcube.nl\/de\/wp-json\/wp\/v2\/product_brand?post=424398"},{"taxonomy":"product_cat","embeddable":true,"href":"https:\/\/www.speedcube.nl\/de\/wp-json\/wp\/v2\/product_cat?post=424398"},{"taxonomy":"product_tag","embeddable":true,"href":"https:\/\/www.speedcube.nl\/de\/wp-json\/wp\/v2\/product_tag?post=424398"}],"curies":[{"name":"wp","href":"https:\/\/api.w.org\/{rel}","templated":true}]}}