{"id":424392,"date":"2023-07-03T15:51:00","date_gmt":"2023-07-03T13:51:00","guid":{"rendered":"https:\/\/www.speedcube.nl\/unkategorisiert\/gan-13-maglev-colore-limitierte-auflage\/"},"modified":"2026-05-03T05:27:26","modified_gmt":"2026-05-03T03:27:26","slug":"gan-13-maglev-colore-limitierte-auflage","status":"publish","type":"product","link":"https:\/\/www.speedcube.nl\/de\/aanbieding-de\/gan-13-maglev-colore-limitierte-auflage\/","title":{"rendered":"GAN 13 Maglev Colore Limitierte Auflage"},"content":{"rendered":"<p>GAN 13 Limited Edition ist jetzt bei speedcube.de erh\u00e4ltlich! Endlich ist es m\u00f6glich, das neueste Flaggschiff von GAN, einen 3&#215;3 Speedcube, in die H\u00e4nde zu bekommen. Dieser beeindruckende 3&#215;3 Speedcube ist mit nicht weniger als 88 Magneten ausgestattet, die unterschiedlichen Zwecken dienen, von Kernmagneten bis zu MagLev-Magneten. Das GAN 13 ist erwartungsgem\u00e4\u00df ein absolutes Flaggschiff unter den Speedcubes und wird ohne Zweifel noch lange Zeit zu den dominierenden Speedcube-Giganten auf dem Markt geh\u00f6ren. Der W\u00fcrfel ist in Bezug auf Magnetst\u00e4rke, Spannung und Kompression vollst\u00e4ndig anpassbar. Das GAN 13 wiegt nur 71 Gramm und ist damit einer der leichtesten Speedcubes auf dem Markt. Und das, obwohl er mit unglaublich moderner W\u00fcrfeltechnik ausgestattet ist.<\/p>\n<p>GAN 13 Color\u00e9 ist ein GAN-W\u00fcrfel in limitierter Auflage mit kristallblauem Boden. Das Modell ist eine limitierte Auflage und daher nur in begrenzter St\u00fcckzahl erh\u00e4ltlich.<\/p>\n","protected":false},"excerpt":{"rendered":"<p>GAN<\/p>\n","protected":false},"featured_media":417480,"template":"","meta":{"_improvement_type_select":"improve_an_existing","_thumb_yes_seoaic":false,"_frame_yes_seoaic":false,"seoaic_generate_description":"","seoaic_improve_instructions_prompt":"","seoaic_rollback_content_improvement":"","seoaic_idea_thumbnail_generator":"","thumbnail_generated":false,"thumbnail_generate_prompt":"","seoaic_article_description":"","product-afmeting-lengte-mm":"56","product-afmeting-breedte-mm":"56","product-afmeting-hoogte-mm":"56"},"product_brand":[],"product_cat":[1270,1211,2558],"product_tag":[],"class_list":{"0":"post-424392","1":"product","2":"type-product","3":"status-publish","4":"has-post-thumbnail","6":"product_cat-gan-de","7":"product_cat-speedcube-de","8":"product_cat-aanbieding-de","9":"pa_merken-gan-de","11":"first","12":"instock","13":"sale","14":"taxable","15":"shipping-taxable","16":"purchasable","17":"product-type-simple"},"df_price":69.99,"df_sale_price":69.99,"df_regular_price":99.99,"df_image_link":"https:\/\/www.speedcube.nl\/wp-content\/uploads\/2023\/07\/Productvisuals_Speedcubes-GAN-13-Maglev-Colore-Limited-Edition--285x300.jpg","_links":{"self":[{"href":"https:\/\/www.speedcube.nl\/de\/wp-json\/wp\/v2\/product\/424392","targetHints":{"allow":["GET"]}}],"collection":[{"href":"https:\/\/www.speedcube.nl\/de\/wp-json\/wp\/v2\/product"}],"about":[{"href":"https:\/\/www.speedcube.nl\/de\/wp-json\/wp\/v2\/types\/product"}],"version-history":[{"count":0,"href":"https:\/\/www.speedcube.nl\/de\/wp-json\/wp\/v2\/product\/424392\/revisions"}],"wp:featuredmedia":[{"embeddable":true,"href":"https:\/\/www.speedcube.nl\/de\/wp-json\/wp\/v2\/media\/417480"}],"wp:attachment":[{"href":"https:\/\/www.speedcube.nl\/de\/wp-json\/wp\/v2\/media?parent=424392"}],"wp:term":[{"taxonomy":"product_brand","embeddable":true,"href":"https:\/\/www.speedcube.nl\/de\/wp-json\/wp\/v2\/product_brand?post=424392"},{"taxonomy":"product_cat","embeddable":true,"href":"https:\/\/www.speedcube.nl\/de\/wp-json\/wp\/v2\/product_cat?post=424392"},{"taxonomy":"product_tag","embeddable":true,"href":"https:\/\/www.speedcube.nl\/de\/wp-json\/wp\/v2\/product_tag?post=424392"}],"curies":[{"name":"wp","href":"https:\/\/api.w.org\/{rel}","templated":true}]}}