{"id":424388,"date":"2023-10-10T16:57:21","date_gmt":"2023-10-10T14:57:21","guid":{"rendered":"https:\/\/www.speedcube.nl\/unkategorisiert\/stressball-handgesten\/"},"modified":"2026-05-12T05:00:45","modified_gmt":"2026-05-12T03:00:45","slug":"stressball-handgesten","status":"publish","type":"product","link":"https:\/\/www.speedcube.nl\/de\/aanbieding-de\/stressball-handgesten\/","title":{"rendered":"Stressball Handgesten"},"content":{"rendered":"<p>Dr\u00fccke dich weg mit diesem stressabbauenden Ball! Dieser weiche Ball ist mit einem speziellen Pulver gef\u00fcllt, das das Quetschen zu einem angenehmen Erlebnis macht. Die Handgesten umfassen eine Variation der energischen Faust, des friedlichen V-Zeichens oder des spielerisch erhobenen Fingers. Legen Sie einen Stressball auf Ihren Schreibtisch und sorgen Sie f\u00fcr mehr Spa\u00df beim Stressabbau. Und damit es noch mehr Spa\u00df macht, ist es eine \u00dcberraschung, welche Sie erhalten werden!<\/p>\n","protected":false},"excerpt":{"rendered":"<p>BRANDLOOS<\/p>\n","protected":false},"featured_media":420815,"template":"","meta":{"_improvement_type_select":"improve_an_existing","_thumb_yes_seoaic":false,"_frame_yes_seoaic":false,"seoaic_generate_description":"","seoaic_improve_instructions_prompt":"","seoaic_rollback_content_improvement":"","seoaic_idea_thumbnail_generator":"","thumbnail_generated":false,"thumbnail_generate_prompt":"","seoaic_article_description":"","product-afmeting-lengte-mm":"120","product-afmeting-breedte-mm":"100","product-afmeting-hoogte-mm":"70"},"product_brand":[],"product_cat":[2558,1230],"product_tag":[],"class_list":{"0":"post-424388","1":"product","2":"type-product","3":"status-publish","4":"has-post-thumbnail","6":"product_cat-aanbieding-de","7":"product_cat-zappelphilipp","8":"pa_merken-brandloos","10":"first","11":"instock","12":"sale","13":"taxable","14":"shipping-taxable","15":"purchasable","16":"product-type-simple"},"df_price":1.79,"df_sale_price":1.79,"df_regular_price":2.99,"df_image_link":"https:\/\/www.speedcube.nl\/wp-content\/uploads\/2023\/10\/Productvisuals_Fidgets-STRESSBAL-HANDGEBAAR-3-ASST--285x300.jpg","_links":{"self":[{"href":"https:\/\/www.speedcube.nl\/de\/wp-json\/wp\/v2\/product\/424388","targetHints":{"allow":["GET"]}}],"collection":[{"href":"https:\/\/www.speedcube.nl\/de\/wp-json\/wp\/v2\/product"}],"about":[{"href":"https:\/\/www.speedcube.nl\/de\/wp-json\/wp\/v2\/types\/product"}],"version-history":[{"count":0,"href":"https:\/\/www.speedcube.nl\/de\/wp-json\/wp\/v2\/product\/424388\/revisions"}],"wp:featuredmedia":[{"embeddable":true,"href":"https:\/\/www.speedcube.nl\/de\/wp-json\/wp\/v2\/media\/420815"}],"wp:attachment":[{"href":"https:\/\/www.speedcube.nl\/de\/wp-json\/wp\/v2\/media?parent=424388"}],"wp:term":[{"taxonomy":"product_brand","embeddable":true,"href":"https:\/\/www.speedcube.nl\/de\/wp-json\/wp\/v2\/product_brand?post=424388"},{"taxonomy":"product_cat","embeddable":true,"href":"https:\/\/www.speedcube.nl\/de\/wp-json\/wp\/v2\/product_cat?post=424388"},{"taxonomy":"product_tag","embeddable":true,"href":"https:\/\/www.speedcube.nl\/de\/wp-json\/wp\/v2\/product_tag?post=424388"}],"curies":[{"name":"wp","href":"https:\/\/api.w.org\/{rel}","templated":true}]}}