{"id":424382,"date":"2023-08-04T15:31:40","date_gmt":"2023-08-04T13:31:40","guid":{"rendered":"https:\/\/www.speedcube.nl\/unkategorisiert\/z-wuerfel-1x1\/"},"modified":"2026-05-09T05:00:30","modified_gmt":"2026-05-09T03:00:30","slug":"z-wuerfel-1x1","status":"publish","type":"product","link":"https:\/\/www.speedcube.nl\/de\/speedcube-de\/z-wurfel\/z-wuerfel-1x1\/","title":{"rendered":"Z-W\u00fcrfel 1&#215;1"},"content":{"rendered":"<p>Der Z 1&#215;1 Cube ist ein praktisches kleines Gadget, das man an allem befestigen kann! Mit einer praktischen verstellbaren \u00d6se zur Befestigung des Hakens kann der W\u00fcrfel auch als Schl\u00fcsselanh\u00e4nger verwendet werden.<\/p>\n","protected":false},"excerpt":{"rendered":"<p>Z-CUBE<\/p>\n","protected":false},"featured_media":418433,"template":"","meta":{"_improvement_type_select":"improve_an_existing","_thumb_yes_seoaic":false,"_frame_yes_seoaic":false,"seoaic_generate_description":"","seoaic_improve_instructions_prompt":"","seoaic_rollback_content_improvement":"","seoaic_idea_thumbnail_generator":"","thumbnail_generated":false,"thumbnail_generate_prompt":"","seoaic_article_description":"","product-afmeting-lengte-mm":"","product-afmeting-breedte-mm":"","product-afmeting-hoogte-mm":""},"product_brand":[],"product_cat":[2016,2015,2017,1211],"product_tag":[],"class_list":{"0":"post-424382","1":"product","2":"type-product","3":"status-publish","4":"has-post-thumbnail","6":"product_cat-1x1-de","7":"product_cat-schlusselanhanger","8":"product_cat-z-wurfel","9":"product_cat-speedcube-de","10":"pa_merken-z-cube-de","12":"first","13":"instock","14":"taxable","15":"shipping-taxable","16":"purchasable","17":"product-type-simple"},"df_price":5.99,"df_sale_price":"","df_regular_price":5.99,"df_image_link":"https:\/\/www.speedcube.nl\/wp-content\/uploads\/2023\/08\/Productvisuals_Speedcubes-Z-1x1-Cube--285x300.jpg","_links":{"self":[{"href":"https:\/\/www.speedcube.nl\/de\/wp-json\/wp\/v2\/product\/424382","targetHints":{"allow":["GET"]}}],"collection":[{"href":"https:\/\/www.speedcube.nl\/de\/wp-json\/wp\/v2\/product"}],"about":[{"href":"https:\/\/www.speedcube.nl\/de\/wp-json\/wp\/v2\/types\/product"}],"version-history":[{"count":0,"href":"https:\/\/www.speedcube.nl\/de\/wp-json\/wp\/v2\/product\/424382\/revisions"}],"wp:featuredmedia":[{"embeddable":true,"href":"https:\/\/www.speedcube.nl\/de\/wp-json\/wp\/v2\/media\/418433"}],"wp:attachment":[{"href":"https:\/\/www.speedcube.nl\/de\/wp-json\/wp\/v2\/media?parent=424382"}],"wp:term":[{"taxonomy":"product_brand","embeddable":true,"href":"https:\/\/www.speedcube.nl\/de\/wp-json\/wp\/v2\/product_brand?post=424382"},{"taxonomy":"product_cat","embeddable":true,"href":"https:\/\/www.speedcube.nl\/de\/wp-json\/wp\/v2\/product_cat?post=424382"},{"taxonomy":"product_tag","embeddable":true,"href":"https:\/\/www.speedcube.nl\/de\/wp-json\/wp\/v2\/product_tag?post=424382"}],"curies":[{"name":"wp","href":"https:\/\/api.w.org\/{rel}","templated":true}]}}