{"id":424376,"date":"2023-08-07T09:28:32","date_gmt":"2023-08-07T07:28:32","guid":{"rendered":"https:\/\/www.speedcube.nl\/unkategorisiert\/sengso-yufeng-m-2x2\/"},"modified":"2026-05-11T05:01:56","modified_gmt":"2026-05-11T03:01:56","slug":"sengso-yufeng-m-2x2","status":"publish","type":"product","link":"https:\/\/www.speedcube.nl\/de\/aanbieding-de\/sengso-yufeng-m-2x2\/","title":{"rendered":"Sengso Yufeng M 2&#215;2"},"content":{"rendered":"<p>Der SengSo YuFeng 2&#215;2 M ist ein standardm\u00e4\u00dfiger magnetischer 2&#215;2-W\u00fcrfel. Dieses Puzzle hat eine matte Oberfl\u00e4che, leuchtende, klare Farben ohne Aufkleber und l\u00e4sst sich sofort nach dem Auspacken problemlos drehen. Probieren Sie es aus und sehen Sie, was Sie davon halten. Dieser W\u00fcrfel wird mit einem Schraubendreher und zus\u00e4tzlichen Federn geliefert.<\/p>\n","protected":false},"excerpt":{"rendered":"<p>SengSo<\/p>\n","protected":false},"featured_media":418488,"template":"","meta":{"_improvement_type_select":"improve_an_existing","_thumb_yes_seoaic":false,"_frame_yes_seoaic":false,"seoaic_generate_description":"","seoaic_improve_instructions_prompt":"","seoaic_rollback_content_improvement":"","seoaic_idea_thumbnail_generator":"","thumbnail_generated":false,"thumbnail_generate_prompt":"","seoaic_article_description":"","product-afmeting-lengte-mm":"","product-afmeting-breedte-mm":"","product-afmeting-hoogte-mm":""},"product_brand":[],"product_cat":[2558,1778,1211],"product_tag":[],"class_list":{"0":"post-424376","1":"product","2":"type-product","3":"status-publish","4":"has-post-thumbnail","6":"product_cat-aanbieding-de","7":"product_cat-sengso-de","8":"product_cat-speedcube-de","9":"pa_merken-sengso-de","11":"first","12":"instock","13":"sale","14":"taxable","15":"shipping-taxable","16":"purchasable","17":"product-type-simple"},"df_price":10.79,"df_sale_price":10.79,"df_regular_price":17.99,"df_image_link":"https:\/\/www.speedcube.nl\/wp-content\/uploads\/2023\/08\/Productvisuals_Speedcubes-Sengso-Yufeng-M-2x2--285x300.jpg","_links":{"self":[{"href":"https:\/\/www.speedcube.nl\/de\/wp-json\/wp\/v2\/product\/424376","targetHints":{"allow":["GET"]}}],"collection":[{"href":"https:\/\/www.speedcube.nl\/de\/wp-json\/wp\/v2\/product"}],"about":[{"href":"https:\/\/www.speedcube.nl\/de\/wp-json\/wp\/v2\/types\/product"}],"version-history":[{"count":0,"href":"https:\/\/www.speedcube.nl\/de\/wp-json\/wp\/v2\/product\/424376\/revisions"}],"wp:featuredmedia":[{"embeddable":true,"href":"https:\/\/www.speedcube.nl\/de\/wp-json\/wp\/v2\/media\/418488"}],"wp:attachment":[{"href":"https:\/\/www.speedcube.nl\/de\/wp-json\/wp\/v2\/media?parent=424376"}],"wp:term":[{"taxonomy":"product_brand","embeddable":true,"href":"https:\/\/www.speedcube.nl\/de\/wp-json\/wp\/v2\/product_brand?post=424376"},{"taxonomy":"product_cat","embeddable":true,"href":"https:\/\/www.speedcube.nl\/de\/wp-json\/wp\/v2\/product_cat?post=424376"},{"taxonomy":"product_tag","embeddable":true,"href":"https:\/\/www.speedcube.nl\/de\/wp-json\/wp\/v2\/product_tag?post=424376"}],"curies":[{"name":"wp","href":"https:\/\/api.w.org\/{rel}","templated":true}]}}