{"id":424370,"date":"2023-08-04T13:47:36","date_gmt":"2023-08-04T11:47:36","guid":{"rendered":"https:\/\/www.speedcube.nl\/unkategorisiert\/sengso-zeitschaltuhr\/"},"modified":"2026-05-10T05:04:10","modified_gmt":"2026-05-10T03:04:10","slug":"sengso-zeitschaltuhr","status":"publish","type":"product","link":"https:\/\/www.speedcube.nl\/de\/speedcube-de\/zeitschaltuhren\/sengso-zeitschaltuhr\/","title":{"rendered":"Sengso Zeitschaltuhr"},"content":{"rendered":"<p>Der Sengso Speedcube Timer ist ein preisg\u00fcnstiger, nicht von der WCA zugelassener Timer f\u00fcr Sengso-W\u00fcrfel. Notieren Sie Ihre Zeiten auf 0,001 Sekunden genau.<br \/>\nBITTE BEACHTEN: 2x AAA-Batterien sind <strong>nicht<\/strong> enthalten.<\/p>\n","protected":false},"excerpt":{"rendered":"<p>SENGSO<\/p>\n","protected":false},"featured_media":418401,"template":"","meta":{"_improvement_type_select":"improve_an_existing","_thumb_yes_seoaic":false,"_frame_yes_seoaic":false,"seoaic_generate_description":"","seoaic_improve_instructions_prompt":"","seoaic_rollback_content_improvement":"","seoaic_idea_thumbnail_generator":"","thumbnail_generated":false,"thumbnail_generate_prompt":"","seoaic_article_description":"","product-afmeting-lengte-mm":"","product-afmeting-breedte-mm":"","product-afmeting-hoogte-mm":""},"product_brand":[],"product_cat":[1778,1211,1987],"product_tag":[],"class_list":{"0":"post-424370","1":"product","2":"type-product","3":"status-publish","4":"has-post-thumbnail","6":"product_cat-sengso-de","7":"product_cat-speedcube-de","8":"product_cat-zeitschaltuhren","9":"pa_merken-sengso-de","11":"first","12":"instock","13":"taxable","14":"shipping-taxable","15":"purchasable","16":"product-type-simple"},"df_price":10.99,"df_sale_price":"","df_regular_price":10.99,"df_image_link":"https:\/\/www.speedcube.nl\/wp-content\/uploads\/2023\/08\/Productvisuals_Speedcubes-Sengso-Timer--285x300.jpg","_links":{"self":[{"href":"https:\/\/www.speedcube.nl\/de\/wp-json\/wp\/v2\/product\/424370","targetHints":{"allow":["GET"]}}],"collection":[{"href":"https:\/\/www.speedcube.nl\/de\/wp-json\/wp\/v2\/product"}],"about":[{"href":"https:\/\/www.speedcube.nl\/de\/wp-json\/wp\/v2\/types\/product"}],"version-history":[{"count":0,"href":"https:\/\/www.speedcube.nl\/de\/wp-json\/wp\/v2\/product\/424370\/revisions"}],"wp:featuredmedia":[{"embeddable":true,"href":"https:\/\/www.speedcube.nl\/de\/wp-json\/wp\/v2\/media\/418401"}],"wp:attachment":[{"href":"https:\/\/www.speedcube.nl\/de\/wp-json\/wp\/v2\/media?parent=424370"}],"wp:term":[{"taxonomy":"product_brand","embeddable":true,"href":"https:\/\/www.speedcube.nl\/de\/wp-json\/wp\/v2\/product_brand?post=424370"},{"taxonomy":"product_cat","embeddable":true,"href":"https:\/\/www.speedcube.nl\/de\/wp-json\/wp\/v2\/product_cat?post=424370"},{"taxonomy":"product_tag","embeddable":true,"href":"https:\/\/www.speedcube.nl\/de\/wp-json\/wp\/v2\/product_tag?post=424370"}],"curies":[{"name":"wp","href":"https:\/\/api.w.org\/{rel}","templated":true}]}}