{"id":424369,"date":"2023-09-27T08:54:22","date_gmt":"2023-09-27T06:54:22","guid":{"rendered":"https:\/\/www.speedcube.nl\/unkategorisiert\/schleimiger-original-adventskalender\/"},"modified":"2026-05-10T05:04:47","modified_gmt":"2026-05-10T03:04:47","slug":"schleimiger-original-adventskalender","status":"publish","type":"product","link":"https:\/\/www.speedcube.nl\/de\/aanbieding-de\/schleimiger-original-adventskalender\/","title":{"rendered":"Schleimiger Original-Adventskalender"},"content":{"rendered":"<p>Bereiten Sie sich mit 24 Tagen Schleimspa\u00df auf die Weihnachtszeit vor! Der Schleimige Adventskalender h\u00e4lt hinter jedem T\u00fcrchen 24 \u00dcberraschungen bereit. Entdecken Sie exklusive Schleimprodukte und erleben Sie mit diesem Adventskalender jeden Tag eine andere \u00dcberraschung. Spa\u00df f\u00fcr Kinder ab 5 Jahren.<\/p>\n<p><em>Inhalt:<\/em><\/p>\n<table style=\"font-weight: 400; height: 450px;\" width=\"783\">\n<tbody>\n<tr>\n<td width=\"255\">Schleimige Eiscreme \/ 45 g<\/td>\n<td width=\"236\">Schleimiges Powerlight \/ 14 g<\/td>\n<td width=\"255\">Schleimige Schwerkraft Morph \/ 29 g<\/td>\n<\/tr>\n<tr>\n<td width=\"255\">Schleimig Knusprig \/ 50 g<\/td>\n<td width=\"236\">Schleimig-s\u00fc\u00dfe Splashies \/ 50 g<\/td>\n<td width=\"255\">Schleimige geschwollene Baumwolle \/ 3 g<\/td>\n<\/tr>\n<tr>\n<td width=\"255\">Schleimiges kosmisches Feuer \/ 33 g<\/td>\n<td width=\"236\">Schleimig Mega Metallisch \/ 28 g<\/td>\n<td width=\"255\">Schleimig Super Flauschig \/ 25 g<\/td>\n<\/tr>\n<tr>\n<td width=\"255\">Schleimig-schaumig \/ 22 g<\/td>\n<td width=\"236\">Schleimig Original \/ 50 g<\/td>\n<td width=\"255\">Schleimiger Sandflaum \/ 50 g<\/td>\n<\/tr>\n<tr>\n<td width=\"255\">Schleimig Mega dehnbar \/ 55 g<\/td>\n<td width=\"236\">Schleimig Super Hydro \/ 26 g<\/td>\n<td width=\"255\">Schleimiges Alpaka \/ 30 g<\/td>\n<\/tr>\n<tr>\n<td width=\"255\">Schleimig Glittzy \/ 32 g<\/td>\n<td width=\"236\">Schleimiger Hybrid \/ 40 g<\/td>\n<td width=\"255\">Schleimig Original Metallisch \/ 40 g<\/td>\n<\/tr>\n<tr>\n<td width=\"255\">Schleimige Magna-Glasur \/ 34 g<\/td>\n<td width=\"236\">Schleimig-fruchtig \/ 62 g<\/td>\n<td width=\"255\">Schleimige Super-Mega-Blase \/ 36 g<\/td>\n<\/tr>\n<tr>\n<td width=\"255\">Schleimiger Super Brain Putty &#8211; Glitzer \/ 13 g<\/td>\n<td width=\"236\">Schleimiger Original-Horror \/ 42 g<\/td>\n<td width=\"255\">Besonderer Artikel: Schleimige Schneekugel!<\/p>\n<p>mit 70 g kristallklarem Hydro Slimy<\/td>\n<\/tr>\n<\/tbody>\n<\/table>\n<p>&nbsp;<\/p>\n","protected":false},"excerpt":{"rendered":"<p>SLIMY<\/p>\n","protected":false},"featured_media":420421,"template":"","meta":{"_improvement_type_select":"improve_an_existing","_thumb_yes_seoaic":false,"_frame_yes_seoaic":false,"seoaic_generate_description":"","seoaic_improve_instructions_prompt":"","seoaic_rollback_content_improvement":"","seoaic_idea_thumbnail_generator":"","thumbnail_generated":false,"thumbnail_generate_prompt":"","seoaic_article_description":"","product-afmeting-lengte-mm":"","product-afmeting-breedte-mm":"","product-afmeting-hoogte-mm":""},"product_brand":[],"product_cat":[1552,2558,1752],"product_tag":[],"class_list":{"0":"post-424369","1":"product","2":"type-product","3":"status-publish","4":"has-post-thumbnail","6":"product_cat-kitt","7":"product_cat-aanbieding-de","8":"product_cat-schleimig","9":"pa_merken-slimy-de","11":"first","12":"instock","13":"sale","14":"taxable","15":"shipping-taxable","16":"purchasable","17":"product-type-simple"},"df_price":23.99,"df_sale_price":23.99,"df_regular_price":39.99,"df_image_link":"https:\/\/www.speedcube.nl\/wp-content\/uploads\/2023\/09\/Productvisuals_putty-Slimy-Original-Adventskalender--285x300.jpg","_links":{"self":[{"href":"https:\/\/www.speedcube.nl\/de\/wp-json\/wp\/v2\/product\/424369","targetHints":{"allow":["GET"]}}],"collection":[{"href":"https:\/\/www.speedcube.nl\/de\/wp-json\/wp\/v2\/product"}],"about":[{"href":"https:\/\/www.speedcube.nl\/de\/wp-json\/wp\/v2\/types\/product"}],"version-history":[{"count":0,"href":"https:\/\/www.speedcube.nl\/de\/wp-json\/wp\/v2\/product\/424369\/revisions"}],"wp:featuredmedia":[{"embeddable":true,"href":"https:\/\/www.speedcube.nl\/de\/wp-json\/wp\/v2\/media\/420421"}],"wp:attachment":[{"href":"https:\/\/www.speedcube.nl\/de\/wp-json\/wp\/v2\/media?parent=424369"}],"wp:term":[{"taxonomy":"product_brand","embeddable":true,"href":"https:\/\/www.speedcube.nl\/de\/wp-json\/wp\/v2\/product_brand?post=424369"},{"taxonomy":"product_cat","embeddable":true,"href":"https:\/\/www.speedcube.nl\/de\/wp-json\/wp\/v2\/product_cat?post=424369"},{"taxonomy":"product_tag","embeddable":true,"href":"https:\/\/www.speedcube.nl\/de\/wp-json\/wp\/v2\/product_tag?post=424369"}],"curies":[{"name":"wp","href":"https:\/\/api.w.org\/{rel}","templated":true}]}}