{"id":424365,"date":"2023-08-04T15:47:50","date_gmt":"2023-08-04T13:47:50","guid":{"rendered":"https:\/\/www.speedcube.nl\/unkategorisiert\/qiyi-smart-timer-bluetooth\/"},"modified":"2026-05-03T05:27:24","modified_gmt":"2026-05-03T03:27:24","slug":"qiyi-smart-timer-bluetooth","status":"publish","type":"product","link":"https:\/\/www.speedcube.nl\/de\/speedcube-de\/zeitschaltuhren\/qiyi-smart-timer-bluetooth\/","title":{"rendered":"Qiyi Smart Timer (Bluetooth)"},"content":{"rendered":"<p>Der Bluetooth-kompatible QiYi Smart Timer bietet eine F\u00fclle von Funktionen, mit denen Sie Ihre Aufl\u00f6sung mit Ihrem Smartphone optimieren k\u00f6nnen! Ein Telefonst\u00e4nder ist im Lieferumfang enthalten. BITTE BEACHTEN: 2x AAA-Batterien sind <strong>nicht<\/strong> enthalten<\/p>\n<p>Wesentliche Merkmale:<br \/>\n2,5 mm Hilfsausgang<br \/>\nCloud-Speicher<br \/>\nAnalysetool f\u00fcr L\u00f6sungen (mobile App)<br \/>\nKleinere Anzeigeleuchten, um Ablenkung und Unruhe zu minimieren<\/p>\n<p>Funktionsweise:<br \/>\nBerechnet automatisch den gleitenden Durchschnitt von f\u00fcnf und 12<br \/>\nEchtzeit-Synchronisation mit mobiler App<\/p>\n","protected":false},"excerpt":{"rendered":"<p>QIYI<\/p>\n","protected":false},"featured_media":418459,"template":"","meta":{"_improvement_type_select":"improve_an_existing","_thumb_yes_seoaic":false,"_frame_yes_seoaic":false,"seoaic_generate_description":"","seoaic_improve_instructions_prompt":"","seoaic_rollback_content_improvement":"","seoaic_idea_thumbnail_generator":"","thumbnail_generated":false,"thumbnail_generate_prompt":"","seoaic_article_description":"","product-afmeting-lengte-mm":"","product-afmeting-breedte-mm":"","product-afmeting-hoogte-mm":""},"product_brand":[],"product_cat":[1235,1211,1987],"product_tag":[],"class_list":{"0":"post-424365","1":"product","2":"type-product","3":"status-publish","4":"has-post-thumbnail","6":"product_cat-qiyi-de","7":"product_cat-speedcube-de","8":"product_cat-zeitschaltuhren","9":"pa_merken-qiyi-de","11":"first","12":"instock","13":"taxable","14":"shipping-taxable","15":"purchasable","16":"product-type-simple"},"df_price":16.99,"df_sale_price":"","df_regular_price":16.99,"df_image_link":"https:\/\/www.speedcube.nl\/wp-content\/uploads\/2023\/08\/Productvisuals_Speedcubes-QiYi-Smart-Timer-Bluetooth--285x300.jpg","_links":{"self":[{"href":"https:\/\/www.speedcube.nl\/de\/wp-json\/wp\/v2\/product\/424365","targetHints":{"allow":["GET"]}}],"collection":[{"href":"https:\/\/www.speedcube.nl\/de\/wp-json\/wp\/v2\/product"}],"about":[{"href":"https:\/\/www.speedcube.nl\/de\/wp-json\/wp\/v2\/types\/product"}],"version-history":[{"count":0,"href":"https:\/\/www.speedcube.nl\/de\/wp-json\/wp\/v2\/product\/424365\/revisions"}],"wp:featuredmedia":[{"embeddable":true,"href":"https:\/\/www.speedcube.nl\/de\/wp-json\/wp\/v2\/media\/418459"}],"wp:attachment":[{"href":"https:\/\/www.speedcube.nl\/de\/wp-json\/wp\/v2\/media?parent=424365"}],"wp:term":[{"taxonomy":"product_brand","embeddable":true,"href":"https:\/\/www.speedcube.nl\/de\/wp-json\/wp\/v2\/product_brand?post=424365"},{"taxonomy":"product_cat","embeddable":true,"href":"https:\/\/www.speedcube.nl\/de\/wp-json\/wp\/v2\/product_cat?post=424365"},{"taxonomy":"product_tag","embeddable":true,"href":"https:\/\/www.speedcube.nl\/de\/wp-json\/wp\/v2\/product_tag?post=424365"}],"curies":[{"name":"wp","href":"https:\/\/api.w.org\/{rel}","templated":true}]}}