{"id":424350,"date":"2023-08-04T14:59:17","date_gmt":"2023-08-04T12:59:17","guid":{"rendered":"https:\/\/www.speedcube.nl\/unkategorisiert\/qiyi-tornado-v3m-pionier-uv-version\/"},"modified":"2026-05-03T05:26:57","modified_gmt":"2026-05-03T03:26:57","slug":"qiyi-tornado-v3m-pionier-uv-version","status":"publish","type":"product","link":"https:\/\/www.speedcube.nl\/de\/speedcube-de\/qiyi-de\/qiyi-tornado-v3m-pionier-uv-version\/","title":{"rendered":"QiYi Tornado V3M Pionier UV Version"},"content":{"rendered":"<p>Der auff\u00e4llige QiYi Tornado V3M Pioneer UV Version ist ein beeindruckender 3&#215;3 gro\u00dfer Speed Cube von QiYi. Dieser Speedcube ist bekannt f\u00fcr seine fantastische Drehbarkeit, die intelligente Einstellbarkeit und das einzigartige magnetische Gef\u00fchl. Beim \u00fcberarbeiteten Tornado V3M, dem Nachfolger des V2, wurden einige Schwachstellen behoben, die dem W\u00fcrfel eine absolut atemberaubende Leistung verleihen!<\/p>\n","protected":false},"excerpt":{"rendered":"<p>QIYI<\/p>\n","protected":false},"featured_media":418423,"template":"","meta":{"_improvement_type_select":"improve_an_existing","_thumb_yes_seoaic":false,"_frame_yes_seoaic":false,"seoaic_generate_description":"","seoaic_improve_instructions_prompt":"","seoaic_rollback_content_improvement":"","seoaic_idea_thumbnail_generator":"","thumbnail_generated":false,"thumbnail_generate_prompt":"","seoaic_article_description":"","product-afmeting-lengte-mm":"","product-afmeting-breedte-mm":"","product-afmeting-hoogte-mm":""},"product_brand":[],"product_cat":[1221,1235,1211],"product_tag":[],"class_list":{"0":"post-424350","1":"product","2":"type-product","3":"status-publish","4":"has-post-thumbnail","6":"product_cat-3x3-de","7":"product_cat-qiyi-de","8":"product_cat-speedcube-de","9":"pa_merken-qiyi-de","11":"first","12":"instock","13":"taxable","14":"shipping-taxable","15":"purchasable","16":"product-type-simple"},"df_price":44.99,"df_sale_price":"","df_regular_price":44.99,"df_image_link":"https:\/\/www.speedcube.nl\/wp-content\/uploads\/2023\/08\/Productvisuals_Speedcubes-QiYi-Tornado-V3M-Pioneer-UV-Version--285x300.jpg","_links":{"self":[{"href":"https:\/\/www.speedcube.nl\/de\/wp-json\/wp\/v2\/product\/424350","targetHints":{"allow":["GET"]}}],"collection":[{"href":"https:\/\/www.speedcube.nl\/de\/wp-json\/wp\/v2\/product"}],"about":[{"href":"https:\/\/www.speedcube.nl\/de\/wp-json\/wp\/v2\/types\/product"}],"version-history":[{"count":0,"href":"https:\/\/www.speedcube.nl\/de\/wp-json\/wp\/v2\/product\/424350\/revisions"}],"wp:featuredmedia":[{"embeddable":true,"href":"https:\/\/www.speedcube.nl\/de\/wp-json\/wp\/v2\/media\/418423"}],"wp:attachment":[{"href":"https:\/\/www.speedcube.nl\/de\/wp-json\/wp\/v2\/media?parent=424350"}],"wp:term":[{"taxonomy":"product_brand","embeddable":true,"href":"https:\/\/www.speedcube.nl\/de\/wp-json\/wp\/v2\/product_brand?post=424350"},{"taxonomy":"product_cat","embeddable":true,"href":"https:\/\/www.speedcube.nl\/de\/wp-json\/wp\/v2\/product_cat?post=424350"},{"taxonomy":"product_tag","embeddable":true,"href":"https:\/\/www.speedcube.nl\/de\/wp-json\/wp\/v2\/product_tag?post=424350"}],"curies":[{"name":"wp","href":"https:\/\/api.w.org\/{rel}","templated":true}]}}