{"id":424348,"date":"2023-09-29T14:05:32","date_gmt":"2023-09-29T12:05:32","guid":{"rendered":"https:\/\/www.speedcube.nl\/unkategorisiert\/nexcube-2x2-klassisch\/"},"modified":"2026-05-03T05:27:30","modified_gmt":"2026-05-03T03:27:30","slug":"nexcube-2x2-klassisch","status":"publish","type":"product","link":"https:\/\/www.speedcube.nl\/de\/speedcube-de\/nexcube-de\/nexcube-2x2-klassisch\/","title":{"rendered":"NexCube 2&#215;2 Klassisch"},"content":{"rendered":"<p>Darf ich vorstellen: der Nexcube 2&#215;2 Classic. Dank seiner Anti-Haft-Funktion gleitet der W\u00fcrfel m\u00fchelos \u00fcber Oberfl\u00e4chen und erreicht eine nie dagewesene Geschwindigkeit. Au\u00dferdem ist dieser W\u00fcrfel v\u00f6llig frei von Aufklebern, so dass es unm\u00f6glich ist, den W\u00fcrfel durch Vertauschen von Aufklebern zu l\u00f6sen! Trotz der fehlenden Aufkleber hat der W\u00fcrfel eine hervorragende Griffigkeit und Kontrolle. Durch die abgerundeten L\u00f6cher in den Ecken und Kanten l\u00e4sst sich der W\u00fcrfel leichtg\u00e4ngig bewegen und die Elastizit\u00e4t kann je nach pers\u00f6nlicher Vorliebe eingestellt werden.<\/p>\n","protected":false},"excerpt":{"rendered":"<p>NEXCUBE<\/p>\n","protected":false},"featured_media":418905,"template":"","meta":{"_improvement_type_select":"improve_an_existing","_thumb_yes_seoaic":false,"_frame_yes_seoaic":false,"seoaic_generate_description":"","seoaic_improve_instructions_prompt":"","seoaic_rollback_content_improvement":"","seoaic_idea_thumbnail_generator":"","thumbnail_generated":false,"thumbnail_generate_prompt":"","seoaic_article_description":"","product-afmeting-lengte-mm":"","product-afmeting-breedte-mm":"","product-afmeting-hoogte-mm":""},"product_brand":[],"product_cat":[1267,1955,1211],"product_tag":[],"class_list":{"0":"post-424348","1":"product","2":"type-product","3":"status-publish","4":"has-post-thumbnail","6":"product_cat-2x2-de","7":"product_cat-nexcube-de","8":"product_cat-speedcube-de","9":"pa_merken-nexcube-de","11":"first","12":"outofstock","13":"taxable","14":"shipping-taxable","15":"purchasable","16":"product-type-simple"},"df_price":8.99,"df_sale_price":"","df_regular_price":8.99,"df_image_link":"https:\/\/www.speedcube.nl\/wp-content\/uploads\/2023\/08\/Productvisuals_Speedcubes-NexCube-2x2-Classic--285x300.jpg","_links":{"self":[{"href":"https:\/\/www.speedcube.nl\/de\/wp-json\/wp\/v2\/product\/424348","targetHints":{"allow":["GET"]}}],"collection":[{"href":"https:\/\/www.speedcube.nl\/de\/wp-json\/wp\/v2\/product"}],"about":[{"href":"https:\/\/www.speedcube.nl\/de\/wp-json\/wp\/v2\/types\/product"}],"version-history":[{"count":0,"href":"https:\/\/www.speedcube.nl\/de\/wp-json\/wp\/v2\/product\/424348\/revisions"}],"wp:featuredmedia":[{"embeddable":true,"href":"https:\/\/www.speedcube.nl\/de\/wp-json\/wp\/v2\/media\/418905"}],"wp:attachment":[{"href":"https:\/\/www.speedcube.nl\/de\/wp-json\/wp\/v2\/media?parent=424348"}],"wp:term":[{"taxonomy":"product_brand","embeddable":true,"href":"https:\/\/www.speedcube.nl\/de\/wp-json\/wp\/v2\/product_brand?post=424348"},{"taxonomy":"product_cat","embeddable":true,"href":"https:\/\/www.speedcube.nl\/de\/wp-json\/wp\/v2\/product_cat?post=424348"},{"taxonomy":"product_tag","embeddable":true,"href":"https:\/\/www.speedcube.nl\/de\/wp-json\/wp\/v2\/product_tag?post=424348"}],"curies":[{"name":"wp","href":"https:\/\/api.w.org\/{rel}","templated":true}]}}