{"id":424347,"date":"2023-08-17T14:54:16","date_gmt":"2023-08-17T12:54:16","guid":{"rendered":"https:\/\/www.speedcube.nl\/unkategorisiert\/robotime-rokr-oldtimer-mc801\/"},"modified":"2026-04-18T05:01:38","modified_gmt":"2026-04-18T03:01:38","slug":"robotime-rokr-oldtimer-mc801","status":"publish","type":"product","link":"https:\/\/www.speedcube.nl\/de\/modellbau\/modellautos\/robotime-rokr-oldtimer-mc801\/","title":{"rendered":"Robotime ROKR Oldtimer MC801"},"content":{"rendered":"<p>Oldtimer aus der Brass-\u00c4ra sind wichtige Meilensteine der Automobilgeschichte. Sie repr\u00e4sentieren den einzigartigen Charme dieser Zeit und sind wahre Meisterwerke der Handwerkskunst und Technik. Das Rokr Vintage Car 3D Holzpuzzle ist ein Modell im Ma\u00dfstab 1:15, das Sie in die 1910er Jahre zur\u00fcckversetzt &#8211; eine revolution\u00e4re Zeit f\u00fcr die Autoindustrie. Die Karosserie dieses Modells erinnert an die von Pferden gezogenen Buggys und hat einen stromlinienf\u00f6rmigen Kotfl\u00fcgel mit durchgehenden Linien von vorne bis hinten und Kotfl\u00fcgelsch\u00fcrzen, die die R\u00e4der teilweise verdecken. Dieses Paket besteht aus 298 Teilen.<\/p>\n","protected":false},"excerpt":{"rendered":"<p>ROBOTIME<\/p>\n","protected":false},"featured_media":418682,"template":"","meta":{"_improvement_type_select":"improve_an_existing","_thumb_yes_seoaic":false,"_frame_yes_seoaic":false,"seoaic_generate_description":"","seoaic_improve_instructions_prompt":"","seoaic_rollback_content_improvement":"","seoaic_idea_thumbnail_generator":"","thumbnail_generated":false,"thumbnail_generate_prompt":"","seoaic_article_description":"","product-afmeting-lengte-mm":"190","product-afmeting-breedte-mm":"92","product-afmeting-hoogte-mm":"115"},"product_brand":[],"product_cat":[1617,1500,1844,1499,1709,1619],"product_tag":[],"class_list":{"0":"post-424347","1":"product","2":"type-product","3":"status-publish","4":"has-post-thumbnail","6":"product_cat-baukasten-aus-holz","7":"product_cat-baukasten-fur-erwachsene","8":"product_cat-modellautos","9":"product_cat-modellbau","10":"product_cat-modellfahrzeuge","11":"product_cat-robotime-de","12":"pa_merken-robotime-de","14":"first","15":"instock","16":"taxable","17":"shipping-taxable","18":"purchasable","19":"product-type-simple"},"df_price":24.99,"df_sale_price":"","df_regular_price":24.99,"df_image_link":"https:\/\/www.speedcube.nl\/wp-content\/uploads\/2023\/08\/Productvisuals_Modelbouw-Robotime-Vintage-Car-MC801--285x300.jpg","_links":{"self":[{"href":"https:\/\/www.speedcube.nl\/de\/wp-json\/wp\/v2\/product\/424347","targetHints":{"allow":["GET"]}}],"collection":[{"href":"https:\/\/www.speedcube.nl\/de\/wp-json\/wp\/v2\/product"}],"about":[{"href":"https:\/\/www.speedcube.nl\/de\/wp-json\/wp\/v2\/types\/product"}],"version-history":[{"count":0,"href":"https:\/\/www.speedcube.nl\/de\/wp-json\/wp\/v2\/product\/424347\/revisions"}],"wp:featuredmedia":[{"embeddable":true,"href":"https:\/\/www.speedcube.nl\/de\/wp-json\/wp\/v2\/media\/418682"}],"wp:attachment":[{"href":"https:\/\/www.speedcube.nl\/de\/wp-json\/wp\/v2\/media?parent=424347"}],"wp:term":[{"taxonomy":"product_brand","embeddable":true,"href":"https:\/\/www.speedcube.nl\/de\/wp-json\/wp\/v2\/product_brand?post=424347"},{"taxonomy":"product_cat","embeddable":true,"href":"https:\/\/www.speedcube.nl\/de\/wp-json\/wp\/v2\/product_cat?post=424347"},{"taxonomy":"product_tag","embeddable":true,"href":"https:\/\/www.speedcube.nl\/de\/wp-json\/wp\/v2\/product_tag?post=424347"}],"curies":[{"name":"wp","href":"https:\/\/api.w.org\/{rel}","templated":true}]}}