{"id":424343,"date":"2023-10-05T14:42:58","date_gmt":"2023-10-05T12:42:58","guid":{"rendered":"https:\/\/www.speedcube.nl\/unkategorisiert\/ugears-dreirad-ugr-s\/"},"modified":"2026-05-01T05:00:36","modified_gmt":"2026-05-01T03:00:36","slug":"ugears-dreirad-ugr-s","status":"publish","type":"product","link":"https:\/\/www.speedcube.nl\/de\/modellbau\/motorrader\/ugears-dreirad-ugr-s\/","title":{"rendered":"Ugears Dreirad UGR-S"},"content":{"rendered":"<p>Der UGR-S ist eine wunderbare neue Erg\u00e4nzung der Ugears-Fahrzeugsammlung. Dieser robuste Zweisitzer zieht dank seines einzigartigen Designs mit drei R\u00e4dern, Vorder- und Hinterradaufh\u00e4ngung, einem funktionellen Lenkrad und zahlreichen interessanten Details wie beweglichen Kolben, gro\u00dfen Scheinwerfern, markanten seitlichen Auspuffrohren und einem Gep\u00e4cktr\u00e4ger mit sch\u00f6nem Kofferraum viel Aufmerksamkeit auf sich. Aber das ist noch nicht alles: Wenn man die Seiten der Motorhaube \u00f6ffnet, kann man sogar den Benzintank und den Federmotor sehen! Das Fahrzeug strahlt eine unwiderstehliche Mischung aus Auto und Fahrrad aus. Auch wenn es unterschiedliche Vorschriften f\u00fcr dreir\u00e4drige Autos gibt, wissen wir eines ganz sicher: Sie machen unglaublich viel Spa\u00df! Dreir\u00e4drige Fahrzeuge kombinieren das aufregende Gef\u00fchl eines Motorrads mit der Stabilit\u00e4t und dem Handling eines Autos. Sie haben ein niedriges Profil und eine offene Kabine, die w\u00e4hrend der Fahrt eine Verbindung zur Stra\u00dfe und zur Umgebung herstellt. Neben dem Fahrspa\u00df genie\u00dfen Sie auch die Aufmerksamkeit der Zuschauer und die Gemeinschaft der anderen Besitzer bei Gruppenfahrten und Rallyes. Das Ugears Tricycle UGR-S kann etwa 4 Meter geradeaus fahren, und durch einfaches Drehen des Lenkers lassen sich auch anmutige Kurven fahren. Was dieses Dreirad wirklich einzigartig macht, ist sein Federmotor und sein innovatives Kettenantriebssystem f\u00fcr das Hinterrad &#8211; eine Premiere in der Ugears-Produktpalette. Au\u00dferdem gibt es zwei bewegliche Kolben auf dem dekorativen Motor an der Vorderseite, die f\u00fcr einen zus\u00e4tzlichen &#8222;Wow&#8220;-Effekt sorgen. Dieses selbstgebaute Dreiradmodell wird mit einem abnehmbaren Aufziehschl\u00fcssel geliefert, der bequem in einer der seitlichen Gep\u00e4cktaschen verstaut werden kann. Das Starten des Dreirads ist einfach: Stellen Sie den Schalthebel auf &#8222;Park&#8220;, stecken Sie den Schl\u00fcssel ein und machen Sie maximal 15 Umdrehungen. Dann schalten Sie das Trike in den &#8222;Drive&#8220;-Modus und sehen die sch\u00f6nen Kolben und den Keong-Antrieb in Aktion, wenn das Trike in die gew\u00fcnschte Richtung losf\u00e4hrt. Das Besondere am UGR-S ist, dass man ihn auch ohne Federmotor von Hand antreiben kann. Mit seinem einzigartigen Design und den vielen Funktionen ist der UGR-S ein echter Hingucker. Entdecken Sie die Welt der Dreir\u00e4der und genie\u00dfen Sie es, dieses fantastische Modell zu bauen und zu fahren.<\/p>\n<p>Abmessungen: 262 x 90 x 140 mm<br \/>\nVerpackungsgr\u00f6\u00dfe: 373 x 170 x 35 mm<br \/>\nAnzahl der Teile: 457<br \/>\nGesch\u00e4tzte Montagezeit: 8 Stunden<\/p>\n","protected":false},"excerpt":{"rendered":"<p>UGEARS<\/p>\n","protected":false},"featured_media":420514,"template":"","meta":{"_improvement_type_select":"improve_an_existing","_thumb_yes_seoaic":false,"_frame_yes_seoaic":false,"seoaic_generate_description":"","seoaic_improve_instructions_prompt":"","seoaic_rollback_content_improvement":"","seoaic_idea_thumbnail_generator":"","thumbnail_generated":false,"thumbnail_generate_prompt":"","seoaic_article_description":"","product-afmeting-lengte-mm":"","product-afmeting-breedte-mm":"","product-afmeting-hoogte-mm":""},"product_brand":[],"product_cat":[1617,1500,1499,1709,1755,1713],"product_tag":[],"class_list":{"0":"post-424343","1":"product","2":"type-product","3":"status-publish","4":"has-post-thumbnail","6":"product_cat-baukasten-aus-holz","7":"product_cat-baukasten-fur-erwachsene","8":"product_cat-modellbau","9":"product_cat-modellfahrzeuge","10":"product_cat-motorrader","11":"product_cat-ugears-modellbau","12":"pa_merken-ugears-de","14":"first","15":"outofstock","16":"taxable","17":"shipping-taxable","18":"purchasable","19":"product-type-simple"},"df_price":49.95,"df_sale_price":"","df_regular_price":49.95,"df_image_link":"https:\/\/www.speedcube.nl\/wp-content\/uploads\/2023\/10\/Productvisuals_Modelbouw-Ugears-Driewieler-UGR-S--285x300.jpg","_links":{"self":[{"href":"https:\/\/www.speedcube.nl\/de\/wp-json\/wp\/v2\/product\/424343","targetHints":{"allow":["GET"]}}],"collection":[{"href":"https:\/\/www.speedcube.nl\/de\/wp-json\/wp\/v2\/product"}],"about":[{"href":"https:\/\/www.speedcube.nl\/de\/wp-json\/wp\/v2\/types\/product"}],"version-history":[{"count":0,"href":"https:\/\/www.speedcube.nl\/de\/wp-json\/wp\/v2\/product\/424343\/revisions"}],"wp:featuredmedia":[{"embeddable":true,"href":"https:\/\/www.speedcube.nl\/de\/wp-json\/wp\/v2\/media\/420514"}],"wp:attachment":[{"href":"https:\/\/www.speedcube.nl\/de\/wp-json\/wp\/v2\/media?parent=424343"}],"wp:term":[{"taxonomy":"product_brand","embeddable":true,"href":"https:\/\/www.speedcube.nl\/de\/wp-json\/wp\/v2\/product_brand?post=424343"},{"taxonomy":"product_cat","embeddable":true,"href":"https:\/\/www.speedcube.nl\/de\/wp-json\/wp\/v2\/product_cat?post=424343"},{"taxonomy":"product_tag","embeddable":true,"href":"https:\/\/www.speedcube.nl\/de\/wp-json\/wp\/v2\/product_tag?post=424343"}],"curies":[{"name":"wp","href":"https:\/\/api.w.org\/{rel}","templated":true}]}}