{"id":424341,"date":"2023-08-10T09:56:32","date_gmt":"2023-08-10T07:56:32","guid":{"rendered":"https:\/\/www.speedcube.nl\/unkategorisiert\/gan-14-magnetschwebebahn\/"},"modified":"2026-04-29T05:07:02","modified_gmt":"2026-04-29T03:07:02","slug":"gan-14-magnetschwebebahn","status":"publish","type":"product","link":"https:\/\/www.speedcube.nl\/de\/aanbieding-de\/gan-14-magnetschwebebahn\/","title":{"rendered":"GAN 14 Magnetschwebebahn"},"content":{"rendered":"<p>Der neue GAN 14 Magnetic MagLev ist geboren! Dies ist die n\u00e4chste Stufe des W\u00fcrfelns und bietet insgesamt 1.296 verschiedene Anpassungsm\u00f6glichkeiten! Sie k\u00f6nnen diesen W\u00fcrfel also ganz nach Ihrem Geschmack einstellen. Die wichtigsten Merkmale von Maglev sind die magnetische Absto\u00dfungstechnologie, der Verzicht auf Federn und ein schnelleres Drehgef\u00fchl.<\/p>\n<p>Enth\u00e4lt eine Aufbewahrungstasche, eine Aufbewahrungsbox, Einstellwerkzeuge und eine Gebrauchsanweisung.<\/p>\n<p>Wesentliche Merkmale:<br \/>\n+ Verbesserte Technologie zur automatischen Kernpositionierung 4.0<br \/>\n+ 88 werkseitig installierte Magnete<br \/>\n+ 12 Winkel-\/Kantenmagneteinstellungen<br \/>\n+ 6 Winkeleinstellungen des Magneten<br \/>\n+ Numerisches GTN-Spannsystem (6 Einstellungen)<br \/>\n+ 1.296 m\u00f6gliche Konfigurationseinstellungen<br \/>\n+ Wabenf\u00f6rmiges Design f\u00fcr bessere Schmierstoffverteilung<\/p>\n<p><em><strong>Unterschied zu den Vorg\u00e4ngermodellen:<\/strong><\/em><\/p>\n<table width=\"100%\">\n<tbody>\n<tr>\n<td style=\"text-align: center;\"><strong> <\/strong><\/td>\n<td style=\"text-align: center;\"><strong>GAN 14 MagLev<\/strong><\/td>\n<td style=\"text-align: center;\"><strong>GAN 13 MagLev<\/strong><\/td>\n<td style=\"text-align: center;\"><strong>GAN 12 MagLev<\/strong><\/td>\n<\/tr>\n<tr>\n<td style=\"text-align: center;\"><strong>Gewicht<\/strong><\/td>\n<td style=\"text-align: center;\">70.3g<\/td>\n<td style=\"text-align: center;\">71g<\/td>\n<td style=\"text-align: center;\">66g<\/td>\n<\/tr>\n<tr>\n<td style=\"text-align: center;\"><strong>GMS<\/strong><\/td>\n<td style=\"text-align: center;\">V6 verbesserte Kernpositionierung 4.0<\/td>\n<td style=\"text-align: center;\">V5 verbesserte Kernpositionierung 3.0<\/td>\n<td style=\"text-align: center;\">V3 verbesserte Kernpositionierung 2.0<\/td>\n<\/tr>\n<tr>\n<td style=\"text-align: center;\"><strong>Magnet Einstellungen<\/strong><\/td>\n<td style=\"text-align: center;\">6<\/td>\n<td style=\"text-align: center;\">6<\/td>\n<td style=\"text-align: center;\">6 (abnehmbar)<\/td>\n<\/tr>\n<tr>\n<td style=\"text-align: center;\"><strong>Spannen<\/strong><\/td>\n<td style=\"text-align: center;\">GES V3<\/td>\n<td style=\"text-align: center;\">GES V2<\/td>\n<td style=\"text-align: center;\">GES<\/td>\n<\/tr>\n<tr>\n<td style=\"text-align: center;\"><strong>Automatische Ausrichtung<\/strong><\/td>\n<td style=\"text-align: center;\">15-40 Grad<\/td>\n<td style=\"text-align: center;\">30 Grad +<\/td>\n<td style=\"text-align: center;\">35 Grad +<\/td>\n<\/tr>\n<tr>\n<td style=\"text-align: center;\"><strong>Aufbewahrungsbox<\/strong><\/td>\n<td style=\"text-align: center;\">Version 11<\/td>\n<td style=\"text-align: center;\">Version 10<\/td>\n<td style=\"text-align: center;\">Version 8<\/td>\n<\/tr>\n<tr>\n<td style=\"text-align: center;\"><strong>\u00c4u\u00dfere Ausf\u00fchrung<\/strong><\/td>\n<td style=\"text-align: center;\">UV-beschichtet \/ mattiert<\/td>\n<td style=\"text-align: center;\">UV-beschichtet \/ mattiert<\/td>\n<td style=\"text-align: center;\">UV-beschichtet \/ mattiert<\/td>\n<\/tr>\n<\/tbody>\n<\/table>\n","protected":false},"excerpt":{"rendered":"<p>GAN<\/p>\n","protected":false},"featured_media":418589,"template":"","meta":{"_improvement_type_select":"improve_an_existing","_thumb_yes_seoaic":false,"_frame_yes_seoaic":false,"seoaic_generate_description":"","seoaic_improve_instructions_prompt":"","seoaic_rollback_content_improvement":"","seoaic_idea_thumbnail_generator":"","thumbnail_generated":false,"thumbnail_generate_prompt":"","seoaic_article_description":"","product-afmeting-lengte-mm":"56","product-afmeting-breedte-mm":"56","product-afmeting-hoogte-mm":"56"},"product_brand":[],"product_cat":[1221,1270,1211,2558],"product_tag":[],"class_list":{"0":"post-424341","1":"product","2":"type-product","3":"status-publish","4":"has-post-thumbnail","6":"product_cat-3x3-de","7":"product_cat-gan-de","8":"product_cat-speedcube-de","9":"product_cat-aanbieding-de","10":"pa_merken-gan-de","12":"first","13":"instock","14":"sale","15":"taxable","16":"shipping-taxable","17":"purchasable","18":"product-type-variable"},"df_price":52.5,"df_sale_price":"","df_regular_price":52.5,"df_image_link":"https:\/\/www.speedcube.nl\/wp-content\/uploads\/2023\/08\/Productvisuals_Speedcubes-GAN-14-Maglev-2-285x300.jpg","_links":{"self":[{"href":"https:\/\/www.speedcube.nl\/de\/wp-json\/wp\/v2\/product\/424341","targetHints":{"allow":["GET"]}}],"collection":[{"href":"https:\/\/www.speedcube.nl\/de\/wp-json\/wp\/v2\/product"}],"about":[{"href":"https:\/\/www.speedcube.nl\/de\/wp-json\/wp\/v2\/types\/product"}],"version-history":[{"count":0,"href":"https:\/\/www.speedcube.nl\/de\/wp-json\/wp\/v2\/product\/424341\/revisions"}],"wp:featuredmedia":[{"embeddable":true,"href":"https:\/\/www.speedcube.nl\/de\/wp-json\/wp\/v2\/media\/418589"}],"wp:attachment":[{"href":"https:\/\/www.speedcube.nl\/de\/wp-json\/wp\/v2\/media?parent=424341"}],"wp:term":[{"taxonomy":"product_brand","embeddable":true,"href":"https:\/\/www.speedcube.nl\/de\/wp-json\/wp\/v2\/product_brand?post=424341"},{"taxonomy":"product_cat","embeddable":true,"href":"https:\/\/www.speedcube.nl\/de\/wp-json\/wp\/v2\/product_cat?post=424341"},{"taxonomy":"product_tag","embeddable":true,"href":"https:\/\/www.speedcube.nl\/de\/wp-json\/wp\/v2\/product_tag?post=424341"}],"curies":[{"name":"wp","href":"https:\/\/api.w.org\/{rel}","templated":true}]}}