{"id":424331,"date":"2023-07-07T10:50:16","date_gmt":"2023-07-07T08:50:16","guid":{"rendered":"https:\/\/www.speedcube.nl\/unkategorisiert\/escapewelt-cryptex\/"},"modified":"2026-05-03T05:27:24","modified_gmt":"2026-05-03T03:27:24","slug":"escapewelt-cryptex","status":"publish","type":"product","link":"https:\/\/www.speedcube.nl\/de\/knobelaufgaben\/holzerne-knobelaufgaben\/escapewelt-cryptex\/","title":{"rendered":"Escapewelt Cryptex"},"content":{"rendered":"<p>Das Cryptex ist ein einzigartiges und pers\u00f6nliches Geschenk. Mit Ihrem eigenen Code machen Sie dieses Geschenk v\u00f6llig einzigartig. Es ist die perfekte M\u00f6glichkeit, Geld, Schmuck oder andere Wertgegenst\u00e4nde auf kreative und pers\u00f6nliche Weise zu pr\u00e4sentieren. Erfinde einen anspruchsvollen Code mit sechs Buchstaben und fordere deine Freunde heraus, das Geheimnis zu entschl\u00fcsseln. Oder \u00fcberraschen Sie Ihren Partner mit einer romantischen Botschaft im Cryptex, die erst nach dem Finden der richtigen Kombination gelesen werden kann.<\/p>\n<p>Dieses Spiel bietet 15-20 Minuten Spa\u00df f\u00fcr alle Altersgruppen. Es ist eine Mischung aus \u00dcberraschung und Spa\u00df, die garantiert beeindruckt. Cryptex ist kein einmaliges Geschenkpapier. Er kann zur sicheren Aufbewahrung von Wertsachen wiederverwendet werden. Es ist aus hochwertigem Birkenholz gefertigt und von Hand zusammengesetzt, so dass jedes Puzzle einzigartig ist. Sobald das Cryptex entschl\u00fcsselt ist, kann es als dekoratives Element in Ihrem Zuhause verwendet werden.<\/p>\n","protected":false},"excerpt":{"rendered":"<p>escapewelt<\/p>\n","protected":false},"featured_media":417654,"template":"","meta":{"_improvement_type_select":"improve_an_existing","_thumb_yes_seoaic":false,"_frame_yes_seoaic":false,"seoaic_generate_description":"","seoaic_improve_instructions_prompt":"","seoaic_rollback_content_improvement":"","seoaic_idea_thumbnail_generator":"","thumbnail_generated":false,"thumbnail_generate_prompt":"","seoaic_article_description":"","product-afmeting-lengte-mm":"","product-afmeting-breedte-mm":"","product-afmeting-hoogte-mm":""},"product_brand":[],"product_cat":[1511,1774,1795,1227,1244,1233,1237],"product_tag":[],"class_list":{"0":"post-424331","1":"product","2":"type-product","3":"status-publish","4":"has-post-thumbnail","6":"product_cat-3-sterne-normal","7":"product_cat-escapewelt-de","8":"product_cat-holzerne-knobelaufgaben","9":"product_cat-knobelaufgaben","10":"product_cat-knobelaufgaben-de","11":"product_cat-knobelaufgaben-fur-erwachsene","12":"product_cat-knobelaufgaben-fur-kinder","13":"pa_merken-escapewelt-de","15":"first","16":"instock","17":"taxable","18":"shipping-taxable","19":"purchasable","20":"product-type-simple"},"df_price":32.99,"df_sale_price":"","df_regular_price":32.99,"df_image_link":"https:\/\/www.speedcube.nl\/wp-content\/uploads\/2023\/07\/Productvisuals_Breinbrekers-Escapewelt-Cryptex--285x300.jpg","_links":{"self":[{"href":"https:\/\/www.speedcube.nl\/de\/wp-json\/wp\/v2\/product\/424331","targetHints":{"allow":["GET"]}}],"collection":[{"href":"https:\/\/www.speedcube.nl\/de\/wp-json\/wp\/v2\/product"}],"about":[{"href":"https:\/\/www.speedcube.nl\/de\/wp-json\/wp\/v2\/types\/product"}],"version-history":[{"count":0,"href":"https:\/\/www.speedcube.nl\/de\/wp-json\/wp\/v2\/product\/424331\/revisions"}],"wp:featuredmedia":[{"embeddable":true,"href":"https:\/\/www.speedcube.nl\/de\/wp-json\/wp\/v2\/media\/417654"}],"wp:attachment":[{"href":"https:\/\/www.speedcube.nl\/de\/wp-json\/wp\/v2\/media?parent=424331"}],"wp:term":[{"taxonomy":"product_brand","embeddable":true,"href":"https:\/\/www.speedcube.nl\/de\/wp-json\/wp\/v2\/product_brand?post=424331"},{"taxonomy":"product_cat","embeddable":true,"href":"https:\/\/www.speedcube.nl\/de\/wp-json\/wp\/v2\/product_cat?post=424331"},{"taxonomy":"product_tag","embeddable":true,"href":"https:\/\/www.speedcube.nl\/de\/wp-json\/wp\/v2\/product_tag?post=424331"}],"curies":[{"name":"wp","href":"https:\/\/api.w.org\/{rel}","templated":true}]}}