{"id":424330,"date":"2023-07-04T09:53:16","date_gmt":"2023-07-04T07:53:16","guid":{"rendered":"https:\/\/www.speedcube.nl\/unkategorisiert\/zuru-oosh-slim-play-sand\/"},"modified":"2026-05-09T05:04:11","modified_gmt":"2026-05-09T03:04:11","slug":"zuru-oosh-slim-play-sand","status":"publish","type":"product","link":"https:\/\/www.speedcube.nl\/de\/kitt\/magischer-sand\/zuru-oosh-slim-play-sand\/","title":{"rendered":"ZURU Oosh Slim Play Sand"},"content":{"rendered":"<p>Das ist Zuru Oosh Slim Play Sand! Dies ist der perfekte Spielsand f\u00fcr Kinder aller Altersgruppen, die ein sinnliches Spielerlebnis suchen. Der Play Sand ist einzigartig, weil er unglaublich weich, dehnbar und formbar ist. Dieser bietet ein taktiles und sensorisches Erlebnis, das sich von anderen Spielsandarten unterscheidet. Au\u00dferdem ist er leicht zu reinigen und eignet sich daher ideal f\u00fcr das Spielen im Haus oder f\u00fcr Verabredungen mit Freunden. Mit diesem Spielsand macht das Spielen nicht nur Spa\u00df, er ist auch unglaublich lehrreich. Es f\u00f6rdert die Feinmotorik und regt die Kreativit\u00e4t der Kinder an. Der Oosh Slim Play Sand ist also nicht nur ein tolles Geschenk, sondern auch eine lohnende Investition in die Entwicklung Ihres Kindes. Dieser Spielsand ist in vier aufregenden Farben erh\u00e4ltlich: gelb, gr\u00fcn, blau und rosa. Es ist eine \u00dcberraschung, welche Farbe man bekommt!<\/p>\n<p>Abmessungen MEDIUM: 215 x 160 x 35 mm, 500 Gramm<br \/>\nLARGE Abmessungen: 240 x 200 x 90 mm, 1000 Gramm<\/p>\n","protected":false},"excerpt":{"rendered":"<p>ZURU<\/p>\n","protected":false},"featured_media":417560,"template":"","meta":{"_improvement_type_select":"improve_an_existing","_thumb_yes_seoaic":false,"_frame_yes_seoaic":false,"seoaic_generate_description":"","seoaic_improve_instructions_prompt":"","seoaic_rollback_content_improvement":"","seoaic_idea_thumbnail_generator":"","thumbnail_generated":false,"thumbnail_generate_prompt":"","seoaic_article_description":"","product-afmeting-lengte-mm":"","product-afmeting-breedte-mm":"","product-afmeting-hoogte-mm":""},"product_brand":[],"product_cat":[1239,1552,1946,1934,1230,1935],"product_tag":[],"class_list":{"0":"post-424330","1":"product","2":"type-product","3":"status-publish","4":"has-post-thumbnail","6":"product_cat-gadgets-de","7":"product_cat-kitt","8":"product_cat-magischer-sand","9":"product_cat-stressball","10":"product_cat-zappelphilipp","11":"product_cat-zuru-de","12":"pa_merken-zuru-de","14":"first","15":"onbackorder","16":"sale","17":"taxable","18":"shipping-taxable","19":"purchasable","20":"product-type-variable"},"df_price":2.5,"df_sale_price":"","df_regular_price":2.5,"df_image_link":"https:\/\/www.speedcube.nl\/wp-content\/uploads\/2023\/07\/Productvisuals_Fidgets-Oosh-Smart-Sand-Large--285x300.jpg","_links":{"self":[{"href":"https:\/\/www.speedcube.nl\/de\/wp-json\/wp\/v2\/product\/424330","targetHints":{"allow":["GET"]}}],"collection":[{"href":"https:\/\/www.speedcube.nl\/de\/wp-json\/wp\/v2\/product"}],"about":[{"href":"https:\/\/www.speedcube.nl\/de\/wp-json\/wp\/v2\/types\/product"}],"version-history":[{"count":0,"href":"https:\/\/www.speedcube.nl\/de\/wp-json\/wp\/v2\/product\/424330\/revisions"}],"wp:featuredmedia":[{"embeddable":true,"href":"https:\/\/www.speedcube.nl\/de\/wp-json\/wp\/v2\/media\/417560"}],"wp:attachment":[{"href":"https:\/\/www.speedcube.nl\/de\/wp-json\/wp\/v2\/media?parent=424330"}],"wp:term":[{"taxonomy":"product_brand","embeddable":true,"href":"https:\/\/www.speedcube.nl\/de\/wp-json\/wp\/v2\/product_brand?post=424330"},{"taxonomy":"product_cat","embeddable":true,"href":"https:\/\/www.speedcube.nl\/de\/wp-json\/wp\/v2\/product_cat?post=424330"},{"taxonomy":"product_tag","embeddable":true,"href":"https:\/\/www.speedcube.nl\/de\/wp-json\/wp\/v2\/product_tag?post=424330"}],"curies":[{"name":"wp","href":"https:\/\/api.w.org\/{rel}","templated":true}]}}