{"id":424320,"date":"2023-07-04T10:10:54","date_gmt":"2023-07-04T08:10:54","guid":{"rendered":"https:\/\/www.speedcube.nl\/unkategorisiert\/zuru-oosh-slim-play-kleber\/"},"modified":"2024-08-09T07:56:37","modified_gmt":"2024-08-09T05:56:37","slug":"zuru-oosh-slim-play-kleber","status":"publish","type":"product","link":"https:\/\/www.speedcube.nl\/de\/aanbieding-de\/zuru-oosh-slim-play-kleber\/","title":{"rendered":"ZURU Oosh Slim Play Kleber"},"content":{"rendered":"<p>Du kannst nicht genug davon bekommen, mit Schleim zu spielen? Der Smart Slime Oosh von Zuru ist der perfekte Schleim. Kneten, Dehnen, Dr\u00fccken, alles ist m\u00f6glich! Dieser Schleim ist in einer mittleren oder gro\u00dfen Packung erh\u00e4ltlich, so dass f\u00fcr jeden genug da ist. Dieser Spielkleber ist in den folgenden Farben erh\u00e4ltlich: rosa, regenbogenfarben, lila oder silber. Welche Sie erhalten, bleibt eine \u00dcberraschung. Geeignet f\u00fcr Kinder ab 4 Jahren.<\/p>\n<p>Abmessungen MEDIUM: 210 x 150 x 100 mm, 500 Gramm<br \/>\nLARGE Abmessungen: 240 x 200 x 90 mm, 800 Gramm<\/p>\n","protected":false},"excerpt":{"rendered":"<p>ZURU<\/p>\n","protected":false},"featured_media":417578,"template":"","meta":{"_improvement_type_select":"improve_an_existing","_thumb_yes_seoaic":false,"_frame_yes_seoaic":false,"seoaic_generate_description":"","seoaic_improve_instructions_prompt":"","seoaic_rollback_content_improvement":"","seoaic_idea_thumbnail_generator":"","thumbnail_generated":false,"thumbnail_generate_prompt":"","seoaic_article_description":"","product-afmeting-lengte-mm":"","product-afmeting-breedte-mm":"","product-afmeting-hoogte-mm":""},"product_brand":[],"product_cat":[1552,2558,1935],"product_tag":[],"class_list":{"0":"post-424320","1":"product","2":"type-product","3":"status-publish","4":"has-post-thumbnail","6":"product_cat-kitt","7":"product_cat-aanbieding-de","8":"product_cat-zuru-de","9":"pa_merken-zuru-de","11":"first","12":"onbackorder","13":"sale","14":"taxable","15":"shipping-taxable","16":"purchasable","17":"product-type-variable"},"df_price":3.2,"df_sale_price":"","df_regular_price":3.2,"df_image_link":"https:\/\/www.speedcube.nl\/wp-content\/uploads\/2023\/07\/Productvisuals_Fidgets-Oosh-Smart-Slime-Large--285x300.jpg","_links":{"self":[{"href":"https:\/\/www.speedcube.nl\/de\/wp-json\/wp\/v2\/product\/424320","targetHints":{"allow":["GET"]}}],"collection":[{"href":"https:\/\/www.speedcube.nl\/de\/wp-json\/wp\/v2\/product"}],"about":[{"href":"https:\/\/www.speedcube.nl\/de\/wp-json\/wp\/v2\/types\/product"}],"version-history":[{"count":0,"href":"https:\/\/www.speedcube.nl\/de\/wp-json\/wp\/v2\/product\/424320\/revisions"}],"wp:featuredmedia":[{"embeddable":true,"href":"https:\/\/www.speedcube.nl\/de\/wp-json\/wp\/v2\/media\/417578"}],"wp:attachment":[{"href":"https:\/\/www.speedcube.nl\/de\/wp-json\/wp\/v2\/media?parent=424320"}],"wp:term":[{"taxonomy":"product_brand","embeddable":true,"href":"https:\/\/www.speedcube.nl\/de\/wp-json\/wp\/v2\/product_brand?post=424320"},{"taxonomy":"product_cat","embeddable":true,"href":"https:\/\/www.speedcube.nl\/de\/wp-json\/wp\/v2\/product_cat?post=424320"},{"taxonomy":"product_tag","embeddable":true,"href":"https:\/\/www.speedcube.nl\/de\/wp-json\/wp\/v2\/product_tag?post=424320"}],"curies":[{"name":"wp","href":"https:\/\/api.w.org\/{rel}","templated":true}]}}