{"id":424313,"date":"2023-07-18T12:42:07","date_gmt":"2023-07-18T10:42:07","guid":{"rendered":"https:\/\/www.speedcube.nl\/unkategorisiert\/qiyi-haptischer-muenzknopf-version\/"},"modified":"2026-04-21T05:26:54","modified_gmt":"2026-04-21T03:26:54","slug":"qiyi-haptischer-muenzknopf-version","status":"publish","type":"product","link":"https:\/\/www.speedcube.nl\/de\/aanbieding-de\/qiyi-haptischer-muenzknopf-version\/","title":{"rendered":"QiYi Haptischer M\u00fcnzknopf Version"},"content":{"rendered":"<p>Die QiYi Haptic Coin ist ein tolles kleines Spielzeug. Es hat auf beiden Seiten Klickkn\u00f6pfe. Und beide H\u00e4lften der M\u00fcnze drehen sich unabh\u00e4ngig voneinander mit einem zufriedenstellenden Klicken alle 45\u00b0 oder so. Es ist ein gutes Hilfsmittel, um Stress oder \u00c4ngste abzubauen. Diese M\u00fcnze gibt es in gr\u00fcn und blau, es ist eine \u00dcberraschung, welche Sie erhalten.<\/p>\n","protected":false},"excerpt":{"rendered":"<p>QIYI<\/p>\n","protected":false},"featured_media":417748,"template":"","meta":{"_improvement_type_select":"improve_an_existing","_thumb_yes_seoaic":false,"_frame_yes_seoaic":false,"seoaic_generate_description":"","seoaic_improve_instructions_prompt":"","seoaic_rollback_content_improvement":"","seoaic_idea_thumbnail_generator":"","thumbnail_generated":false,"thumbnail_generate_prompt":"","seoaic_article_description":"","product-afmeting-lengte-mm":"","product-afmeting-breedte-mm":"","product-afmeting-hoogte-mm":""},"product_brand":[],"product_cat":[1235,1211,2558],"product_tag":[],"class_list":{"0":"post-424313","1":"product","2":"type-product","3":"status-publish","4":"has-post-thumbnail","6":"product_cat-qiyi-de","7":"product_cat-speedcube-de","8":"product_cat-aanbieding-de","9":"pa_merken-qiyi-de","11":"first","12":"instock","13":"sale","14":"taxable","15":"shipping-taxable","16":"purchasable","17":"product-type-simple"},"df_price":4.89,"df_sale_price":4.89,"df_regular_price":6.99,"df_image_link":"https:\/\/www.speedcube.nl\/wp-content\/uploads\/2023\/07\/Productvisuals_Speedcubes-QiYi-Haptic-Spinner-version-driehoek--285x300.jpg","_links":{"self":[{"href":"https:\/\/www.speedcube.nl\/de\/wp-json\/wp\/v2\/product\/424313","targetHints":{"allow":["GET"]}}],"collection":[{"href":"https:\/\/www.speedcube.nl\/de\/wp-json\/wp\/v2\/product"}],"about":[{"href":"https:\/\/www.speedcube.nl\/de\/wp-json\/wp\/v2\/types\/product"}],"version-history":[{"count":0,"href":"https:\/\/www.speedcube.nl\/de\/wp-json\/wp\/v2\/product\/424313\/revisions"}],"wp:featuredmedia":[{"embeddable":true,"href":"https:\/\/www.speedcube.nl\/de\/wp-json\/wp\/v2\/media\/417748"}],"wp:attachment":[{"href":"https:\/\/www.speedcube.nl\/de\/wp-json\/wp\/v2\/media?parent=424313"}],"wp:term":[{"taxonomy":"product_brand","embeddable":true,"href":"https:\/\/www.speedcube.nl\/de\/wp-json\/wp\/v2\/product_brand?post=424313"},{"taxonomy":"product_cat","embeddable":true,"href":"https:\/\/www.speedcube.nl\/de\/wp-json\/wp\/v2\/product_cat?post=424313"},{"taxonomy":"product_tag","embeddable":true,"href":"https:\/\/www.speedcube.nl\/de\/wp-json\/wp\/v2\/product_tag?post=424313"}],"curies":[{"name":"wp","href":"https:\/\/api.w.org\/{rel}","templated":true}]}}