{"id":424296,"date":"2023-07-18T14:05:15","date_gmt":"2023-07-18T12:05:15","guid":{"rendered":"https:\/\/www.speedcube.nl\/unkategorisiert\/yuxin-schiebe-3x3-magnetisches-sudoku\/"},"modified":"2026-04-08T05:00:50","modified_gmt":"2026-04-08T03:00:50","slug":"yuxin-schiebe-3x3-magnetisches-sudoku","status":"publish","type":"product","link":"https:\/\/www.speedcube.nl\/de\/speedcube-de\/yuxin-de\/yuxin-schiebe-3x3-magnetisches-sudoku\/","title":{"rendered":"Yuxin Schiebe 3&#215;3 Magnetisches Sudoku"},"content":{"rendered":"<p>YuXin 3&#215;3 Magnetic Sudoku ist ein 3&#215;3-W\u00fcrfel, bei dem jede Seite eine Klotski-R\u00e4tselaufgabe darstellt. Bei Klotski geht es darum, die Bl\u00f6cke so zu verschieben, dass sie in der richtigen Reihenfolge von unten nach oben liegen. Das kann schnell zu einer gro\u00dfen Herausforderung werden, da es zum Beispiel m\u00f6glich ist, einige der blauen W\u00fcrfel auf die wei\u00dfe Seite zu verschieben, was bedeutet, dass man sicherstellen muss, dass alle W\u00fcrfel auf der richtigen Seite platziert sind, bevor man das Klotski-Puzzle l\u00f6st. Au\u00dferdem wird der W\u00fcrfel selbst wie ein gew\u00f6hnlicher 3&#215;3-W\u00fcrfel gel\u00f6st, bei dem die Teile richtig ausgerichtet sein m\u00fcssen. Alles in allem bietet dieser W\u00fcrfel eine spannende und schwierige Herausforderung.<\/p>\n","protected":false},"excerpt":{"rendered":"<p>YUXIN<\/p>\n","protected":false},"featured_media":417826,"template":"","meta":{"_improvement_type_select":"improve_an_existing","_thumb_yes_seoaic":false,"_frame_yes_seoaic":false,"seoaic_generate_description":"","seoaic_improve_instructions_prompt":"","seoaic_rollback_content_improvement":"","seoaic_idea_thumbnail_generator":"","thumbnail_generated":false,"thumbnail_generate_prompt":"","seoaic_article_description":"","product-afmeting-lengte-mm":"","product-afmeting-breedte-mm":"","product-afmeting-hoogte-mm":""},"product_brand":[],"product_cat":[1221,1333,1377,1211],"product_tag":[],"class_list":{"0":"post-424296","1":"product","2":"type-product","3":"status-publish","4":"has-post-thumbnail","6":"product_cat-3x3-de","7":"product_cat-besonderheiten","8":"product_cat-yuxin-de","9":"product_cat-speedcube-de","10":"pa_merken-yuxin-de","12":"first","13":"instock","14":"taxable","15":"shipping-taxable","16":"purchasable","17":"product-type-simple"},"df_price":33.99,"df_sale_price":"","df_regular_price":33.99,"df_image_link":"https:\/\/www.speedcube.nl\/wp-content\/uploads\/2023\/07\/Productvisuals_Speedcubes-Yuxin-Sliding-3x3-Magnetic-Sudoku--285x300.jpg","_links":{"self":[{"href":"https:\/\/www.speedcube.nl\/de\/wp-json\/wp\/v2\/product\/424296","targetHints":{"allow":["GET"]}}],"collection":[{"href":"https:\/\/www.speedcube.nl\/de\/wp-json\/wp\/v2\/product"}],"about":[{"href":"https:\/\/www.speedcube.nl\/de\/wp-json\/wp\/v2\/types\/product"}],"version-history":[{"count":0,"href":"https:\/\/www.speedcube.nl\/de\/wp-json\/wp\/v2\/product\/424296\/revisions"}],"wp:featuredmedia":[{"embeddable":true,"href":"https:\/\/www.speedcube.nl\/de\/wp-json\/wp\/v2\/media\/417826"}],"wp:attachment":[{"href":"https:\/\/www.speedcube.nl\/de\/wp-json\/wp\/v2\/media?parent=424296"}],"wp:term":[{"taxonomy":"product_brand","embeddable":true,"href":"https:\/\/www.speedcube.nl\/de\/wp-json\/wp\/v2\/product_brand?post=424296"},{"taxonomy":"product_cat","embeddable":true,"href":"https:\/\/www.speedcube.nl\/de\/wp-json\/wp\/v2\/product_cat?post=424296"},{"taxonomy":"product_tag","embeddable":true,"href":"https:\/\/www.speedcube.nl\/de\/wp-json\/wp\/v2\/product_tag?post=424296"}],"curies":[{"name":"wp","href":"https:\/\/api.w.org\/{rel}","templated":true}]}}