{"id":424294,"date":"2023-07-19T21:25:09","date_gmt":"2023-07-19T19:25:09","guid":{"rendered":"https:\/\/www.speedcube.nl\/unkategorisiert\/diansheng-magnetische-gigaminx\/"},"modified":"2026-05-11T05:01:45","modified_gmt":"2026-05-11T03:01:45","slug":"diansheng-magnetische-gigaminx","status":"publish","type":"product","link":"https:\/\/www.speedcube.nl\/de\/speedcube-de\/gigaminx-de\/diansheng-magnetische-gigaminx\/","title":{"rendered":"Diansheng Magnetische Gigaminx"},"content":{"rendered":"<p>Entdecken Sie den bahnbrechenden Diansheng Gigaminx M &#8211; den ersten Gigaminx der Welt mit Magneten! Dieser beeindruckende W\u00fcrfel ist mit einer strukturierten Au\u00dfenschicht versehen, die ein einzigartiges, leicht konkaves Aussehen und ein au\u00dfergew\u00f6hnliches Erlebnis beim Aufl\u00f6sen bietet.<\/p>\n","protected":false},"excerpt":{"rendered":"<p>DIANSHENG<\/p>\n","protected":false},"featured_media":417935,"template":"","meta":{"_improvement_type_select":"improve_an_existing","_thumb_yes_seoaic":false,"_frame_yes_seoaic":false,"seoaic_generate_description":"","seoaic_improve_instructions_prompt":"","seoaic_rollback_content_improvement":"","seoaic_idea_thumbnail_generator":"","thumbnail_generated":false,"thumbnail_generate_prompt":"","seoaic_article_description":"","product-afmeting-lengte-mm":"","product-afmeting-breedte-mm":"","product-afmeting-hoogte-mm":""},"product_brand":[],"product_cat":[1328,1847,1211],"product_tag":[],"class_list":{"0":"post-424294","1":"product","2":"type-product","3":"status-publish","4":"has-post-thumbnail","6":"product_cat-diansheng-de","7":"product_cat-gigaminx-de","8":"product_cat-speedcube-de","9":"pa_merken-diansheng-de","11":"first","12":"instock","13":"taxable","14":"shipping-taxable","15":"purchasable","16":"product-type-simple"},"df_price":55.99,"df_sale_price":"","df_regular_price":55.99,"df_image_link":"https:\/\/www.speedcube.nl\/wp-content\/uploads\/2023\/07\/Productvisuals_Speedcubes-Diansheng-Magnetic-Gigaminx--285x300.jpg","_links":{"self":[{"href":"https:\/\/www.speedcube.nl\/de\/wp-json\/wp\/v2\/product\/424294","targetHints":{"allow":["GET"]}}],"collection":[{"href":"https:\/\/www.speedcube.nl\/de\/wp-json\/wp\/v2\/product"}],"about":[{"href":"https:\/\/www.speedcube.nl\/de\/wp-json\/wp\/v2\/types\/product"}],"version-history":[{"count":0,"href":"https:\/\/www.speedcube.nl\/de\/wp-json\/wp\/v2\/product\/424294\/revisions"}],"wp:featuredmedia":[{"embeddable":true,"href":"https:\/\/www.speedcube.nl\/de\/wp-json\/wp\/v2\/media\/417935"}],"wp:attachment":[{"href":"https:\/\/www.speedcube.nl\/de\/wp-json\/wp\/v2\/media?parent=424294"}],"wp:term":[{"taxonomy":"product_brand","embeddable":true,"href":"https:\/\/www.speedcube.nl\/de\/wp-json\/wp\/v2\/product_brand?post=424294"},{"taxonomy":"product_cat","embeddable":true,"href":"https:\/\/www.speedcube.nl\/de\/wp-json\/wp\/v2\/product_cat?post=424294"},{"taxonomy":"product_tag","embeddable":true,"href":"https:\/\/www.speedcube.nl\/de\/wp-json\/wp\/v2\/product_tag?post=424294"}],"curies":[{"name":"wp","href":"https:\/\/api.w.org\/{rel}","templated":true}]}}