{"id":424286,"date":"2023-08-03T15:57:15","date_gmt":"2023-08-03T13:57:15","guid":{"rendered":"https:\/\/www.speedcube.nl\/unkategorisiert\/moyu-super-rs3m-3x3-v2-uv-beschichtet\/"},"modified":"2026-05-12T05:04:13","modified_gmt":"2026-05-12T03:04:13","slug":"moyu-super-rs3m-3x3-v2-uv-beschichtet","status":"publish","type":"product","link":"https:\/\/www.speedcube.nl\/de\/speedcube-de\/moyu-de\/moyu-super-rs3m-3x3-v2-uv-beschichtet\/","title":{"rendered":"Moyu Super RS3M 3&#215;3 V2 UV-beschichtet"},"content":{"rendered":"<p>Entdecken Sie den MoYu Super RS3 Magnetic V2 3&#215;3, das ultimative Speedcube Upgrade f\u00fcr Fans der beliebten &#8222;RS3&#8220; Serie! Dieser W\u00fcrfel kombiniert eine beeindruckende Leistung mit hochwertigen Magneten, so dass Sie beim L\u00f6sen ein unvergleichliches Ma\u00df an Geschwindigkeit und Kontrolle erleben. Mit seiner reibungslosen Drehung und dem verbesserten Mechanismus bietet dieser W\u00fcrfel ein noch nie dagewesenes W\u00fcrfelerlebnis. Warten Sie nicht l\u00e4nger und bringen Sie Ihre Speedcube-F\u00e4higkeiten auf das n\u00e4chste Level mit dem MoYu Super RS3M 3&#215;3 V2 UV Coated! Die Gr\u00f6\u00dfe des W\u00fcrfels betr\u00e4gt 56x56x56 mm<\/p>\n<p>Wesentliche Merkmale:<br \/>\n&#8211; UV-beschichtet (Magic Cloth Version von MoYu), was die Griffigkeit generell verbessert.<br \/>\n&#8211; Reduzierte Reibung <em><br \/>\n  <strong>(Magnetschwebebahn-Version)<\/strong><br \/>\n<\/em><br \/>\n&#8211; Verbesserte magnetische R\u00fcckkopplung <em><strong>(Magnetschwebebahn- und Kugelkernversion)<br \/>\n<\/strong><\/em>&#8211; <em>Keine Federn erforderlich<strong> (Magnetschwebebahn- und Kugelkernversion)<br \/>\n<\/strong><\/em>&#8211; Doppeltes Einstellsystem f\u00fcr die Einstellung von Spannung und Elastizit\u00e4t<br \/>\n&#8211; Verbesserte Leistung beim Eckenschneiden<br \/>\n&#8211; Einzigartig gef\u00e4rbte Innenseite bei jedem Modell, Standard\/Magnetic (Standard-Innenseite), Maglev (lila Innenseite), BallCore UV (t\u00fcrkisfarbene Innenseite)<\/p>\n<p>Inklusive Zubeh\u00f6r:<br \/>\nWerkzeug mit zwei Einstellm\u00f6glichkeiten<br \/>\nWerkzeug zum Einstellen der Spannung<br \/>\nSchraubenzieher<br \/>\nAufbewahrungsbox<br \/>\nErsatz-Doppeleinstellungsst\u00fcck<\/p>\n","protected":false},"excerpt":{"rendered":"<p>MOYU<\/p>\n","protected":false},"featured_media":418374,"template":"","meta":{"_improvement_type_select":"improve_an_existing","_thumb_yes_seoaic":false,"_frame_yes_seoaic":false,"seoaic_generate_description":"","seoaic_improve_instructions_prompt":"","seoaic_rollback_content_improvement":"","seoaic_idea_thumbnail_generator":"","thumbnail_generated":false,"thumbnail_generate_prompt":"","seoaic_article_description":"","product-afmeting-lengte-mm":"","product-afmeting-breedte-mm":"","product-afmeting-hoogte-mm":""},"product_brand":[],"product_cat":[1221,1332,1211],"product_tag":[],"class_list":{"0":"post-424286","1":"product","2":"type-product","3":"status-publish","4":"has-post-thumbnail","6":"product_cat-3x3-de","7":"product_cat-moyu-de","8":"product_cat-speedcube-de","9":"pa_merken-moyu-de","11":"first","12":"instock","13":"taxable","14":"shipping-taxable","15":"purchasable","16":"product-type-variable"},"df_price":26.99,"df_sale_price":"","df_regular_price":26.99,"df_image_link":"https:\/\/www.speedcube.nl\/wp-content\/uploads\/2023\/08\/Productvisuals_Speedcubes-MoYu-Super-RS3M-V2--285x300.jpg","_links":{"self":[{"href":"https:\/\/www.speedcube.nl\/de\/wp-json\/wp\/v2\/product\/424286","targetHints":{"allow":["GET"]}}],"collection":[{"href":"https:\/\/www.speedcube.nl\/de\/wp-json\/wp\/v2\/product"}],"about":[{"href":"https:\/\/www.speedcube.nl\/de\/wp-json\/wp\/v2\/types\/product"}],"version-history":[{"count":0,"href":"https:\/\/www.speedcube.nl\/de\/wp-json\/wp\/v2\/product\/424286\/revisions"}],"wp:featuredmedia":[{"embeddable":true,"href":"https:\/\/www.speedcube.nl\/de\/wp-json\/wp\/v2\/media\/418374"}],"wp:attachment":[{"href":"https:\/\/www.speedcube.nl\/de\/wp-json\/wp\/v2\/media?parent=424286"}],"wp:term":[{"taxonomy":"product_brand","embeddable":true,"href":"https:\/\/www.speedcube.nl\/de\/wp-json\/wp\/v2\/product_brand?post=424286"},{"taxonomy":"product_cat","embeddable":true,"href":"https:\/\/www.speedcube.nl\/de\/wp-json\/wp\/v2\/product_cat?post=424286"},{"taxonomy":"product_tag","embeddable":true,"href":"https:\/\/www.speedcube.nl\/de\/wp-json\/wp\/v2\/product_tag?post=424286"}],"curies":[{"name":"wp","href":"https:\/\/api.w.org\/{rel}","templated":true}]}}