{"id":424275,"date":"2023-08-17T15:10:40","date_gmt":"2023-08-17T13:10:40","guid":{"rendered":"https:\/\/www.speedcube.nl\/unkategorisiert\/robotime-spieluhr-sonnenuntergang-karneval-amt01\/"},"modified":"2026-05-02T05:01:50","modified_gmt":"2026-05-02T03:01:50","slug":"robotime-spieluhr-sonnenuntergang-karneval-amt01","status":"publish","type":"product","link":"https:\/\/www.speedcube.nl\/de\/modellbau\/modellierung-von-miniaturhausern\/robotime-spieluhr-sonnenuntergang-karneval-amt01\/","title":{"rendered":"Robotime Spieluhr Sonnenuntergang Karneval AMT01"},"content":{"rendered":"<p>Willkommen beim Rolife Sunset Carnival, wo sich der wundersch\u00f6ne Sonnenuntergang und der bezaubernde Vergn\u00fcgungspark zu einem atemberaubenden Erlebnis vereinen! W\u00e4hrend sich das Riesenrad langsam erhebt, k\u00f6nnen Sie und Ihre Familie oder Freunde die Aussicht auf die Welt genie\u00dfen. Als die Nacht hereinbricht, schlie\u00dft sich langsam der Vorhang der Zirkusb\u00fchne, Herr Hase bl\u00e4st seine Trompete und der charmante Herr B\u00e4r erscheint auf seinem Fahrrad&#8230; Eine brillante Show steht bevor. Es verspricht eine romantische Begegnung auf dem Sunset Carnival zu werden!<\/p>\n<p>Diese einzigartige Spieluhr zum Selbermachen unterscheidet sich von unseren fr\u00fcheren 3D-Spieluhr-Puzzles, bei denen der Fernseher als Rahmen f\u00fcr eine komplette Geschichtenszene dient. Diese Spieluhr hat ein sich drehendes Riesenrad und einen Zirkus hinzugef\u00fcgt, um den Spa\u00df am Set zu erh\u00f6hen.<\/p>\n<p><strong>Hinweise:<br \/>\n<\/strong> +<b> Kinder <\/b>sollten wegen der Gefahr des Verschluckens unter Aufsicht von Erwachsenen zusammenbauen.<br \/>\n+ Das Produkt enth\u00e4lt kein Typ-C-Netzkabel.<\/p>\n","protected":false},"excerpt":{"rendered":"<p>ROBOTIME<\/p>\n","protected":false},"featured_media":418740,"template":"","meta":{"_improvement_type_select":"improve_an_existing","_thumb_yes_seoaic":false,"_frame_yes_seoaic":false,"seoaic_generate_description":"","seoaic_improve_instructions_prompt":"","seoaic_rollback_content_improvement":"","seoaic_idea_thumbnail_generator":"","thumbnail_generated":false,"thumbnail_generate_prompt":"","seoaic_article_description":"","product-afmeting-lengte-mm":"177","product-afmeting-breedte-mm":"142","product-afmeting-hoogte-mm":"414"},"product_brand":[],"product_cat":[1617,1500,1636,1499,1638,1619],"product_tag":[],"class_list":{"0":"post-424275","1":"product","2":"type-product","3":"status-publish","4":"has-post-thumbnail","6":"product_cat-baukasten-aus-holz","7":"product_cat-baukasten-fur-erwachsene","8":"product_cat-baukasten-fur-kinder","9":"product_cat-modellbau","10":"product_cat-modellierung-von-miniaturhausern","11":"product_cat-robotime-de","12":"pa_merken-robotime-de","14":"first","15":"instock","16":"taxable","17":"shipping-taxable","18":"purchasable","19":"product-type-simple"},"df_price":47.99,"df_sale_price":"","df_regular_price":47.99,"df_image_link":"https:\/\/www.speedcube.nl\/wp-content\/uploads\/2023\/08\/Productvisuals_Modelbouw-Robotime-Sunset-Carnival-AMT01--285x300.jpg","_links":{"self":[{"href":"https:\/\/www.speedcube.nl\/de\/wp-json\/wp\/v2\/product\/424275","targetHints":{"allow":["GET"]}}],"collection":[{"href":"https:\/\/www.speedcube.nl\/de\/wp-json\/wp\/v2\/product"}],"about":[{"href":"https:\/\/www.speedcube.nl\/de\/wp-json\/wp\/v2\/types\/product"}],"version-history":[{"count":0,"href":"https:\/\/www.speedcube.nl\/de\/wp-json\/wp\/v2\/product\/424275\/revisions"}],"wp:featuredmedia":[{"embeddable":true,"href":"https:\/\/www.speedcube.nl\/de\/wp-json\/wp\/v2\/media\/418740"}],"wp:attachment":[{"href":"https:\/\/www.speedcube.nl\/de\/wp-json\/wp\/v2\/media?parent=424275"}],"wp:term":[{"taxonomy":"product_brand","embeddable":true,"href":"https:\/\/www.speedcube.nl\/de\/wp-json\/wp\/v2\/product_brand?post=424275"},{"taxonomy":"product_cat","embeddable":true,"href":"https:\/\/www.speedcube.nl\/de\/wp-json\/wp\/v2\/product_cat?post=424275"},{"taxonomy":"product_tag","embeddable":true,"href":"https:\/\/www.speedcube.nl\/de\/wp-json\/wp\/v2\/product_tag?post=424275"}],"curies":[{"name":"wp","href":"https:\/\/api.w.org\/{rel}","templated":true}]}}