{"id":424263,"date":"2023-07-19T21:22:10","date_gmt":"2023-07-19T19:22:10","guid":{"rendered":"https:\/\/www.speedcube.nl\/unkategorisiert\/moyu-meilong-magnetische-2345-geschenkbox\/"},"modified":"2026-05-03T05:27:39","modified_gmt":"2026-05-03T03:27:39","slug":"moyu-meilong-magnetische-2345-geschenkbox","status":"publish","type":"product","link":"https:\/\/www.speedcube.nl\/de\/speedcube-de\/5x5-de\/moyu-meilong-magnetische-2345-geschenkbox\/","title":{"rendered":"MoYu Meilong Magnetische 2345 Geschenkbox"},"content":{"rendered":"<p>Entdecken Sie die faszinierende Welt der Moyu Meilong Magnetic Speedcubes! Diese Speedcubes sind von h\u00f6chster Qualit\u00e4t und dennoch erschwinglich. Dank ihrer Leichtg\u00e4ngigkeit und ihres soliden Mechanismus gew\u00e4hrleisten sie m\u00fchelose Drehungen. In diesem fantastischen Paket finden Sie einen 2&#215;2, 3&#215;3, 4&#215;4 und 5&#215;5 Speedcube, alle wundersch\u00f6n zusammengestellt in einer luxuri\u00f6sen Geschenkbox, inklusive Einstellwerkzeug. Egal, ob du ein Anf\u00e4nger oder ein erfahrener Speedcuber bist, diese Speedcubes werden dir ein erstklassiges Geschenk sein!<\/p>\n","protected":false},"excerpt":{"rendered":"<p>MOYU<\/p>\n","protected":false},"featured_media":417910,"template":"","meta":{"_improvement_type_select":"improve_an_existing","_thumb_yes_seoaic":false,"_frame_yes_seoaic":false,"seoaic_generate_description":"","seoaic_improve_instructions_prompt":"","seoaic_rollback_content_improvement":"","seoaic_idea_thumbnail_generator":"","thumbnail_generated":false,"thumbnail_generate_prompt":"","seoaic_article_description":"","product-afmeting-lengte-mm":"","product-afmeting-breedte-mm":"","product-afmeting-hoogte-mm":""},"product_brand":[],"product_cat":[1267,1221,1229,1872,1332,1211],"product_tag":[],"class_list":{"0":"post-424263","1":"product","2":"type-product","3":"status-publish","4":"has-post-thumbnail","6":"product_cat-2x2-de","7":"product_cat-3x3-de","8":"product_cat-4x4-de","9":"product_cat-5x5-de","10":"product_cat-moyu-de","11":"product_cat-speedcube-de","12":"pa_merken-moyu-de","14":"first","15":"instock","16":"taxable","17":"shipping-taxable","18":"purchasable","19":"product-type-simple"},"df_price":45.99,"df_sale_price":"","df_regular_price":45.99,"df_image_link":"https:\/\/www.speedcube.nl\/wp-content\/uploads\/2023\/07\/Productvisuals_Speedcubes-MoYu-Meilong-Magnetic-2345-gift-box--285x300.jpg","_links":{"self":[{"href":"https:\/\/www.speedcube.nl\/de\/wp-json\/wp\/v2\/product\/424263","targetHints":{"allow":["GET"]}}],"collection":[{"href":"https:\/\/www.speedcube.nl\/de\/wp-json\/wp\/v2\/product"}],"about":[{"href":"https:\/\/www.speedcube.nl\/de\/wp-json\/wp\/v2\/types\/product"}],"version-history":[{"count":0,"href":"https:\/\/www.speedcube.nl\/de\/wp-json\/wp\/v2\/product\/424263\/revisions"}],"wp:featuredmedia":[{"embeddable":true,"href":"https:\/\/www.speedcube.nl\/de\/wp-json\/wp\/v2\/media\/417910"}],"wp:attachment":[{"href":"https:\/\/www.speedcube.nl\/de\/wp-json\/wp\/v2\/media?parent=424263"}],"wp:term":[{"taxonomy":"product_brand","embeddable":true,"href":"https:\/\/www.speedcube.nl\/de\/wp-json\/wp\/v2\/product_brand?post=424263"},{"taxonomy":"product_cat","embeddable":true,"href":"https:\/\/www.speedcube.nl\/de\/wp-json\/wp\/v2\/product_cat?post=424263"},{"taxonomy":"product_tag","embeddable":true,"href":"https:\/\/www.speedcube.nl\/de\/wp-json\/wp\/v2\/product_tag?post=424263"}],"curies":[{"name":"wp","href":"https:\/\/api.w.org\/{rel}","templated":true}]}}