{"id":424255,"date":"2023-07-19T21:06:50","date_gmt":"2023-07-19T19:06:50","guid":{"rendered":"https:\/\/www.speedcube.nl\/unkategorisiert\/sengso-gigaminx-wuerfel\/"},"modified":"2026-05-11T05:01:55","modified_gmt":"2026-05-11T03:01:55","slug":"sengso-gigaminx-wuerfel","status":"publish","type":"product","link":"https:\/\/www.speedcube.nl\/de\/speedcube-de\/gigaminx-de\/sengso-gigaminx-wuerfel\/","title":{"rendered":"Sengso Gigaminx-W\u00fcrfel"},"content":{"rendered":"<p>Der Sengso Gigaminx speedcube ist ein Puzzle, das speziell f\u00fcr die ultimative speedcubing Herausforderung entwickelt wurde. Mit nicht weniger als 12 Fl\u00e4chen und 5 Ebenen ist dieser Speedcube viel schwieriger als ein normales Megaminx-Puzzle. Um den Sengso Gigaminx zu verstehen und zu man\u00f6vrieren, braucht man mehr als nur Geschwindigkeit und Wendigkeit. Sie erfordert die F\u00e4higkeit, komplexe Muster zu erkennen und strategische Entscheidungen zu treffen. Jede Ebene dieses Speedcubes ist eine Herausforderung f\u00fcr sich, mit einzigartigen Wendungen und Positionierungen.<\/p>\n<p>F\u00fcr Speedcuber, die auf der Suche nach einem neuen und faszinierenden W\u00fcrfelerlebnis sind, bietet der Sengso Gigaminx eine noch nie dagewesene Pr\u00fcfung von Geschicklichkeit und Geduld. Die L\u00f6sung dieses Geschwindigkeitsw\u00fcrfels erfordert nicht nur die Kenntnis grundlegender Algorithmen, sondern auch fortgeschrittener Techniken.<\/p>\n","protected":false},"excerpt":{"rendered":"<p>SengSo<\/p>\n","protected":false},"featured_media":417949,"template":"","meta":{"_improvement_type_select":"improve_an_existing","_thumb_yes_seoaic":false,"_frame_yes_seoaic":false,"seoaic_generate_description":"","seoaic_improve_instructions_prompt":"","seoaic_rollback_content_improvement":"","seoaic_idea_thumbnail_generator":"","thumbnail_generated":false,"thumbnail_generate_prompt":"","seoaic_article_description":"","product-afmeting-lengte-mm":"","product-afmeting-breedte-mm":"","product-afmeting-hoogte-mm":""},"product_brand":[],"product_cat":[1847,1778,1211],"product_tag":[],"class_list":{"0":"post-424255","1":"product","2":"type-product","3":"status-publish","4":"has-post-thumbnail","6":"product_cat-gigaminx-de","7":"product_cat-sengso-de","8":"product_cat-speedcube-de","9":"pa_merken-sengso-de","11":"first","12":"instock","13":"taxable","14":"shipping-taxable","15":"purchasable","16":"product-type-simple"},"df_price":22.99,"df_sale_price":"","df_regular_price":22.99,"df_image_link":"https:\/\/www.speedcube.nl\/wp-content\/uploads\/2023\/07\/Productvisuals_Speedcubes-Sengso-Gigaminx--285x300.jpg","_links":{"self":[{"href":"https:\/\/www.speedcube.nl\/de\/wp-json\/wp\/v2\/product\/424255","targetHints":{"allow":["GET"]}}],"collection":[{"href":"https:\/\/www.speedcube.nl\/de\/wp-json\/wp\/v2\/product"}],"about":[{"href":"https:\/\/www.speedcube.nl\/de\/wp-json\/wp\/v2\/types\/product"}],"version-history":[{"count":0,"href":"https:\/\/www.speedcube.nl\/de\/wp-json\/wp\/v2\/product\/424255\/revisions"}],"wp:featuredmedia":[{"embeddable":true,"href":"https:\/\/www.speedcube.nl\/de\/wp-json\/wp\/v2\/media\/417949"}],"wp:attachment":[{"href":"https:\/\/www.speedcube.nl\/de\/wp-json\/wp\/v2\/media?parent=424255"}],"wp:term":[{"taxonomy":"product_brand","embeddable":true,"href":"https:\/\/www.speedcube.nl\/de\/wp-json\/wp\/v2\/product_brand?post=424255"},{"taxonomy":"product_cat","embeddable":true,"href":"https:\/\/www.speedcube.nl\/de\/wp-json\/wp\/v2\/product_cat?post=424255"},{"taxonomy":"product_tag","embeddable":true,"href":"https:\/\/www.speedcube.nl\/de\/wp-json\/wp\/v2\/product_tag?post=424255"}],"curies":[{"name":"wp","href":"https:\/\/api.w.org\/{rel}","templated":true}]}}