{"id":424254,"date":"2023-08-01T12:09:50","date_gmt":"2023-08-01T10:09:50","guid":{"rendered":"https:\/\/www.speedcube.nl\/unkategorisiert\/rubiks-coach-schaelwuerfel\/"},"modified":"2026-05-10T05:03:58","modified_gmt":"2026-05-10T03:03:58","slug":"rubiks-coach-schaelwuerfel","status":"publish","type":"product","link":"https:\/\/www.speedcube.nl\/de\/aanbieding-de\/rubiks-coach-schaelwuerfel\/","title":{"rendered":"Rubik&#8217;s Coach \/ Sch\u00e4lw\u00fcrfel"},"content":{"rendered":"<p>Lernen Sie, wie man einen W\u00fcrfel in 8 Schritten l\u00f6st. Die Methode &#8222;Entfernen und Entdecken&#8220; macht Sie zum Experten! Der Coach-W\u00fcrfel ist ein p\u00e4dagogisches Instrument f\u00fcr alle, auch f\u00fcr Lehrer und Sch\u00fcler. Wie genau funktioniert das?<br \/>\n+ Beginne mit einem W\u00fcrfel, der mit nummerierten schwarzen Aufklebern bedeckt ist.<br \/>\n+ Folgen Sie den Erkl\u00e4rungen und sehen Sie sich die Videos an. Entfernen Sie die Aufkleber und l\u00f6sen Sie die erschienenen Schachteln auf.<br \/>\n+ Sie haben den W\u00fcrfel erfolgreich gel\u00f6st! Mischen Sie es, um weiter zu \u00fcben.<\/p>\n","protected":false},"excerpt":{"rendered":"<p>RUBIK&#8217;S<\/p>\n","protected":false},"featured_media":418070,"template":"","meta":{"_improvement_type_select":"improve_an_existing","_thumb_yes_seoaic":false,"_frame_yes_seoaic":false,"seoaic_generate_description":"","seoaic_improve_instructions_prompt":"","seoaic_rollback_content_improvement":"","seoaic_idea_thumbnail_generator":"","thumbnail_generated":false,"thumbnail_generate_prompt":"","seoaic_article_description":"","product-afmeting-lengte-mm":"","product-afmeting-breedte-mm":"","product-afmeting-hoogte-mm":""},"product_brand":[],"product_cat":[2558],"product_tag":[],"class_list":{"0":"post-424254","1":"product","2":"type-product","3":"status-publish","4":"has-post-thumbnail","6":"product_cat-aanbieding-de","7":"pa_merken-rubiks-de","9":"first","10":"instock","11":"sale","12":"taxable","13":"shipping-taxable","14":"purchasable","15":"product-type-simple"},"df_price":9.6,"df_sale_price":9.6,"df_regular_price":23.99,"df_image_link":"https:\/\/www.speedcube.nl\/wp-content\/uploads\/2023\/08\/Productvisuals_Speedcubes-Rubiks-Coach-Peel-cube--285x300.jpg","_links":{"self":[{"href":"https:\/\/www.speedcube.nl\/de\/wp-json\/wp\/v2\/product\/424254","targetHints":{"allow":["GET"]}}],"collection":[{"href":"https:\/\/www.speedcube.nl\/de\/wp-json\/wp\/v2\/product"}],"about":[{"href":"https:\/\/www.speedcube.nl\/de\/wp-json\/wp\/v2\/types\/product"}],"version-history":[{"count":0,"href":"https:\/\/www.speedcube.nl\/de\/wp-json\/wp\/v2\/product\/424254\/revisions"}],"wp:featuredmedia":[{"embeddable":true,"href":"https:\/\/www.speedcube.nl\/de\/wp-json\/wp\/v2\/media\/418070"}],"wp:attachment":[{"href":"https:\/\/www.speedcube.nl\/de\/wp-json\/wp\/v2\/media?parent=424254"}],"wp:term":[{"taxonomy":"product_brand","embeddable":true,"href":"https:\/\/www.speedcube.nl\/de\/wp-json\/wp\/v2\/product_brand?post=424254"},{"taxonomy":"product_cat","embeddable":true,"href":"https:\/\/www.speedcube.nl\/de\/wp-json\/wp\/v2\/product_cat?post=424254"},{"taxonomy":"product_tag","embeddable":true,"href":"https:\/\/www.speedcube.nl\/de\/wp-json\/wp\/v2\/product_tag?post=424254"}],"curies":[{"name":"wp","href":"https:\/\/api.w.org\/{rel}","templated":true}]}}