{"id":424252,"date":"2023-08-23T16:01:13","date_gmt":"2023-08-23T14:01:13","guid":{"rendered":"https:\/\/www.speedcube.nl\/unkategorisiert\/veter-models-racer-v3-gelb-schwarz-rot\/"},"modified":"2026-05-09T05:01:28","modified_gmt":"2026-05-09T03:01:28","slug":"veter-models-racer-v3-gelb-schwarz-rot","status":"publish","type":"product","link":"https:\/\/www.speedcube.nl\/de\/modellbau\/modellautos\/veter-models-racer-v3-gelb-schwarz-rot\/","title":{"rendered":"Veter Models Racer V3 Gelb\/Schwarz\/Rot"},"content":{"rendered":"<p>Das 3D-Puzzleauto Racer V3 von Veter Models ist ein absolutes Muss f\u00fcr Ihre st\u00e4ndige Sammlung. Das sch\u00f6ne Vintage-Holzdesign wird Sie beeindrucken. Dieses Auto ist aus hochwertigen Materialien gefertigt, die sehr langlebig sind. Er kombiniert Holz und transparenten Kunststoff auf moderne Weise. Dieses mechanische Modell eines Sportwagens ist der perfekte Weg, um sich zu entspannen und ein selbstgemachtes DIY-Projekt zu genie\u00dfen!<\/p>\n<p>Was dieses Auto wirklich einzigartig macht, sind seine vielen besonderen Merkmale. Er kann bis zu 10 Meter weit fahren und verf\u00fcgt \u00fcber einen Fahr-, R\u00fcckw\u00e4rts- und Neutralmodus. Au\u00dferdem hat er vollst\u00e4ndig ge\u00f6ffnete T\u00fcren, einen Kofferraum und eine Motorhaube. Sie werden von dem wunderbar funktionierenden 8-Zylinder-V-Motor und den durchdrehenden Vorderr\u00e4dern beeindruckt sein!  <span data-offset-key=\"1gj32-595-0\">Dieses Modell besteht aus 223 Teilen.<\/span><\/p>\n","protected":false},"excerpt":{"rendered":"<p>VATERMODELLE<\/p>\n","protected":false},"featured_media":418832,"template":"","meta":{"_improvement_type_select":"improve_an_existing","_thumb_yes_seoaic":false,"_frame_yes_seoaic":false,"seoaic_generate_description":"","seoaic_improve_instructions_prompt":"","seoaic_rollback_content_improvement":"","seoaic_idea_thumbnail_generator":"","thumbnail_generated":false,"thumbnail_generate_prompt":"","seoaic_article_description":"","product-afmeting-lengte-mm":"170","product-afmeting-breedte-mm":"70","product-afmeting-hoogte-mm":"39"},"product_brand":[],"product_cat":[1617,1500,1844,1499,1709,1502,1838],"product_tag":[],"class_list":{"0":"post-424252","1":"product","2":"type-product","3":"status-publish","4":"has-post-thumbnail","6":"product_cat-baukasten-aus-holz","7":"product_cat-baukasten-fur-erwachsene","8":"product_cat-modellautos","9":"product_cat-modellbau","10":"product_cat-modellfahrzeuge","11":"product_cat-plastisches-modellieren","12":"product_cat-veter-modelle","13":"pa_merken-vatermodelle","15":"first","16":"instock","17":"taxable","18":"shipping-taxable","19":"purchasable","20":"product-type-simple"},"df_price":37.5,"df_sale_price":"","df_regular_price":37.5,"df_image_link":"https:\/\/www.speedcube.nl\/wp-content\/uploads\/2023\/08\/Veter-Models-Racer-V3-GeelZwartRood-285x300.jpg","_links":{"self":[{"href":"https:\/\/www.speedcube.nl\/de\/wp-json\/wp\/v2\/product\/424252","targetHints":{"allow":["GET"]}}],"collection":[{"href":"https:\/\/www.speedcube.nl\/de\/wp-json\/wp\/v2\/product"}],"about":[{"href":"https:\/\/www.speedcube.nl\/de\/wp-json\/wp\/v2\/types\/product"}],"version-history":[{"count":0,"href":"https:\/\/www.speedcube.nl\/de\/wp-json\/wp\/v2\/product\/424252\/revisions"}],"wp:featuredmedia":[{"embeddable":true,"href":"https:\/\/www.speedcube.nl\/de\/wp-json\/wp\/v2\/media\/418832"}],"wp:attachment":[{"href":"https:\/\/www.speedcube.nl\/de\/wp-json\/wp\/v2\/media?parent=424252"}],"wp:term":[{"taxonomy":"product_brand","embeddable":true,"href":"https:\/\/www.speedcube.nl\/de\/wp-json\/wp\/v2\/product_brand?post=424252"},{"taxonomy":"product_cat","embeddable":true,"href":"https:\/\/www.speedcube.nl\/de\/wp-json\/wp\/v2\/product_cat?post=424252"},{"taxonomy":"product_tag","embeddable":true,"href":"https:\/\/www.speedcube.nl\/de\/wp-json\/wp\/v2\/product_tag?post=424252"}],"curies":[{"name":"wp","href":"https:\/\/api.w.org\/{rel}","templated":true}]}}