{"id":424251,"date":"2023-07-19T21:29:19","date_gmt":"2023-07-19T19:29:19","guid":{"rendered":"https:\/\/www.speedcube.nl\/unkategorisiert\/wil-strijbos-lotusblumen-puzzle\/"},"modified":"2026-05-10T05:03:38","modified_gmt":"2026-05-10T03:03:38","slug":"wil-strijbos-lotusblumen-puzzle","status":"publish","type":"product","link":"https:\/\/www.speedcube.nl\/de\/knobelaufgaben\/strijbos-de\/wil-strijbos-lotusblumen-puzzle\/","title":{"rendered":"Wil Strijbos Lotusblumen-Puzzle"},"content":{"rendered":"<p>Entdecken Sie den Weg zur Entdeckung der versteckten Kombination und finden Sie heraus, was sich in dieser Lotusblume von Wil Strijbos verbirgt. Dieses herausfordernde R\u00e4tsel von h\u00f6chster Qualit\u00e4t wird Sie sicher auf die Probe stellen! Es ist ein Meisterwerk, das im Laufe der Jahre von seinem Sch\u00f6pfer angepasst wurde. Durch die Verbesserung des Mechanismus und des Innenlebens ist es fast unm\u00f6glich geworden, dieses R\u00e4tsel zu l\u00f6sen. Es verdient daher die h\u00f6chste Schwierigkeitsstufe EXPERT 6\/6. Alter 14+<\/p>\n<p>*Ausgenommen von der R\u00fcckgabe, siehe Allgemeine Gesch\u00e4ftsbedingungen.<\/p>\n","protected":false},"excerpt":{"rendered":"<p>WIL STRIBOS<\/p>\n","protected":false},"featured_media":417974,"template":"","meta":{"_improvement_type_select":"improve_an_existing","_thumb_yes_seoaic":false,"_frame_yes_seoaic":false,"seoaic_generate_description":"","seoaic_improve_instructions_prompt":"","seoaic_rollback_content_improvement":"","seoaic_idea_thumbnail_generator":"","thumbnail_generated":false,"thumbnail_generate_prompt":"","seoaic_article_description":"","product-afmeting-lengte-mm":"110","product-afmeting-breedte-mm":"55","product-afmeting-hoogte-mm":"20"},"product_brand":[],"product_cat":[1490,1227,1244,1233,1488,1831],"product_tag":[],"class_list":{"0":"post-424251","1":"product","2":"type-product","3":"status-publish","4":"has-post-thumbnail","6":"product_cat-5-sterne-oder-mehr-experte","7":"product_cat-knobelaufgaben","8":"product_cat-knobelaufgaben-de","9":"product_cat-knobelaufgaben-fur-erwachsene","10":"product_cat-metall","11":"product_cat-strijbos-de","12":"pa_merken-wil-stribos-de","14":"first","15":"outofstock","16":"taxable","17":"shipping-taxable","18":"purchasable","19":"product-type-simple"},"df_price":278.99,"df_sale_price":"","df_regular_price":278.99,"df_image_link":"https:\/\/www.speedcube.nl\/wp-content\/uploads\/2023\/07\/Productvisuals_Breinbrekers-Wil-Strijbos-Lotus-Flower-Puzzel--285x300.jpg","_links":{"self":[{"href":"https:\/\/www.speedcube.nl\/de\/wp-json\/wp\/v2\/product\/424251","targetHints":{"allow":["GET"]}}],"collection":[{"href":"https:\/\/www.speedcube.nl\/de\/wp-json\/wp\/v2\/product"}],"about":[{"href":"https:\/\/www.speedcube.nl\/de\/wp-json\/wp\/v2\/types\/product"}],"version-history":[{"count":0,"href":"https:\/\/www.speedcube.nl\/de\/wp-json\/wp\/v2\/product\/424251\/revisions"}],"wp:featuredmedia":[{"embeddable":true,"href":"https:\/\/www.speedcube.nl\/de\/wp-json\/wp\/v2\/media\/417974"}],"wp:attachment":[{"href":"https:\/\/www.speedcube.nl\/de\/wp-json\/wp\/v2\/media?parent=424251"}],"wp:term":[{"taxonomy":"product_brand","embeddable":true,"href":"https:\/\/www.speedcube.nl\/de\/wp-json\/wp\/v2\/product_brand?post=424251"},{"taxonomy":"product_cat","embeddable":true,"href":"https:\/\/www.speedcube.nl\/de\/wp-json\/wp\/v2\/product_cat?post=424251"},{"taxonomy":"product_tag","embeddable":true,"href":"https:\/\/www.speedcube.nl\/de\/wp-json\/wp\/v2\/product_tag?post=424251"}],"curies":[{"name":"wp","href":"https:\/\/api.w.org\/{rel}","templated":true}]}}