{"id":424235,"date":"2023-11-02T14:19:26","date_gmt":"2023-11-02T13:19:26","guid":{"rendered":"https:\/\/www.speedcube.nl\/unkategorisiert\/ugears-harry-potter-quidditch-flipperautomat\/"},"modified":"2026-05-03T05:26:51","modified_gmt":"2026-05-03T03:26:51","slug":"ugears-harry-potter-quidditch-flipperautomat","status":"publish","type":"product","link":"https:\/\/www.speedcube.nl\/de\/modellbau\/film-de\/ugears-harry-potter-quidditch-flipperautomat\/","title":{"rendered":"Ugears Harry Potter Quidditch Flipperautomat"},"content":{"rendered":"<p>Steigt auf eure Besen und macht euch bereit f\u00fcr ein spannendes Quidditchspiel! Dieser funktionst\u00fcchtige Flipper ist von dem fiktiven Zaubererspiel Quidditch aus den beliebten Harry-Potter-B\u00fcchern und -Filmen inspiriert. W\u00e4hrend des Spiels fliegen die Spieler durch eine Luftarena und versuchen, den Slurk durch drei Ringe auf der gegnerischen Seite zu werfen oder zu treffen, wobei sie jedes Mal 10 Punkte erzielen m\u00fcssen. Die Mannschaft, die den Goldenen Hai f\u00e4ngt, erh\u00e4lt 150 Punkte und gewinnt das Spiel.<\/p>\n<p>Das DIY Ugears Quidditch Pinball Modell ist ein optisch beeindruckendes Stadion, bestehend aus einem Spielfeld aus Karton, das mit dekorativen Elementen bedruckt ist, 8 erh\u00f6hten Aussichtsplattformen, auf denen die Logos der vier H\u00e4user von Hogwarts (Gryffindor, Hufflepuff, Ravenclaw und Sytherin) eingraviert sind, einer funktionalen Anzeigetafel, einer Box zur Aufbewahrung des goldenen Schnatzes und drei Schneeb\u00e4llen. Nat\u00fcrlich verf\u00fcgt auch dieser Flipper \u00fcber Spielelemente wie Flipper, Bumper, Ziele und Hindernisse.<\/p>\n<p><strong>Spielregeln f\u00fcr Quidditch-Flipper<\/strong><\/p>\n<ul>\n<li>Vergewissere dich, dass der Quidditch-Flipper richtig zusammengebaut ist, bevor du loslegst. Pr\u00fcfen Sie, ob alle beweglichen Teile ordnungsgem\u00e4\u00df funktionieren.<\/li>\n<li>Stellen Sie das Modell auf eine ebene Fl\u00e4che und nehmen Sie den gelben Ball (Schnatz) aus der Schachtel. Platziere den Schnatz an der vorgesehenen Stelle auf der linken Schiene.<\/li>\n<li>Stecken Sie die drei roten Kugeln (Slurk) in das Loch auf der linken Vorderseite des Modells.<\/li>\n<li>Hebe die drei Tore in der Mitte des Spielfelds hoch, indem du die beiden Sto\u00dfstangen und die Abschussrampe direkt hinter den Toren dr\u00fcckst.<\/li>\n<li>Drehen Sie das Rad auf der R\u00fcckseite der Anzeigetafel, um sie auf drei Nullen einzustellen.<\/li>\n<li>Jetzt k\u00f6nnen Sie mit dem Spiel beginnen!<\/li>\n<\/ul>\n<p>Um das Spiel zu starten, dr\u00fccken Sie die Taste &#8222;Neues Spiel&#8220; auf der Vorderseite des Modells und schicken Sie die drei Kugeln an die richtige Stelle. Dr\u00fccken Sie den vorderen Hebel nach unten, um den ersten Quaffel bereit zu machen, dann ziehen Sie den seitlichen Abzug und lassen ihn schnell los, um den Ball auf das Spielfeld zu werfen. Lege deine H\u00e4nde auf die Kn\u00f6pfe an der Seite des Spiels und dr\u00fccke sie, um jeden Ball so lange wie m\u00f6glich im Spiel zu halten. Besiege die drei Tore, um einen Weg zu den Ringen freizumachen, die von H\u00fcter Ron Weasley und den Weasley-Zwillingen als Schweber verteidigt werden. Jedes Mal, wenn der Slurk einen Ring auf der anderen Seite des Spielfelds durchquert, erh\u00e4ltst du 10 Punkte (behalte die Punkteanzeige im Auge, indem du den Knopf oben rechts dr\u00fcckst). Der Slurk kommt dann wieder ins Spiel. Verteidige deine eigenen Ringe, indem du verhinderst, dass die Slurk-B\u00e4lle an deinen Flossen vorbeikommen, sonst verschwinden sie aus dem Spiel. Wenn alle drei Slurk-B\u00e4lle durch die eigenen Ringe gefallen sind, endet das Spiel.<\/p>\n<p>Die gr\u00f6\u00dfte Herausforderung des Spiels und der &#8222;einfachste&#8220; Weg, um zu gewinnen, ist das Fangen des goldenen Schnatzes. Sie k\u00f6nnen dies tun, indem Sie einen Slurk auf die Schienen schicken und ihn von der schr\u00e4gen Rampe in der Mitte abschie\u00dfen (die Rampe hebt sich in Position, sobald das mittlere Ziel getroffen wird). Wenn ein Slurk auf der rechten Schiene landet, wird er wieder ins Spiel gebracht, w\u00e4hrend ein Slurk, der auf der linken Schiene landet, nach unten f\u00e4hrt, bis er den Snaai in Harry Potters wartende Arme entl\u00e4sst.<\/p>\n<p>Anzahl der Teile: 402<br \/>\nGesch\u00e4tzte Montagezeit: 9 Stunden<\/p>\n","protected":false},"excerpt":{"rendered":"<p>UGEARS<\/p>\n","protected":false},"featured_media":421864,"template":"","meta":{"_improvement_type_select":"improve_an_existing","_thumb_yes_seoaic":false,"_frame_yes_seoaic":false,"seoaic_generate_description":"","seoaic_improve_instructions_prompt":"","seoaic_rollback_content_improvement":"","seoaic_idea_thumbnail_generator":"","thumbnail_generated":false,"thumbnail_generate_prompt":"","seoaic_article_description":"","product-afmeting-lengte-mm":"425","product-afmeting-breedte-mm":"185","product-afmeting-hoogte-mm":"295"},"product_brand":[],"product_cat":[1617,1500,1636,1724,1499,1713],"product_tag":[],"class_list":{"0":"post-424235","1":"product","2":"type-product","3":"status-publish","4":"has-post-thumbnail","6":"product_cat-baukasten-aus-holz","7":"product_cat-baukasten-fur-erwachsene","8":"product_cat-baukasten-fur-kinder","9":"product_cat-film-de","10":"product_cat-modellbau","11":"product_cat-ugears-modellbau","12":"pa_merken-ugears-de","14":"first","15":"instock","16":"taxable","17":"shipping-taxable","18":"purchasable","19":"product-type-simple"},"df_price":84.95,"df_sale_price":"","df_regular_price":84.95,"df_image_link":"https:\/\/www.speedcube.nl\/wp-content\/uploads\/2023\/11\/Productvisuals_Modelbouw-Ugears-Harry-Potter-Zwerkbal\u2122-flipperkast--285x300.jpg","_links":{"self":[{"href":"https:\/\/www.speedcube.nl\/de\/wp-json\/wp\/v2\/product\/424235","targetHints":{"allow":["GET"]}}],"collection":[{"href":"https:\/\/www.speedcube.nl\/de\/wp-json\/wp\/v2\/product"}],"about":[{"href":"https:\/\/www.speedcube.nl\/de\/wp-json\/wp\/v2\/types\/product"}],"version-history":[{"count":0,"href":"https:\/\/www.speedcube.nl\/de\/wp-json\/wp\/v2\/product\/424235\/revisions"}],"wp:featuredmedia":[{"embeddable":true,"href":"https:\/\/www.speedcube.nl\/de\/wp-json\/wp\/v2\/media\/421864"}],"wp:attachment":[{"href":"https:\/\/www.speedcube.nl\/de\/wp-json\/wp\/v2\/media?parent=424235"}],"wp:term":[{"taxonomy":"product_brand","embeddable":true,"href":"https:\/\/www.speedcube.nl\/de\/wp-json\/wp\/v2\/product_brand?post=424235"},{"taxonomy":"product_cat","embeddable":true,"href":"https:\/\/www.speedcube.nl\/de\/wp-json\/wp\/v2\/product_cat?post=424235"},{"taxonomy":"product_tag","embeddable":true,"href":"https:\/\/www.speedcube.nl\/de\/wp-json\/wp\/v2\/product_tag?post=424235"}],"curies":[{"name":"wp","href":"https:\/\/api.w.org\/{rel}","templated":true}]}}