{"id":424234,"date":"2023-09-13T13:33:41","date_gmt":"2023-09-13T11:33:41","guid":{"rendered":"https:\/\/www.speedcube.nl\/unkategorisiert\/magicyoyo-v3\/"},"modified":"2026-05-12T05:04:14","modified_gmt":"2026-05-12T03:04:14","slug":"magicyoyo-v3","status":"publish","type":"product","link":"https:\/\/www.speedcube.nl\/de\/yo-yos\/magicyoyo-de\/magicyoyo-v3\/","title":{"rendered":"MagicYoyo V3"},"content":{"rendered":"<p>Das MAGIC YOYO V3 ist eine gro\u00dfartige Wahl f\u00fcr alle, die mit dem Yo-Yo-Spielen beginnen m\u00f6chten. Mit diesem Yo-Yo kannst du m\u00fchelos mehrere beeindruckende Tricks ausf\u00fchren, wie z.B. den 1A, 3A und 5A Style. Das aus hochwertigem Aluminium gefertigte Yo-Yo bietet eine perfekte Balance und Stabilit\u00e4t, so dass es einfach ist, hohe Geschwindigkeiten w\u00e4hrend deiner Yo-Yo-Routinen zu erreichen. Die Oberfl\u00e4che des Yo-Yos wird mit einer superglatten Sandstrahltechnik veredelt, so dass es immer wie neu aussieht und kaum anf\u00e4llig f\u00fcr Kratzer ist.<\/p>\n<p>Gewicht: 65 Gramm<br \/>\nDurchmesser: 55 mm<br \/>\nBreite: 38,5 mm<br \/>\n(Un)ansprechbar<\/p>\n<p>&nbsp;<\/p>\n","protected":false},"excerpt":{"rendered":"<p>MAGICYOYO<\/p>\n","protected":false},"featured_media":419954,"template":"","meta":{"_improvement_type_select":"improve_an_existing","_thumb_yes_seoaic":false,"_frame_yes_seoaic":false,"seoaic_generate_description":"","seoaic_improve_instructions_prompt":"","seoaic_rollback_content_improvement":"","seoaic_idea_thumbnail_generator":"","thumbnail_generated":false,"thumbnail_generate_prompt":"","seoaic_article_description":"","product-afmeting-lengte-mm":"","product-afmeting-breedte-mm":"","product-afmeting-hoogte-mm":""},"product_brand":[],"product_cat":[1572,1705,1255,1238],"product_tag":[],"class_list":{"0":"post-424234","1":"product","2":"type-product","3":"status-publish","4":"has-post-thumbnail","6":"product_cat-aluminium-de","7":"product_cat-magicyoyo-de","8":"product_cat-nicht-ansprechbar","9":"product_cat-yo-yos","10":"pa_merken-magicyoyo-de","12":"first","13":"instock","14":"sale","15":"taxable","16":"shipping-taxable","17":"purchasable","18":"product-type-variable"},"df_price":12.593,"df_sale_price":"","df_regular_price":12.593,"df_image_link":"https:\/\/www.speedcube.nl\/wp-content\/uploads\/2023\/09\/Productvisuals_yoyo-MagicYoyo-V3--285x300.jpg","_links":{"self":[{"href":"https:\/\/www.speedcube.nl\/de\/wp-json\/wp\/v2\/product\/424234","targetHints":{"allow":["GET"]}}],"collection":[{"href":"https:\/\/www.speedcube.nl\/de\/wp-json\/wp\/v2\/product"}],"about":[{"href":"https:\/\/www.speedcube.nl\/de\/wp-json\/wp\/v2\/types\/product"}],"version-history":[{"count":0,"href":"https:\/\/www.speedcube.nl\/de\/wp-json\/wp\/v2\/product\/424234\/revisions"}],"wp:featuredmedia":[{"embeddable":true,"href":"https:\/\/www.speedcube.nl\/de\/wp-json\/wp\/v2\/media\/419954"}],"wp:attachment":[{"href":"https:\/\/www.speedcube.nl\/de\/wp-json\/wp\/v2\/media?parent=424234"}],"wp:term":[{"taxonomy":"product_brand","embeddable":true,"href":"https:\/\/www.speedcube.nl\/de\/wp-json\/wp\/v2\/product_brand?post=424234"},{"taxonomy":"product_cat","embeddable":true,"href":"https:\/\/www.speedcube.nl\/de\/wp-json\/wp\/v2\/product_cat?post=424234"},{"taxonomy":"product_tag","embeddable":true,"href":"https:\/\/www.speedcube.nl\/de\/wp-json\/wp\/v2\/product_tag?post=424234"}],"curies":[{"name":"wp","href":"https:\/\/api.w.org\/{rel}","templated":true}]}}