{"id":424232,"date":"2023-08-30T16:22:12","date_gmt":"2023-08-30T14:22:12","guid":{"rendered":"https:\/\/www.speedcube.nl\/unkategorisiert\/sengso-huancai-metallic-pyraminx-3x3-magnetisch\/"},"modified":"2026-05-10T05:04:10","modified_gmt":"2026-05-10T03:04:10","slug":"sengso-huancai-metallic-pyraminx-3x3-magnetisch","status":"publish","type":"product","link":"https:\/\/www.speedcube.nl\/de\/aanbieding-de\/sengso-huancai-metallic-pyraminx-3x3-magnetisch\/","title":{"rendered":"Sengso HuanCai Metallic Pyraminx 3&#215;3 (Magnetisch)"},"content":{"rendered":"<p>Lernen Sie den Sengso HuanCai Metallic Pyraminx 3&#215;3 kennen. Was diesen W\u00fcrfel so einzigartig macht, ist sein sch\u00f6nes Metalldesign. Die gl\u00e4nzende Oberfl\u00e4che verleiht dem HuanCai ein futuristisches Aussehen und macht ihn zu einem echten Blickfang. Aber es geht nicht nur um das Aussehen, der Sengso HuanCai Metallic Pyraminx 3&#215;3 ist ein toller W\u00fcrfel f\u00fcr jeden W\u00fcrfelfan!<\/p>\n","protected":false},"excerpt":{"rendered":"<p>SENGSO<\/p>\n","protected":false},"featured_media":419025,"template":"","meta":{"_improvement_type_select":"improve_an_existing","_thumb_yes_seoaic":false,"_frame_yes_seoaic":false,"seoaic_generate_description":"","seoaic_improve_instructions_prompt":"","seoaic_rollback_content_improvement":"","seoaic_idea_thumbnail_generator":"","thumbnail_generated":false,"thumbnail_generate_prompt":"","seoaic_article_description":"","product-afmeting-lengte-mm":"","product-afmeting-breedte-mm":"","product-afmeting-hoogte-mm":""},"product_brand":[],"product_cat":[2558,1778,1211],"product_tag":[],"class_list":{"0":"post-424232","1":"product","2":"type-product","3":"status-publish","4":"has-post-thumbnail","6":"product_cat-aanbieding-de","7":"product_cat-sengso-de","8":"product_cat-speedcube-de","9":"pa_merken-sengso-de","11":"first","12":"instock","13":"sale","14":"taxable","15":"shipping-taxable","16":"purchasable","17":"product-type-simple"},"df_price":7.79,"df_sale_price":7.79,"df_regular_price":12.99,"df_image_link":"https:\/\/www.speedcube.nl\/wp-content\/uploads\/2023\/08\/Productvisuals_Speedcubes-Sengso-HuanCai-Metallic-Pyraminx-3x3--285x300.jpg","_links":{"self":[{"href":"https:\/\/www.speedcube.nl\/de\/wp-json\/wp\/v2\/product\/424232","targetHints":{"allow":["GET"]}}],"collection":[{"href":"https:\/\/www.speedcube.nl\/de\/wp-json\/wp\/v2\/product"}],"about":[{"href":"https:\/\/www.speedcube.nl\/de\/wp-json\/wp\/v2\/types\/product"}],"version-history":[{"count":0,"href":"https:\/\/www.speedcube.nl\/de\/wp-json\/wp\/v2\/product\/424232\/revisions"}],"wp:featuredmedia":[{"embeddable":true,"href":"https:\/\/www.speedcube.nl\/de\/wp-json\/wp\/v2\/media\/419025"}],"wp:attachment":[{"href":"https:\/\/www.speedcube.nl\/de\/wp-json\/wp\/v2\/media?parent=424232"}],"wp:term":[{"taxonomy":"product_brand","embeddable":true,"href":"https:\/\/www.speedcube.nl\/de\/wp-json\/wp\/v2\/product_brand?post=424232"},{"taxonomy":"product_cat","embeddable":true,"href":"https:\/\/www.speedcube.nl\/de\/wp-json\/wp\/v2\/product_cat?post=424232"},{"taxonomy":"product_tag","embeddable":true,"href":"https:\/\/www.speedcube.nl\/de\/wp-json\/wp\/v2\/product_tag?post=424232"}],"curies":[{"name":"wp","href":"https:\/\/api.w.org\/{rel}","templated":true}]}}