{"id":424231,"date":"2023-09-08T14:20:20","date_gmt":"2023-09-08T12:20:20","guid":{"rendered":"https:\/\/www.speedcube.nl\/unkategorisiert\/unidragon-abstraktion-fraktale-immersion\/"},"modified":"2026-05-02T05:00:54","modified_gmt":"2026-05-02T03:00:54","slug":"unidragon-abstraktion-fraktale-immersion","status":"publish","type":"product","link":"https:\/\/www.speedcube.nl\/de\/aanbieding-de\/unidragon-abstraktion-fraktale-immersion\/","title":{"rendered":"Unidragon Abstraktion Fraktale Immersion"},"content":{"rendered":"<p>Gleiten Sie entlang glitzernder Spiralen in die Tiefen dieses strahlenden Raums hinab zum Licht. Das Fractal Immersion-Puzzle wiederholt sich unendlich und fasziniert vom ersten Moment an. Elemente in Form von sich drehenden Muscheln und sich kr\u00e4uselnden Bl\u00fctenbl\u00e4ttern bilden eine komplizierte Mischung von Komponenten, die die Neugier eines aufmerksamen Geistes wecken werden. Tauchen Sie ein in endlose Fraktale, Spiralen, bizarr verschlungene Linien und verbl\u00fcffende R\u00e4ume mit diesem Unidragon Mind-Breaker aus der Kollektion Abstraction. Lass die Zeit stillstehen, wenn du diese anspruchsvollen geometrischen R\u00e4tsel l\u00f6st. Jedes von ihnen ist eine echte Herausforderung, die aus 100 Teilen besteht. Wenn Sie es geschafft haben, werden Sie mit echter Zufriedenheit belohnt. Au\u00dferdem kannst du alle 4 Puzzles der Serie zu einem gro\u00dfen Kunstwerk zusammensetzen! Die unebenen Kanten der Puzzles dienen nicht nur als Dekoration, sondern auch als Verbindungselement f\u00fcr andere Puzzles der Serie. Auf diese Weise k\u00f6nnen Sie ein sch\u00f6nes und einzigartiges Ensemble schaffen, das Aufmerksamkeit und Bewunderung erregt. Entfesseln Sie Ihre Kreativit\u00e4t und entdecken Sie die unendlichen M\u00f6glichkeiten des Unidragon Mind-Breaker aus der Kollektion Abstraction. Viel Spa\u00df beim L\u00f6sen der R\u00e4tsel und beim Staunen \u00fcber die Sch\u00f6nheit der Mathematik und Geometrie.<\/p>\n<p>Die Puzzles sind aus 3 mm starkem, gepresstem HDF gefertigt. Dieses Material ist umweltfreundlich, hochwertig und langlebig. Wenn du mit dem Zusammensetzen fertig bist, darfst du das Puzzle nicht zur\u00fcck in den Schrank legen. Verwenden Sie es als Innendekoration! Zu diesem Zweck haben wir ein spezielles Klebesystem entwickelt, das das Puzzle zusammensetzt und an die Wand klebt.<\/p>\n","protected":false},"excerpt":{"rendered":"<p>UNIDRAGON<\/p>\n","protected":false},"featured_media":419656,"template":"","meta":{"_improvement_type_select":"improve_an_existing","_thumb_yes_seoaic":false,"_frame_yes_seoaic":false,"seoaic_generate_description":"","seoaic_improve_instructions_prompt":"","seoaic_rollback_content_improvement":"","seoaic_idea_thumbnail_generator":"","thumbnail_generated":false,"thumbnail_generate_prompt":"","seoaic_article_description":"","product-afmeting-lengte-mm":"217","product-afmeting-breedte-mm":"217","product-afmeting-hoogte-mm":"3"},"product_brand":[],"product_cat":[1613,1624,2558],"product_tag":[],"class_list":{"0":"post-424231","1":"product","2":"type-product","3":"status-publish","4":"has-post-thumbnail","6":"product_cat-ratsel-de","7":"product_cat-unidragon-de","8":"product_cat-aanbieding-de","9":"pa_merken-unidragon-de","11":"first","12":"instock","13":"sale","14":"taxable","15":"shipping-taxable","16":"purchasable","17":"product-type-simple"},"df_price":20.5,"df_sale_price":20.5,"df_regular_price":40.99,"df_image_link":"https:\/\/www.speedcube.nl\/wp-content\/uploads\/2023\/09\/Productvisuals_Puzzels-UNIDRAGON-Fractal-Immersion--285x300.jpg","_links":{"self":[{"href":"https:\/\/www.speedcube.nl\/de\/wp-json\/wp\/v2\/product\/424231","targetHints":{"allow":["GET"]}}],"collection":[{"href":"https:\/\/www.speedcube.nl\/de\/wp-json\/wp\/v2\/product"}],"about":[{"href":"https:\/\/www.speedcube.nl\/de\/wp-json\/wp\/v2\/types\/product"}],"version-history":[{"count":0,"href":"https:\/\/www.speedcube.nl\/de\/wp-json\/wp\/v2\/product\/424231\/revisions"}],"wp:featuredmedia":[{"embeddable":true,"href":"https:\/\/www.speedcube.nl\/de\/wp-json\/wp\/v2\/media\/419656"}],"wp:attachment":[{"href":"https:\/\/www.speedcube.nl\/de\/wp-json\/wp\/v2\/media?parent=424231"}],"wp:term":[{"taxonomy":"product_brand","embeddable":true,"href":"https:\/\/www.speedcube.nl\/de\/wp-json\/wp\/v2\/product_brand?post=424231"},{"taxonomy":"product_cat","embeddable":true,"href":"https:\/\/www.speedcube.nl\/de\/wp-json\/wp\/v2\/product_cat?post=424231"},{"taxonomy":"product_tag","embeddable":true,"href":"https:\/\/www.speedcube.nl\/de\/wp-json\/wp\/v2\/product_tag?post=424231"}],"curies":[{"name":"wp","href":"https:\/\/api.w.org\/{rel}","templated":true}]}}