{"id":424228,"date":"2023-10-24T13:37:40","date_gmt":"2023-10-24T11:37:40","guid":{"rendered":"https:\/\/www.speedcube.nl\/unkategorisiert\/escapewelt-quest-tower\/"},"modified":"2026-05-11T05:00:09","modified_gmt":"2026-05-11T03:00:09","slug":"escapewelt-quest-tower","status":"publish","type":"product","link":"https:\/\/www.speedcube.nl\/de\/knobelaufgaben\/holzerne-knobelaufgaben\/escapewelt-quest-tower\/","title":{"rendered":"Escapewelt Quest Tower"},"content":{"rendered":"<p>St\u00fcrzen Sie sich in ein aufregendes Abenteuer, ohne Ihr Haus zu verlassen! Der Quest Tower ist kompakt und leicht zu transportieren, so dass du ihn \u00fcberall einsetzen und mit deinen Freunden spielen kannst. L\u00f6sen Sie ein R\u00e4tsel nach dem anderen und schalten Sie nach und nach neue Codes und Symbole frei. Manipuliere verschiedene Mechanismen, um an das versteckte Fach zu gelangen. Das ist kein Gl\u00fccksfall! Alles dreht sich um logische Entscheidungen. Quest Tower ist das perfekte Geschenk f\u00fcr jede Gelegenheit! Der Turm enth\u00e4lt ein verstecktes Fach, in dem du eine zus\u00e4tzliche \u00dcberraschung verstecken kannst: Ringe, Geld oder einfach eine Notiz mit einem s\u00fc\u00dfen Text. Die M\u00f6glichkeiten sind endlos! Nachdem du den Questturm gel\u00f6st hast, kannst du ihn als Dekoration verwenden. Zum Beispiel als Aufbewahrungsbox f\u00fcr Schmuck, Geld oder wertvolle Gegenst\u00e4nde. Der Quest Tower ist aus nat\u00fcrlichem Birkenholz gefertigt, das absolut umweltfreundlich und sicher ist. Dieses Puzzle ist f\u00fcr Kinder ab 14 Jahren geeignet.<\/p>\n","protected":false},"excerpt":{"rendered":"<p>escapewelt<\/p>\n","protected":false},"featured_media":421652,"template":"","meta":{"_improvement_type_select":"improve_an_existing","_thumb_yes_seoaic":false,"_frame_yes_seoaic":false,"seoaic_generate_description":"","seoaic_improve_instructions_prompt":"","seoaic_rollback_content_improvement":"","seoaic_idea_thumbnail_generator":"","thumbnail_generated":false,"thumbnail_generate_prompt":"","seoaic_article_description":"","product-afmeting-lengte-mm":"","product-afmeting-breedte-mm":"","product-afmeting-hoogte-mm":""},"product_brand":[],"product_cat":[1490,1774,1795,1227,1244,1233,1237],"product_tag":[],"class_list":{"0":"post-424228","1":"product","2":"type-product","3":"status-publish","4":"has-post-thumbnail","6":"product_cat-5-sterne-oder-mehr-experte","7":"product_cat-escapewelt-de","8":"product_cat-holzerne-knobelaufgaben","9":"product_cat-knobelaufgaben","10":"product_cat-knobelaufgaben-de","11":"product_cat-knobelaufgaben-fur-erwachsene","12":"product_cat-knobelaufgaben-fur-kinder","13":"pa_merken-escapewelt-de","15":"first","16":"instock","17":"taxable","18":"shipping-taxable","19":"purchasable","20":"product-type-simple"},"df_price":54.99,"df_sale_price":"","df_regular_price":54.99,"df_image_link":"https:\/\/www.speedcube.nl\/wp-content\/uploads\/2023\/10\/Productvisuals_Breinbrekers-Escapewelt-Quest-Tower--285x300.jpg","_links":{"self":[{"href":"https:\/\/www.speedcube.nl\/de\/wp-json\/wp\/v2\/product\/424228","targetHints":{"allow":["GET"]}}],"collection":[{"href":"https:\/\/www.speedcube.nl\/de\/wp-json\/wp\/v2\/product"}],"about":[{"href":"https:\/\/www.speedcube.nl\/de\/wp-json\/wp\/v2\/types\/product"}],"version-history":[{"count":0,"href":"https:\/\/www.speedcube.nl\/de\/wp-json\/wp\/v2\/product\/424228\/revisions"}],"wp:featuredmedia":[{"embeddable":true,"href":"https:\/\/www.speedcube.nl\/de\/wp-json\/wp\/v2\/media\/421652"}],"wp:attachment":[{"href":"https:\/\/www.speedcube.nl\/de\/wp-json\/wp\/v2\/media?parent=424228"}],"wp:term":[{"taxonomy":"product_brand","embeddable":true,"href":"https:\/\/www.speedcube.nl\/de\/wp-json\/wp\/v2\/product_brand?post=424228"},{"taxonomy":"product_cat","embeddable":true,"href":"https:\/\/www.speedcube.nl\/de\/wp-json\/wp\/v2\/product_cat?post=424228"},{"taxonomy":"product_tag","embeddable":true,"href":"https:\/\/www.speedcube.nl\/de\/wp-json\/wp\/v2\/product_tag?post=424228"}],"curies":[{"name":"wp","href":"https:\/\/api.w.org\/{rel}","templated":true}]}}