{"id":424218,"date":"2023-09-26T15:13:16","date_gmt":"2023-09-26T13:13:16","guid":{"rendered":"https:\/\/www.speedcube.nl\/unkategorisiert\/schleimige-macarons\/"},"modified":"2026-05-15T05:10:49","modified_gmt":"2026-05-15T03:10:49","slug":"schleimige-macarons","status":"publish","type":"product","link":"https:\/\/www.speedcube.nl\/de\/aanbieding-de\/schleimige-macarons\/","title":{"rendered":"Schleimige Macarons"},"content":{"rendered":"<p>Machen Sie Ihre eigenen Macarons mit diesem fr\u00f6hlichen und farbenfrohen SLIMY, der in verschiedenen Farben erh\u00e4ltlich ist. Diese Leckerlis sind mit verschiedenen Arten von Slimy-Spielmasse (50 g) gef\u00fcllt. Au\u00dferdem sind Glitzer und Streusel enthalten, die f\u00fcr zus\u00e4tzlichen Spa\u00df sorgen. Mit diesem Set k\u00f6nnen Sie Ihre eigenen einzigartigen Slimy-Macarons kreieren. Genie\u00dfen Sie dieses hochwertige und schmackhafte Slimy! Es ist eine \u00dcberraschung, welche Farbkombination Sie erhalten werden.<\/p>\n<p><em>Merkmale:<br \/>\n<\/em>+ Abmessungen: mm<br \/>\n+ Gewicht: 2 x 50 Gramm<br \/>\n+ Spa\u00df f\u00fcr Kinder ab 5 Jahren<\/p>\n","protected":false},"excerpt":{"rendered":"<p>SLIMY<\/p>\n","protected":false},"featured_media":420383,"template":"","meta":{"_improvement_type_select":"improve_an_existing","_thumb_yes_seoaic":false,"_frame_yes_seoaic":false,"seoaic_generate_description":"","seoaic_improve_instructions_prompt":"","seoaic_rollback_content_improvement":"","seoaic_idea_thumbnail_generator":"","thumbnail_generated":false,"thumbnail_generate_prompt":"","seoaic_article_description":"","product-afmeting-lengte-mm":"","product-afmeting-breedte-mm":"","product-afmeting-hoogte-mm":""},"product_brand":[],"product_cat":[1552,2558,1752],"product_tag":[],"class_list":{"0":"post-424218","1":"product","2":"type-product","3":"status-publish","4":"has-post-thumbnail","6":"product_cat-kitt","7":"product_cat-aanbieding-de","8":"product_cat-schleimig","9":"pa_merken-slimy-de","11":"first","12":"instock","13":"sale","14":"taxable","15":"shipping-taxable","16":"purchasable","17":"product-type-simple"},"df_price":4.79,"df_sale_price":4.79,"df_regular_price":7.99,"df_image_link":"https:\/\/www.speedcube.nl\/wp-content\/uploads\/2023\/09\/Productvisuals_putty-Slimy-Macarons--285x300.jpg","_links":{"self":[{"href":"https:\/\/www.speedcube.nl\/de\/wp-json\/wp\/v2\/product\/424218","targetHints":{"allow":["GET"]}}],"collection":[{"href":"https:\/\/www.speedcube.nl\/de\/wp-json\/wp\/v2\/product"}],"about":[{"href":"https:\/\/www.speedcube.nl\/de\/wp-json\/wp\/v2\/types\/product"}],"version-history":[{"count":0,"href":"https:\/\/www.speedcube.nl\/de\/wp-json\/wp\/v2\/product\/424218\/revisions"}],"wp:featuredmedia":[{"embeddable":true,"href":"https:\/\/www.speedcube.nl\/de\/wp-json\/wp\/v2\/media\/420383"}],"wp:attachment":[{"href":"https:\/\/www.speedcube.nl\/de\/wp-json\/wp\/v2\/media?parent=424218"}],"wp:term":[{"taxonomy":"product_brand","embeddable":true,"href":"https:\/\/www.speedcube.nl\/de\/wp-json\/wp\/v2\/product_brand?post=424218"},{"taxonomy":"product_cat","embeddable":true,"href":"https:\/\/www.speedcube.nl\/de\/wp-json\/wp\/v2\/product_cat?post=424218"},{"taxonomy":"product_tag","embeddable":true,"href":"https:\/\/www.speedcube.nl\/de\/wp-json\/wp\/v2\/product_tag?post=424218"}],"curies":[{"name":"wp","href":"https:\/\/api.w.org\/{rel}","templated":true}]}}