{"id":424215,"date":"2023-08-04T11:15:45","date_gmt":"2023-08-04T09:15:45","guid":{"rendered":"https:\/\/www.speedcube.nl\/unkategorisiert\/sengso-spiegel-q-platypus-puzzle\/"},"modified":"2026-05-02T05:02:42","modified_gmt":"2026-05-02T03:02:42","slug":"sengso-spiegel-q-platypus-puzzle","status":"publish","type":"product","link":"https:\/\/www.speedcube.nl\/de\/aanbieding-de\/sengso-spiegel-q-platypus-puzzle\/","title":{"rendered":"Sengso-Spiegel Q-Platypus Puzzle"},"content":{"rendered":"<p>Dieses einzigartige Puzzle von Sengso wird dir sicher viel Spa\u00df bereiten! Im Gegensatz zu herk\u00f6mmlichen W\u00fcrfeln hat das Sengso Mirror Q-Platypus Puzzle nur eine Farbe, aber unterschiedlich gro\u00dfe Teile. Das bedeutet, dass man sich bei der L\u00f6sung des W\u00fcrfels eher auf die Gr\u00f6\u00dfe als auf die Farbe konzentriert. Durch diese Innovation ver\u00e4ndert der W\u00fcrfel seine Form und bietet Ihnen eine zus\u00e4tzliche Herausforderung. Seien Sie versichert, dass die L\u00f6sung die gleiche ist wie die des Standard-Platypus, so dass Sie Ihre gewohnten Methoden anwenden k\u00f6nnen.<\/p>\n","protected":false},"excerpt":{"rendered":"<p>SengSo<\/p>\n","protected":false},"featured_media":418306,"template":"","meta":{"_improvement_type_select":"improve_an_existing","_thumb_yes_seoaic":false,"_frame_yes_seoaic":false,"seoaic_generate_description":"","seoaic_improve_instructions_prompt":"","seoaic_rollback_content_improvement":"","seoaic_idea_thumbnail_generator":"","thumbnail_generated":false,"thumbnail_generate_prompt":"","seoaic_article_description":"","product-afmeting-lengte-mm":"","product-afmeting-breedte-mm":"","product-afmeting-hoogte-mm":""},"product_brand":[],"product_cat":[1778,1211,2558],"product_tag":[],"class_list":{"0":"post-424215","1":"product","2":"type-product","3":"status-publish","4":"has-post-thumbnail","6":"product_cat-sengso-de","7":"product_cat-speedcube-de","8":"product_cat-aanbieding-de","9":"pa_merken-sengso-de","11":"first","12":"instock","13":"sale","14":"taxable","15":"shipping-taxable","16":"purchasable","17":"product-type-simple"},"df_price":11.99,"df_sale_price":11.99,"df_regular_price":15.99,"df_image_link":"https:\/\/www.speedcube.nl\/wp-content\/uploads\/2023\/08\/Productvisuals_Speedcubes-Sengso-Mirror-Q-platypus-blue--285x300.jpg","_links":{"self":[{"href":"https:\/\/www.speedcube.nl\/de\/wp-json\/wp\/v2\/product\/424215","targetHints":{"allow":["GET"]}}],"collection":[{"href":"https:\/\/www.speedcube.nl\/de\/wp-json\/wp\/v2\/product"}],"about":[{"href":"https:\/\/www.speedcube.nl\/de\/wp-json\/wp\/v2\/types\/product"}],"version-history":[{"count":0,"href":"https:\/\/www.speedcube.nl\/de\/wp-json\/wp\/v2\/product\/424215\/revisions"}],"wp:featuredmedia":[{"embeddable":true,"href":"https:\/\/www.speedcube.nl\/de\/wp-json\/wp\/v2\/media\/418306"}],"wp:attachment":[{"href":"https:\/\/www.speedcube.nl\/de\/wp-json\/wp\/v2\/media?parent=424215"}],"wp:term":[{"taxonomy":"product_brand","embeddable":true,"href":"https:\/\/www.speedcube.nl\/de\/wp-json\/wp\/v2\/product_brand?post=424215"},{"taxonomy":"product_cat","embeddable":true,"href":"https:\/\/www.speedcube.nl\/de\/wp-json\/wp\/v2\/product_cat?post=424215"},{"taxonomy":"product_tag","embeddable":true,"href":"https:\/\/www.speedcube.nl\/de\/wp-json\/wp\/v2\/product_tag?post=424215"}],"curies":[{"name":"wp","href":"https:\/\/api.w.org\/{rel}","templated":true}]}}