{"id":424203,"date":"2023-09-13T14:15:21","date_gmt":"2023-09-13T12:15:21","guid":{"rendered":"https:\/\/www.speedcube.nl\/unkategorisiert\/magicyoyo-v8\/"},"modified":"2026-04-25T05:04:33","modified_gmt":"2026-04-25T03:04:33","slug":"magicyoyo-v8","status":"publish","type":"product","link":"https:\/\/www.speedcube.nl\/de\/yo-yos\/magicyoyo-de\/magicyoyo-v8\/","title":{"rendered":"MagicYoyo V8"},"content":{"rendered":"<p>Das MagicYOYO V8 ist ein Yo-Yo aus dem Jahr 2023 und ist f\u00fcr Anf\u00e4nger und Fortgeschrittene geeignet. Der V8 hat ein frisches und einpr\u00e4gsames Design mit auff\u00e4lligen Farbkombinationen.<\/p>\n<p>(Un)ansprechbar<\/p>\n","protected":false},"excerpt":{"rendered":"<p>MAGICYOYO<\/p>\n","protected":false},"featured_media":419991,"template":"","meta":{"_improvement_type_select":"improve_an_existing","_thumb_yes_seoaic":false,"_frame_yes_seoaic":false,"seoaic_generate_description":"","seoaic_improve_instructions_prompt":"","seoaic_rollback_content_improvement":"","seoaic_idea_thumbnail_generator":"","thumbnail_generated":false,"thumbnail_generate_prompt":"","seoaic_article_description":"","product-afmeting-lengte-mm":"","product-afmeting-breedte-mm":"","product-afmeting-hoogte-mm":""},"product_brand":[],"product_cat":[1572,1419,1705,1255,1238],"product_tag":[],"class_list":{"0":"post-424203","1":"product","2":"type-product","3":"status-publish","4":"has-post-thumbnail","6":"product_cat-aluminium-de","7":"product_cat-ansprechbar","8":"product_cat-magicyoyo-de","9":"product_cat-nicht-ansprechbar","10":"product_cat-yo-yos","11":"pa_merken-magicyoyo-de","13":"first","14":"instock","15":"taxable","16":"shipping-taxable","17":"purchasable","18":"product-type-variable"},"df_price":14.99,"df_sale_price":"","df_regular_price":14.99,"df_image_link":"https:\/\/www.speedcube.nl\/wp-content\/uploads\/2023\/09\/Productvisuals_yoyo-Magicyoyo-V8--285x300.jpg","_links":{"self":[{"href":"https:\/\/www.speedcube.nl\/de\/wp-json\/wp\/v2\/product\/424203","targetHints":{"allow":["GET"]}}],"collection":[{"href":"https:\/\/www.speedcube.nl\/de\/wp-json\/wp\/v2\/product"}],"about":[{"href":"https:\/\/www.speedcube.nl\/de\/wp-json\/wp\/v2\/types\/product"}],"version-history":[{"count":0,"href":"https:\/\/www.speedcube.nl\/de\/wp-json\/wp\/v2\/product\/424203\/revisions"}],"wp:featuredmedia":[{"embeddable":true,"href":"https:\/\/www.speedcube.nl\/de\/wp-json\/wp\/v2\/media\/419991"}],"wp:attachment":[{"href":"https:\/\/www.speedcube.nl\/de\/wp-json\/wp\/v2\/media?parent=424203"}],"wp:term":[{"taxonomy":"product_brand","embeddable":true,"href":"https:\/\/www.speedcube.nl\/de\/wp-json\/wp\/v2\/product_brand?post=424203"},{"taxonomy":"product_cat","embeddable":true,"href":"https:\/\/www.speedcube.nl\/de\/wp-json\/wp\/v2\/product_cat?post=424203"},{"taxonomy":"product_tag","embeddable":true,"href":"https:\/\/www.speedcube.nl\/de\/wp-json\/wp\/v2\/product_tag?post=424203"}],"curies":[{"name":"wp","href":"https:\/\/api.w.org\/{rel}","templated":true}]}}