{"id":424200,"date":"2023-09-08T13:09:47","date_gmt":"2023-09-08T11:09:47","guid":{"rendered":"https:\/\/www.speedcube.nl\/unkategorisiert\/unidragon-bubblezz-welpe\/"},"modified":"2026-04-10T05:01:58","modified_gmt":"2026-04-10T03:01:58","slug":"unidragon-bubblezz-welpe","status":"publish","type":"product","link":"https:\/\/www.speedcube.nl\/de\/aanbieding-de\/unidragon-bubblezz-welpe\/","title":{"rendered":"Unidragon Bubblezz Welpe"},"content":{"rendered":"<p>Dieser niedliche Welpe wird sich zum ultimativen Begleiter Ihres Kindes entwickeln! Er strahlt Liebe und Begeisterung f\u00fcr die Freundschaft aus und liebt es, Spiele zu spielen! Gemeinsam Zeit zu verbringen, ist sein gro\u00dfer Wunsch. Lass uns zusammen spielen, wo wir Puzzleteile in Form von Hunden finden und nach einem geheimnisvollen Drachen suchen. Mit 30 lebendigen und attraktiven Teilen aus nat\u00fcrlichen Materialien sind diese Puzzles nicht nur lustig, sondern auch lehrreich. Sie f\u00f6rdern die Entwicklung der Feinmotorik, der Logik und der Konzentration und sind daher f\u00fcr Kinder im Alter von 3 bis 5 Jahren bestens geeignet. Die St\u00fccke liegen gut in der Hand und die spezielle Lackbeschichtung verleiht ihnen einen sch\u00f6nen Glanz, der sie noch verf\u00fchrerischer macht. Jedes Teil ist sorgf\u00e4ltig gefertigt und f\u00fcgt sich nahtlos in die anderen ein, so dass das Puzzle Spa\u00df macht und reibungslos funktioniert. Ihr Kind wird gar nicht merken, wie schnell die Zeit vergeht, wenn es sein Puzzle zusammensetzt, und Sie werden angenehm \u00fcberrascht sein, wie viel Spa\u00df es mit Spielzeug hat, das gut und sicher ist. Verpassen Sie nicht diese einzigartige Puzzleserie, die Ihr Kind spielerisch besch\u00e4ftigt, involviert und spielerisch lernen l\u00e4sst!<\/p>\n<p>Die Puzzles sind aus 3 mm starkem, gepresstem HDF gefertigt. Dieses Material ist umweltfreundlich, hochwertig und langlebig. Wenn du mit dem Zusammensetzen fertig bist, darfst du das Puzzle nicht zur\u00fcck in den Schrank legen. Verwenden Sie es als Innendekoration! Zu diesem Zweck haben wir ein spezielles Klebesystem entwickelt, das das Puzzle zusammensetzt und an die Wand klebt.<\/p>\n","protected":false},"excerpt":{"rendered":"<p>UNIDRAGON<\/p>\n","protected":false},"featured_media":419578,"template":"","meta":{"_improvement_type_select":"improve_an_existing","_thumb_yes_seoaic":false,"_frame_yes_seoaic":false,"seoaic_generate_description":"","seoaic_improve_instructions_prompt":"","seoaic_rollback_content_improvement":"","seoaic_idea_thumbnail_generator":"","thumbnail_generated":false,"thumbnail_generate_prompt":"","seoaic_article_description":"","product-afmeting-lengte-mm":"250","product-afmeting-breedte-mm":"250","product-afmeting-hoogte-mm":"3"},"product_brand":[],"product_cat":[1613,1624,2558],"product_tag":[],"class_list":{"0":"post-424200","1":"product","2":"type-product","3":"status-publish","4":"has-post-thumbnail","6":"product_cat-ratsel-de","7":"product_cat-unidragon-de","8":"product_cat-aanbieding-de","9":"pa_merken-unidragon-de","11":"first","12":"instock","13":"sale","14":"taxable","15":"shipping-taxable","16":"purchasable","17":"product-type-simple"},"df_price":12.5,"df_sale_price":12.5,"df_regular_price":24.99,"df_image_link":"https:\/\/www.speedcube.nl\/wp-content\/uploads\/2023\/09\/Productvisuals_Puzzels-UNIDRAGON-Bubblezz-Puppy--285x300.jpg","_links":{"self":[{"href":"https:\/\/www.speedcube.nl\/de\/wp-json\/wp\/v2\/product\/424200","targetHints":{"allow":["GET"]}}],"collection":[{"href":"https:\/\/www.speedcube.nl\/de\/wp-json\/wp\/v2\/product"}],"about":[{"href":"https:\/\/www.speedcube.nl\/de\/wp-json\/wp\/v2\/types\/product"}],"version-history":[{"count":0,"href":"https:\/\/www.speedcube.nl\/de\/wp-json\/wp\/v2\/product\/424200\/revisions"}],"wp:featuredmedia":[{"embeddable":true,"href":"https:\/\/www.speedcube.nl\/de\/wp-json\/wp\/v2\/media\/419578"}],"wp:attachment":[{"href":"https:\/\/www.speedcube.nl\/de\/wp-json\/wp\/v2\/media?parent=424200"}],"wp:term":[{"taxonomy":"product_brand","embeddable":true,"href":"https:\/\/www.speedcube.nl\/de\/wp-json\/wp\/v2\/product_brand?post=424200"},{"taxonomy":"product_cat","embeddable":true,"href":"https:\/\/www.speedcube.nl\/de\/wp-json\/wp\/v2\/product_cat?post=424200"},{"taxonomy":"product_tag","embeddable":true,"href":"https:\/\/www.speedcube.nl\/de\/wp-json\/wp\/v2\/product_tag?post=424200"}],"curies":[{"name":"wp","href":"https:\/\/api.w.org\/{rel}","templated":true}]}}