{"id":424199,"date":"2023-09-08T14:39:29","date_gmt":"2023-09-08T12:39:29","guid":{"rendered":"https:\/\/www.speedcube.nl\/unkategorisiert\/unidragon-abstraktion-gleichzeitige-abstraktion\/"},"modified":"2026-04-16T05:27:04","modified_gmt":"2026-04-16T03:27:04","slug":"unidragon-abstraktion-gleichzeitige-abstraktion","status":"publish","type":"product","link":"https:\/\/www.speedcube.nl\/de\/ugears\/unidragon-abstraktion-gleichzeitige-abstraktion\/","title":{"rendered":"Unidragon Abstraktion Gleichzeitige Abstraktion"},"content":{"rendered":"<p>Streifen und Br\u00fcche &#8211; zwei Gegens\u00e4tze &#8211; verschmelzen in diesem meditativen Design und schaffen eine Halluzination, \u00fcber die man endlos nachdenken m\u00f6chte. Parallele Linien scheinen die Richtung der Komposition vorzugeben, doch pl\u00f6tzlich werden sie unterbrochen und sind wiederholte geometrische Muster. Sammeln Sie Ihre Gedanken und entwirren Sie das R\u00e4tsel dieser &#8222;gleichzeitigen Abstraktion&#8220;. Tauchen Sie mit diesem Unidragon Mind-Breaker aus der Kollektion Abstraction in unendliche geometrische Muster, Spiralen, seltsam verschlungene Linien und verbl\u00fcffende R\u00e4ume ein. Bringen Sie die Zeit zum Stillstand, w\u00e4hrend Sie diese anspruchsvollen geometrischen R\u00e4tsel l\u00f6sen. Jedes ist eine echte Herausforderung und besteht aus 100 Teilen. Nach der Fertigstellung werden Sie mit echter Zufriedenheit belohnt. Au\u00dferdem kannst du alle 4 Puzzles der Serie zu einem gro\u00dfen Kunstwerk zusammensetzen! Die unebenen Kanten der Puzzles dienen nicht nur als Dekoration, sondern auch als Verbindungselement f\u00fcr andere Puzzles der Serie. Auf diese Weise k\u00f6nnen Sie ein sch\u00f6nes und einzigartiges Ensemble schaffen, das Aufmerksamkeit und Bewunderung erregt. Entfesseln Sie Ihre Kreativit\u00e4t und entdecken Sie die unendlichen M\u00f6glichkeiten des Unidragon Mind-Breaker aus der Kollektion Abstraction. Viel Spa\u00df beim L\u00f6sen der R\u00e4tsel und beim Staunen \u00fcber die Sch\u00f6nheit der Mathematik und Geometrie.<\/p>\n<p>Die Puzzles sind aus 3 mm starkem, gepresstem HDF gefertigt. Dieses Material ist umweltfreundlich, hochwertig und langlebig. Wenn du mit dem Zusammensetzen fertig bist, darfst du das Puzzle nicht zur\u00fcck in den Schrank legen. Verwenden Sie es als Innendekoration! Zu diesem Zweck haben wir ein spezielles Klebesystem entwickelt, das das Puzzle zusammensetzt und an die Wand klebt.<\/p>\n","protected":false},"excerpt":{"rendered":"<p>UNIDRAGON<\/p>\n","protected":false},"featured_media":419684,"template":"","meta":{"_improvement_type_select":"improve_an_existing","_thumb_yes_seoaic":false,"_frame_yes_seoaic":false,"seoaic_generate_description":"","seoaic_improve_instructions_prompt":"","seoaic_rollback_content_improvement":"","seoaic_idea_thumbnail_generator":"","thumbnail_generated":false,"thumbnail_generate_prompt":"","seoaic_article_description":"","product-afmeting-lengte-mm":"217","product-afmeting-breedte-mm":"217","product-afmeting-hoogte-mm":"3"},"product_brand":[],"product_cat":[1499,5352,2558],"product_tag":[],"class_list":{"0":"post-424199","1":"product","2":"type-product","3":"status-publish","4":"has-post-thumbnail","6":"product_cat-modellbau","7":"product_cat-ugears","8":"product_cat-aanbieding-de","9":"pa_merken-unidragon-de","11":"first","12":"instock","13":"sale","14":"taxable","15":"shipping-taxable","16":"purchasable","17":"product-type-simple"},"df_price":20.5,"df_sale_price":20.5,"df_regular_price":40.99,"df_image_link":"https:\/\/www.speedcube.nl\/wp-content\/uploads\/2023\/09\/Productvisuals_Puzzels-UNIDRAGON-Concurrent-Abstraction--285x300.jpg","_links":{"self":[{"href":"https:\/\/www.speedcube.nl\/de\/wp-json\/wp\/v2\/product\/424199","targetHints":{"allow":["GET"]}}],"collection":[{"href":"https:\/\/www.speedcube.nl\/de\/wp-json\/wp\/v2\/product"}],"about":[{"href":"https:\/\/www.speedcube.nl\/de\/wp-json\/wp\/v2\/types\/product"}],"version-history":[{"count":0,"href":"https:\/\/www.speedcube.nl\/de\/wp-json\/wp\/v2\/product\/424199\/revisions"}],"wp:featuredmedia":[{"embeddable":true,"href":"https:\/\/www.speedcube.nl\/de\/wp-json\/wp\/v2\/media\/419684"}],"wp:attachment":[{"href":"https:\/\/www.speedcube.nl\/de\/wp-json\/wp\/v2\/media?parent=424199"}],"wp:term":[{"taxonomy":"product_brand","embeddable":true,"href":"https:\/\/www.speedcube.nl\/de\/wp-json\/wp\/v2\/product_brand?post=424199"},{"taxonomy":"product_cat","embeddable":true,"href":"https:\/\/www.speedcube.nl\/de\/wp-json\/wp\/v2\/product_cat?post=424199"},{"taxonomy":"product_tag","embeddable":true,"href":"https:\/\/www.speedcube.nl\/de\/wp-json\/wp\/v2\/product_tag?post=424199"}],"curies":[{"name":"wp","href":"https:\/\/api.w.org\/{rel}","templated":true}]}}